{"id":13645,"date":"2023-10-23T17:58:34","date_gmt":"2023-10-23T16:58:34","guid":{"rendered":"https:\/\/baralivres.ma\/?post_type=product&#038;p=13645"},"modified":"2023-10-23T17:58:34","modified_gmt":"2023-10-23T16:58:34","slug":"le-cercle","status":"publish","type":"product","link":"https:\/\/baralivres.ma\/?product=le-cercle","title":{"rendered":"Le Cercle"},"content":{"rendered":"<p>Un coup de t\u00e9l\u00e9phone surgit du pass\u00e9, suivi d&rsquo;un e-mail \u00e9nigmatique, laissant penser au possible retour du plus retors des tueurs en s\u00e9rie, plongeant ainsi le commandant Martin Servaz dans une enqu\u00eate p\u00e9rilleuse, la plus personnelle qu&rsquo;il ait jamais eu \u00e0 mener. Un professeur sp\u00e9cialis\u00e9 dans les civilisations antiques est assassin\u00e9, tandis qu&rsquo;un \u00e9leveur de chiens est tragiquement d\u00e9vor\u00e9 par ses propres animaux. Pourquoi la mort semble-t-elle pers\u00e9cuter Marsac, une petite ville universitaire du Sud-Ouest, ainsi que son groupe d&rsquo;\u00e9tudiants compos\u00e9 de l&rsquo;\u00e9lite de la r\u00e9gion ? Confront\u00e9 \u00e0 un monde effroyable empreint de perversion, Servaz se voit contraint de rouvrir d&rsquo;anciennes et douloureuses cicatrices tout en faisant l&rsquo;apprentissage de la peur, \u00e0 la fois pour lui-m\u00eame et pour ses proches.<\/p>\n","protected":false},"excerpt":{"rendered":"<p>Un d\u00e9tective enqu\u00eate sur une s\u00e9rie de meurtres \u00e0 Marsac, r\u00e9veillant des d\u00e9mons personnels du pass\u00e9.<\/p>\n","protected":false},"featured_media":13646,"comment_status":"open","ping_status":"closed","template":"","meta":{"inline_featured_image":false},"product_cat":[204,143],"product_tag":[],"class_list":{"0":"post-13645","1":"product","2":"type-product","3":"status-publish","4":"has-post-thumbnail","6":"product_cat-francais","7":"product_cat-roman","8":"pa_auteurs-bernard-minier","10":"first","11":"instock","12":"shipping-taxable","13":"purchasable","14":"product-type-simple"},"_links":{"self":[{"href":"https:\/\/baralivres.ma\/index.php?rest_route=\/wp\/v2\/product\/13645","targetHints":{"allow":["GET"]}}],"collection":[{"href":"https:\/\/baralivres.ma\/index.php?rest_route=\/wp\/v2\/product"}],"about":[{"href":"https:\/\/baralivres.ma\/index.php?rest_route=\/wp\/v2\/types\/product"}],"replies":[{"embeddable":true,"href":"https:\/\/baralivres.ma\/index.php?rest_route=%2Fwp%2Fv2%2Fcomments&post=13645"}],"version-history":[{"count":1,"href":"https:\/\/baralivres.ma\/index.php?rest_route=\/wp\/v2\/product\/13645\/revisions"}],"predecessor-version":[{"id":13647,"href":"https:\/\/baralivres.ma\/index.php?rest_route=\/wp\/v2\/product\/13645\/revisions\/13647"}],"wp:featuredmedia":[{"embeddable":true,"href":"https:\/\/baralivres.ma\/index.php?rest_route=\/wp\/v2\/media\/13646"}],"wp:attachment":[{"href":"https:\/\/baralivres.ma\/index.php?rest_route=%2Fwp%2Fv2%2Fmedia&parent=13645"}],"wp:term":[{"taxonomy":"product_cat","embeddable":true,"href":"https:\/\/baralivres.ma\/index.php?rest_route=%2Fwp%2Fv2%2Fproduct_cat&post=13645"},{"taxonomy":"product_tag","embeddable":true,"href":"https:\/\/baralivres.ma\/index.php?rest_route=%2Fwp%2Fv2%2Fproduct_tag&post=13645"}],"curies":[{"name":"wp","href":"https:\/\/api.w.org\/{rel}","templated":true}]}}