{"id":13642,"date":"2023-10-23T17:30:15","date_gmt":"2023-10-23T16:30:15","guid":{"rendered":"https:\/\/baralivres.ma\/?post_type=product&#038;p=13642"},"modified":"2023-10-23T17:30:15","modified_gmt":"2023-10-23T16:30:15","slug":"une-putain-dhistoire","status":"publish","type":"product","link":"https:\/\/baralivres.ma\/?product=une-putain-dhistoire","title":{"rendered":"Une putain d&rsquo;histoire"},"content":{"rendered":"<p>Au commencement, la peur r\u00e9gnait en ma\u00eetre&#8230;<\/p>\n<p>Sous les assauts des flots en furie, une main s&rsquo;\u00e9levait en direction du ciel. Un pont de navire vacillant, la pluie torrentielle qui martelait, et la nuit&#8230; Le pr\u00e9lude d&rsquo;une histoire maudite. Une histoire m\u00ealant l&rsquo;amour et l&rsquo;effroi, le tumulte et la rage. C&rsquo;est l&rsquo;histoire d&rsquo;Henry, un jeune de 17 ans, dont la petite amie a \u00e9t\u00e9 victime d&rsquo;un meurtre, le plongeant dans le tourbillon de la suspicion. Sur Glass Island, cette \u00eele balay\u00e9e par des vents impitoyables, envelopp\u00e9e dans la brume 360 jours par an et uniquement accessible<\/p>\n","protected":false},"excerpt":{"rendered":"<p>Henry, 17 ans, enqu\u00eate sur le meurtre de sa petite amie sur une \u00eele isol\u00e9e et myst\u00e9rieuse.<\/p>\n","protected":false},"featured_media":13643,"comment_status":"open","ping_status":"closed","template":"","meta":{"inline_featured_image":false},"product_cat":[204,143],"product_tag":[],"class_list":{"0":"post-13642","1":"product","2":"type-product","3":"status-publish","4":"has-post-thumbnail","6":"product_cat-francais","7":"product_cat-roman","8":"pa_auteurs-bernard-minier","10":"first","11":"instock","12":"shipping-taxable","13":"purchasable","14":"product-type-simple"},"_links":{"self":[{"href":"https:\/\/baralivres.ma\/index.php?rest_route=\/wp\/v2\/product\/13642","targetHints":{"allow":["GET"]}}],"collection":[{"href":"https:\/\/baralivres.ma\/index.php?rest_route=\/wp\/v2\/product"}],"about":[{"href":"https:\/\/baralivres.ma\/index.php?rest_route=\/wp\/v2\/types\/product"}],"replies":[{"embeddable":true,"href":"https:\/\/baralivres.ma\/index.php?rest_route=%2Fwp%2Fv2%2Fcomments&post=13642"}],"version-history":[{"count":1,"href":"https:\/\/baralivres.ma\/index.php?rest_route=\/wp\/v2\/product\/13642\/revisions"}],"predecessor-version":[{"id":13644,"href":"https:\/\/baralivres.ma\/index.php?rest_route=\/wp\/v2\/product\/13642\/revisions\/13644"}],"wp:featuredmedia":[{"embeddable":true,"href":"https:\/\/baralivres.ma\/index.php?rest_route=\/wp\/v2\/media\/13643"}],"wp:attachment":[{"href":"https:\/\/baralivres.ma\/index.php?rest_route=%2Fwp%2Fv2%2Fmedia&parent=13642"}],"wp:term":[{"taxonomy":"product_cat","embeddable":true,"href":"https:\/\/baralivres.ma\/index.php?rest_route=%2Fwp%2Fv2%2Fproduct_cat&post=13642"},{"taxonomy":"product_tag","embeddable":true,"href":"https:\/\/baralivres.ma\/index.php?rest_route=%2Fwp%2Fv2%2Fproduct_tag&post=13642"}],"curies":[{"name":"wp","href":"https:\/\/api.w.org\/{rel}","templated":true}]}}