{"id":13638,"date":"2023-10-23T15:24:21","date_gmt":"2023-10-23T14:24:21","guid":{"rendered":"https:\/\/baralivres.ma\/?post_type=product&#038;p=13638"},"modified":"2023-10-23T15:24:21","modified_gmt":"2023-10-23T14:24:21","slug":"si-cest-un-homme","status":"publish","type":"product","link":"https:\/\/baralivres.ma\/?product=si-cest-un-homme","title":{"rendered":"Si c&rsquo;est un homme"},"content":{"rendered":"<p>\u00a0\u00bb On est volontiers persuad\u00e9 d&rsquo;avoir lu beaucoup de choses \u00e0 propos de l&rsquo;holocauste, on est convaincu d&rsquo;en savoir au moins autant. Et, convenons-en avec une sinc\u00e9rit\u00e9 \u00e9gale au sentiment de la honte, quelquefois, devant l&rsquo;accumulation, on a envie de crier gr\u00e2ce.<br \/>\nC&rsquo;est que l&rsquo;on n&rsquo;a pas encore entendu Levi analyser la nature complexe de l&rsquo;\u00e9tat du malheur.<br \/>\nPeu l&rsquo;ont prouv\u00e9 aussi bien que Levi, qui a l&rsquo;air de nous retenir par les basques au bord du mena\u00e7ant oubli : si la litt\u00e9rature n&rsquo;est pas \u00e9crite pour rappeler les morts aux vivants, elle n&rsquo;est que futilit\u00e9. \u00a0\u00bb<br \/>\n<b>Angelo Rinaldi<\/b><\/p>\n","protected":false},"excerpt":{"rendered":"<div class=\"group final-completion w-full text-token-text-primary border-b border-black\/10 gizmo:border-0 dark:border-gray-900\/50 gizmo:dark:border-0 bg-gray-50 gizmo:bg-transparent dark:bg-[#444654] gizmo:dark:bg-transparent\" data-testid=\"conversation-turn-119\">\n<div class=\"p-4 justify-center text-base md:gap-6 md:py-6 m-auto\">\n<div class=\"flex flex-1 gap-4 text-base mx-auto md:gap-6 gizmo:gap-3 gizmo:md:px-5 gizmo:lg:px-1 gizmo:xl:px-5 md:max-w-2xl lg:max-w-[38rem] gizmo:md:max-w-3xl gizmo:lg:max-w-[40rem] gizmo:xl:max-w-[48rem] xl:max-w-3xl }\">\n<div class=\"relative flex w-[calc(100%-50px)] flex-col gizmo:w-full lg:w-[calc(100%-115px)] agent-turn\">\n<div class=\"flex-col gap-1 md:gap-3\">\n<div class=\"flex flex-grow flex-col gap-3 max-w-full\">\n<div class=\"min-h-[20px] flex flex-col items-start gap-3 whitespace-pre-wrap break-words overflow-x-auto\">\n<div class=\"markdown prose w-full break-words dark:prose-invert light\">\n<p>Primo Levi souligne l&rsquo;importance de rappeler l&rsquo;Holocauste pour \u00e9viter l&rsquo;oubli, montrant que la litt\u00e9rature a un r\u00f4le essentiel dans cette t\u00e2che.<\/p>\n<\/div>\n<\/div>\n<\/div>\n<div class=\"flex justify-between empty:hidden gizmo:justify-start gizmo:gap-3 lg:block\">\n<div class=\"text-gray-400 flex self-end lg:self-center justify-center gizmo:lg:justify-start mt-2 gizmo:mt-0 visible lg:gap-1 lg:absolute lg:top-0 lg:translate-x-full lg:right-0 lg:mt-0 lg:pl-2 gap-2 md:gap-3\"><button class=\"flex ml-auto gizmo:ml-0 gap-2 items-center rounded-md p-1 text-xs gizmo:gap-1.5 gizmo:pl-0 dark:text-gray-400 dark:hover:bg-gray-700 dark:hover:text-gray-200 disabled:dark:hover:text-gray-400 hover:bg-gray-100 hover:text-gray-700\"><\/button><\/p>\n<div class=\"flex gap-1 gizmo:gap-3\"><\/div>\n<\/div>\n<\/div>\n<\/div>\n<\/div>\n<\/div>\n<\/div>\n<\/div>\n","protected":false},"featured_media":13639,"comment_status":"open","ping_status":"closed","template":"","meta":{"inline_featured_image":false},"product_cat":[204],"product_tag":[],"class_list":{"0":"post-13638","1":"product","2":"type-product","3":"status-publish","4":"has-post-thumbnail","6":"product_cat-francais","7":"pa_auteurs-primo-levi","9":"first","10":"instock","11":"shipping-taxable","12":"purchasable","13":"product-type-simple"},"_links":{"self":[{"href":"https:\/\/baralivres.ma\/index.php?rest_route=\/wp\/v2\/product\/13638","targetHints":{"allow":["GET"]}}],"collection":[{"href":"https:\/\/baralivres.ma\/index.php?rest_route=\/wp\/v2\/product"}],"about":[{"href":"https:\/\/baralivres.ma\/index.php?rest_route=\/wp\/v2\/types\/product"}],"replies":[{"embeddable":true,"href":"https:\/\/baralivres.ma\/index.php?rest_route=%2Fwp%2Fv2%2Fcomments&post=13638"}],"version-history":[{"count":1,"href":"https:\/\/baralivres.ma\/index.php?rest_route=\/wp\/v2\/product\/13638\/revisions"}],"predecessor-version":[{"id":13640,"href":"https:\/\/baralivres.ma\/index.php?rest_route=\/wp\/v2\/product\/13638\/revisions\/13640"}],"wp:featuredmedia":[{"embeddable":true,"href":"https:\/\/baralivres.ma\/index.php?rest_route=\/wp\/v2\/media\/13639"}],"wp:attachment":[{"href":"https:\/\/baralivres.ma\/index.php?rest_route=%2Fwp%2Fv2%2Fmedia&parent=13638"}],"wp:term":[{"taxonomy":"product_cat","embeddable":true,"href":"https:\/\/baralivres.ma\/index.php?rest_route=%2Fwp%2Fv2%2Fproduct_cat&post=13638"},{"taxonomy":"product_tag","embeddable":true,"href":"https:\/\/baralivres.ma\/index.php?rest_route=%2Fwp%2Fv2%2Fproduct_tag&post=13638"}],"curies":[{"name":"wp","href":"https:\/\/api.w.org\/{rel}","templated":true}]}}