{"id":13632,"date":"2023-10-23T15:00:04","date_gmt":"2023-10-23T14:00:04","guid":{"rendered":"https:\/\/baralivres.ma\/?post_type=product&#038;p=13632"},"modified":"2023-10-23T15:00:04","modified_gmt":"2023-10-23T14:00:04","slug":"le-k","status":"publish","type":"product","link":"https:\/\/baralivres.ma\/?product=le-k","title":{"rendered":"Le K"},"content":{"rendered":"<p>Le K, devenu un classique du XXe si\u00e8cle aux c\u00f4t\u00e9s du D\u00e9sert des Tartares, est le point de d\u00e9part d&rsquo;un recueil de 50 contes fantastiques de Dino Buzzati. Ces r\u00e9cits abordent des th\u00e8mes tels que l&rsquo;\u00e9coulement inexorable du temps, la condition mortelle de l&rsquo;humanit\u00e9, l&rsquo;angoisse de l&rsquo;existence, l&rsquo;in\u00e9luctabilit\u00e9 de l&rsquo;\u00e9chec, le myst\u00e8re de la souffrance et du mal. Ils offrent des histoires merveilleuses, m\u00e9lancoliques ou inqui\u00e9tantes pour tenter de saisir l&rsquo;ineffable r\u00e9alit\u00e9 de l&rsquo;existence humaine.<\/p>\n","protected":false},"excerpt":{"rendered":"<p>\u00ab\u00a0Le K\u00a0\u00bb de Dino Buzzati, un recueil de 50 contes, explore des th\u00e8mes universels tels que la mortalit\u00e9 et l&rsquo;angoisse existentielle.<\/p>\n","protected":false},"featured_media":13633,"comment_status":"open","ping_status":"closed","template":"","meta":{"inline_featured_image":false},"product_cat":[143,178],"product_tag":[],"class_list":{"0":"post-13632","1":"product","2":"type-product","3":"status-publish","4":"has-post-thumbnail","6":"product_cat-roman","7":"product_cat-contemporain","8":"pa_auteurs-dino-buzzati","10":"first","11":"instock","12":"shipping-taxable","13":"purchasable","14":"product-type-simple"},"_links":{"self":[{"href":"https:\/\/baralivres.ma\/index.php?rest_route=\/wp\/v2\/product\/13632","targetHints":{"allow":["GET"]}}],"collection":[{"href":"https:\/\/baralivres.ma\/index.php?rest_route=\/wp\/v2\/product"}],"about":[{"href":"https:\/\/baralivres.ma\/index.php?rest_route=\/wp\/v2\/types\/product"}],"replies":[{"embeddable":true,"href":"https:\/\/baralivres.ma\/index.php?rest_route=%2Fwp%2Fv2%2Fcomments&post=13632"}],"version-history":[{"count":1,"href":"https:\/\/baralivres.ma\/index.php?rest_route=\/wp\/v2\/product\/13632\/revisions"}],"predecessor-version":[{"id":13634,"href":"https:\/\/baralivres.ma\/index.php?rest_route=\/wp\/v2\/product\/13632\/revisions\/13634"}],"wp:featuredmedia":[{"embeddable":true,"href":"https:\/\/baralivres.ma\/index.php?rest_route=\/wp\/v2\/media\/13633"}],"wp:attachment":[{"href":"https:\/\/baralivres.ma\/index.php?rest_route=%2Fwp%2Fv2%2Fmedia&parent=13632"}],"wp:term":[{"taxonomy":"product_cat","embeddable":true,"href":"https:\/\/baralivres.ma\/index.php?rest_route=%2Fwp%2Fv2%2Fproduct_cat&post=13632"},{"taxonomy":"product_tag","embeddable":true,"href":"https:\/\/baralivres.ma\/index.php?rest_route=%2Fwp%2Fv2%2Fproduct_tag&post=13632"}],"curies":[{"name":"wp","href":"https:\/\/api.w.org\/{rel}","templated":true}]}}