{"id":13620,"date":"2023-10-23T14:34:44","date_gmt":"2023-10-23T13:34:44","guid":{"rendered":"https:\/\/baralivres.ma\/?post_type=product&#038;p=13620"},"modified":"2023-10-23T14:34:45","modified_gmt":"2023-10-23T13:34:45","slug":"sans-retour","status":"publish","type":"product","link":"https:\/\/baralivres.ma\/?product=sans-retour","title":{"rendered":"Sans retour"},"content":{"rendered":"<p>Bill, \u00e0 la t\u00eate de l&rsquo;unit\u00e9 de traumatologie des urgences de l&rsquo;H\u00f4pital g\u00e9n\u00e9ral de San Francisco, Stephanie, une \u00e9toile montante de son h\u00f4pital universitaire, Wendy, une brillante m\u00e9decin, et Tom, un chirurgien populaire, sont tous absorb\u00e9s par leur travail, mais une invitation \u00e0 Paris pour partager leurs pratiques offre une pause bienvenue. Cependant, une prise d&rsquo;otages dans une \u00e9cole bouleverse leurs vies et les lie de mani\u00e8re inattendue.<\/p>\n","protected":false},"excerpt":{"rendered":"<p>Quatre professionnels de la m\u00e9decine, Bill, Stephanie, Wendy et Tom, sont r\u00e9unis lors d&rsquo;une prise d&rsquo;otages \u00e0 Paris, bouleversant leur existence de mani\u00e8re inattendue.<\/p>\n","protected":false},"featured_media":13622,"comment_status":"open","ping_status":"closed","template":"","meta":{"inline_featured_image":false},"product_cat":[204],"product_tag":[],"class_list":{"0":"post-13620","1":"product","2":"type-product","3":"status-publish","4":"has-post-thumbnail","6":"product_cat-francais","7":"pa_auteurs-danielle-steel","9":"first","10":"instock","11":"shipping-taxable","12":"purchasable","13":"product-type-simple"},"_links":{"self":[{"href":"https:\/\/baralivres.ma\/index.php?rest_route=\/wp\/v2\/product\/13620","targetHints":{"allow":["GET"]}}],"collection":[{"href":"https:\/\/baralivres.ma\/index.php?rest_route=\/wp\/v2\/product"}],"about":[{"href":"https:\/\/baralivres.ma\/index.php?rest_route=\/wp\/v2\/types\/product"}],"replies":[{"embeddable":true,"href":"https:\/\/baralivres.ma\/index.php?rest_route=%2Fwp%2Fv2%2Fcomments&post=13620"}],"version-history":[{"count":1,"href":"https:\/\/baralivres.ma\/index.php?rest_route=\/wp\/v2\/product\/13620\/revisions"}],"predecessor-version":[{"id":13623,"href":"https:\/\/baralivres.ma\/index.php?rest_route=\/wp\/v2\/product\/13620\/revisions\/13623"}],"wp:featuredmedia":[{"embeddable":true,"href":"https:\/\/baralivres.ma\/index.php?rest_route=\/wp\/v2\/media\/13622"}],"wp:attachment":[{"href":"https:\/\/baralivres.ma\/index.php?rest_route=%2Fwp%2Fv2%2Fmedia&parent=13620"}],"wp:term":[{"taxonomy":"product_cat","embeddable":true,"href":"https:\/\/baralivres.ma\/index.php?rest_route=%2Fwp%2Fv2%2Fproduct_cat&post=13620"},{"taxonomy":"product_tag","embeddable":true,"href":"https:\/\/baralivres.ma\/index.php?rest_route=%2Fwp%2Fv2%2Fproduct_tag&post=13620"}],"curies":[{"name":"wp","href":"https:\/\/api.w.org\/{rel}","templated":true}]}}