{"id":13612,"date":"2023-10-23T13:03:12","date_gmt":"2023-10-23T12:03:12","guid":{"rendered":"https:\/\/baralivres.ma\/?post_type=product&#038;p=13612"},"modified":"2023-10-23T13:03:12","modified_gmt":"2023-10-23T12:03:12","slug":"la-medaille","status":"publish","type":"product","link":"https:\/\/baralivres.ma\/?product=la-medaille","title":{"rendered":"La M\u00e9daille"},"content":{"rendered":"<p>En 1940, dans un village de la r\u00e9gion lyonnaise, Ga\u00eblle de Barbet est t\u00e9moin de l&rsquo;arrestation de sa meilleure amie par la police fran\u00e7aise et de la r\u00e9quisition de leur demeure familiale par un commandant allemand, tandis que son p\u00e8re est tu\u00e9 par l&rsquo;occupant et sa m\u00e8re sombre dans la folie. D\u00e9termin\u00e9e, Ga\u00eblle s&rsquo;engage dans la R\u00e9sistance, sauvant de nombreux enfants juifs des nazis. Malgr\u00e9 des accusations de collaboration injustes \u00e0 la fin de la guerre, elle part \u00e0 Paris pour recommencer sa vie. Des ann\u00e9es plus tard, sa petite-fille se bat pour que l&rsquo;h\u00e9ro\u00efsme de Ga\u00eblle soit enfin reconnu.<\/p>\n","protected":false},"excerpt":{"rendered":"<p>Ga\u00eblle, apr\u00e8s des trag\u00e9dies pendant la Seconde Guerre mondiale, devient une h\u00e9ro\u00efne de la R\u00e9sistance, mais doit lutter pour que sa bravoure soit reconnue des ann\u00e9es plus tard par sa petite-fille.<\/p>\n","protected":false},"featured_media":13615,"comment_status":"open","ping_status":"closed","template":"","meta":{"inline_featured_image":false},"product_cat":[204,143],"product_tag":[],"class_list":{"0":"post-13612","1":"product","2":"type-product","3":"status-publish","4":"has-post-thumbnail","6":"product_cat-francais","7":"product_cat-roman","8":"pa_auteurs-danielle-steel","10":"first","11":"instock","12":"shipping-taxable","13":"purchasable","14":"product-type-simple"},"_links":{"self":[{"href":"https:\/\/baralivres.ma\/index.php?rest_route=\/wp\/v2\/product\/13612","targetHints":{"allow":["GET"]}}],"collection":[{"href":"https:\/\/baralivres.ma\/index.php?rest_route=\/wp\/v2\/product"}],"about":[{"href":"https:\/\/baralivres.ma\/index.php?rest_route=\/wp\/v2\/types\/product"}],"replies":[{"embeddable":true,"href":"https:\/\/baralivres.ma\/index.php?rest_route=%2Fwp%2Fv2%2Fcomments&post=13612"}],"version-history":[{"count":1,"href":"https:\/\/baralivres.ma\/index.php?rest_route=\/wp\/v2\/product\/13612\/revisions"}],"predecessor-version":[{"id":13616,"href":"https:\/\/baralivres.ma\/index.php?rest_route=\/wp\/v2\/product\/13612\/revisions\/13616"}],"wp:featuredmedia":[{"embeddable":true,"href":"https:\/\/baralivres.ma\/index.php?rest_route=\/wp\/v2\/media\/13615"}],"wp:attachment":[{"href":"https:\/\/baralivres.ma\/index.php?rest_route=%2Fwp%2Fv2%2Fmedia&parent=13612"}],"wp:term":[{"taxonomy":"product_cat","embeddable":true,"href":"https:\/\/baralivres.ma\/index.php?rest_route=%2Fwp%2Fv2%2Fproduct_cat&post=13612"},{"taxonomy":"product_tag","embeddable":true,"href":"https:\/\/baralivres.ma\/index.php?rest_route=%2Fwp%2Fv2%2Fproduct_tag&post=13612"}],"curies":[{"name":"wp","href":"https:\/\/api.w.org\/{rel}","templated":true}]}}