{"id":13605,"date":"2023-10-23T12:58:34","date_gmt":"2023-10-23T11:58:34","guid":{"rendered":"https:\/\/baralivres.ma\/?post_type=product&#038;p=13605"},"modified":"2023-10-23T12:58:35","modified_gmt":"2023-10-23T11:58:35","slug":"cadeaux-inestimables","status":"publish","type":"product","link":"https:\/\/baralivres.ma\/?product=cadeaux-inestimables","title":{"rendered":"Cadeaux inestimables"},"content":{"rendered":"<p>Paul, un p\u00e8re souvent absent, d\u00e9c\u00e8de soudainement, laissant \u00e0 sa famille un h\u00e9ritage surprenant qui impacte leur vie de mani\u00e8re inattendue. Sa fille a\u00een\u00e9e re\u00e7oit des fonds pour ouvrir un centre d&rsquo;accueil, la cadette est encourag\u00e9e \u00e0 voyager, la benjamine peut poursuivre son r\u00eave d&rsquo;actrice, et son ex-femme V\u00e9ronique doit partir en Europe \u00e0 la recherche de l&rsquo;auteur d&rsquo;un myst\u00e9rieux tableau, les entra\u00eenant dans un voyage de transformation de Rome \u00e0 Paris, de New York \u00e0 Venise.<\/p>\n","protected":false},"excerpt":{"rendered":"<p>Apr\u00e8s la mort de leur p\u00e8re, sa famille re\u00e7oit un h\u00e9ritage inattendu qui transforme leur vie \u00e0 travers des voyages et des d\u00e9fis artistiques.<\/p>\n","protected":false},"featured_media":13609,"comment_status":"open","ping_status":"closed","template":"","meta":{"inline_featured_image":false},"product_cat":[204,143],"product_tag":[],"class_list":{"0":"post-13605","1":"product","2":"type-product","3":"status-publish","4":"has-post-thumbnail","6":"product_cat-francais","7":"product_cat-roman","8":"pa_auteurs-danielle-steel","10":"first","11":"instock","12":"shipping-taxable","13":"purchasable","14":"product-type-simple"},"_links":{"self":[{"href":"https:\/\/baralivres.ma\/index.php?rest_route=\/wp\/v2\/product\/13605","targetHints":{"allow":["GET"]}}],"collection":[{"href":"https:\/\/baralivres.ma\/index.php?rest_route=\/wp\/v2\/product"}],"about":[{"href":"https:\/\/baralivres.ma\/index.php?rest_route=\/wp\/v2\/types\/product"}],"replies":[{"embeddable":true,"href":"https:\/\/baralivres.ma\/index.php?rest_route=%2Fwp%2Fv2%2Fcomments&post=13605"}],"version-history":[{"count":1,"href":"https:\/\/baralivres.ma\/index.php?rest_route=\/wp\/v2\/product\/13605\/revisions"}],"predecessor-version":[{"id":13610,"href":"https:\/\/baralivres.ma\/index.php?rest_route=\/wp\/v2\/product\/13605\/revisions\/13610"}],"wp:featuredmedia":[{"embeddable":true,"href":"https:\/\/baralivres.ma\/index.php?rest_route=\/wp\/v2\/media\/13609"}],"wp:attachment":[{"href":"https:\/\/baralivres.ma\/index.php?rest_route=%2Fwp%2Fv2%2Fmedia&parent=13605"}],"wp:term":[{"taxonomy":"product_cat","embeddable":true,"href":"https:\/\/baralivres.ma\/index.php?rest_route=%2Fwp%2Fv2%2Fproduct_cat&post=13605"},{"taxonomy":"product_tag","embeddable":true,"href":"https:\/\/baralivres.ma\/index.php?rest_route=%2Fwp%2Fv2%2Fproduct_tag&post=13605"}],"curies":[{"name":"wp","href":"https:\/\/api.w.org\/{rel}","templated":true}]}}