{"id":13604,"date":"2023-10-23T12:56:58","date_gmt":"2023-10-23T11:56:58","guid":{"rendered":"https:\/\/baralivres.ma\/?post_type=product&#038;p=13604"},"modified":"2023-10-23T12:56:58","modified_gmt":"2023-10-23T11:56:58","slug":"m-le-bord-de-labime","status":"publish","type":"product","link":"https:\/\/baralivres.ma\/?product=m-le-bord-de-labime","title":{"rendered":"M, le bord de l&rsquo;ab\u00eeme"},"content":{"rendered":"<p>\u00c0 Hong Kong, au milieu de ses rues anim\u00e9es et ses enseignes lumineuses qui ne connaissent pas le sommeil, la m\u00e9tropole s&rsquo;\u00e9l\u00e8ve avec ses gratte-ciel. Ces g\u00e9ants de verre et d&rsquo;acier repr\u00e9sentent de vastes \u00e9cosyst\u00e8mes technologiques o\u00f9 se tracent les contours de l&rsquo;avenir de l&rsquo;humanit\u00e9. C&rsquo;est ici, au c\u0153ur de l&rsquo;air lourd de l&rsquo;\u00e9t\u00e9 tropical, que Mo\u00efra, une citoyenne fran\u00e7aise, int\u00e8gre l&rsquo;entreprise Ming. Cette soci\u00e9t\u00e9 incarne la quintessence de l&rsquo;intelligence artificielle, destin\u00e9e \u00e0 anticiper nos besoins les plus profonds.<\/p>\n<p>Cependant, pour Mo\u00efra, ce paradis technologique bascule rapidement dans un v\u00e9ritable cauchemar. Derri\u00e8re les portes scell\u00e9es de ce centre ultrasecret, des employ\u00e9es sont d\u00e9couvertes mortes, victimes de violences atroces. La cruaut\u00e9 des actes commis soul\u00e8ve d&rsquo;inqui\u00e9tantes questions sur les v\u00e9ritables intentions de l&#8217;empire Ming. Bienvenue dans les entrailles de l&rsquo;\u00e9nigmatique entreprise M&#8230; L\u00e0 o\u00f9 l&rsquo;ab\u00eeme semble vous guetter \u00e0 chaque instant.<\/p>\n","protected":false},"excerpt":{"rendered":"<p>Mo\u00efra rejoint l&rsquo;entreprise Ming \u00e0 Hong Kong, mais d\u00e9couvre l&rsquo;horreur derri\u00e8re l&rsquo;intelligence artificielle. L&rsquo;ab\u00eeme attend.<\/p>\n","protected":false},"featured_media":13606,"comment_status":"open","ping_status":"closed","template":"","meta":{"inline_featured_image":false},"product_cat":[204,143],"product_tag":[],"class_list":{"0":"post-13604","1":"product","2":"type-product","3":"status-publish","4":"has-post-thumbnail","6":"product_cat-francais","7":"product_cat-roman","8":"pa_auteurs-bernard-minier","10":"first","11":"instock","12":"shipping-taxable","13":"purchasable","14":"product-type-simple"},"_links":{"self":[{"href":"https:\/\/baralivres.ma\/index.php?rest_route=\/wp\/v2\/product\/13604","targetHints":{"allow":["GET"]}}],"collection":[{"href":"https:\/\/baralivres.ma\/index.php?rest_route=\/wp\/v2\/product"}],"about":[{"href":"https:\/\/baralivres.ma\/index.php?rest_route=\/wp\/v2\/types\/product"}],"replies":[{"embeddable":true,"href":"https:\/\/baralivres.ma\/index.php?rest_route=%2Fwp%2Fv2%2Fcomments&post=13604"}],"version-history":[{"count":1,"href":"https:\/\/baralivres.ma\/index.php?rest_route=\/wp\/v2\/product\/13604\/revisions"}],"predecessor-version":[{"id":13607,"href":"https:\/\/baralivres.ma\/index.php?rest_route=\/wp\/v2\/product\/13604\/revisions\/13607"}],"wp:featuredmedia":[{"embeddable":true,"href":"https:\/\/baralivres.ma\/index.php?rest_route=\/wp\/v2\/media\/13606"}],"wp:attachment":[{"href":"https:\/\/baralivres.ma\/index.php?rest_route=%2Fwp%2Fv2%2Fmedia&parent=13604"}],"wp:term":[{"taxonomy":"product_cat","embeddable":true,"href":"https:\/\/baralivres.ma\/index.php?rest_route=%2Fwp%2Fv2%2Fproduct_cat&post=13604"},{"taxonomy":"product_tag","embeddable":true,"href":"https:\/\/baralivres.ma\/index.php?rest_route=%2Fwp%2Fv2%2Fproduct_tag&post=13604"}],"curies":[{"name":"wp","href":"https:\/\/api.w.org\/{rel}","templated":true}]}}