{"id":13599,"date":"2023-10-23T12:51:04","date_gmt":"2023-10-23T11:51:04","guid":{"rendered":"https:\/\/baralivres.ma\/?post_type=product&#038;p=13599"},"modified":"2023-10-23T12:51:04","modified_gmt":"2023-10-23T11:51:04","slug":"nuit","status":"publish","type":"product","link":"https:\/\/baralivres.ma\/?product=nuit","title":{"rendered":"Nuit"},"content":{"rendered":"<p>Pendant une nuit tumultueuse en mer du Nord, balay\u00e9e par des vents violents, Kirsten Nigaard est h\u00e9liport\u00e9e sur la plate-forme p\u00e9troli\u00e8re. L&rsquo;inspectrice norv\u00e9gienne est l\u00e0 pour enqu\u00eater sur le meurtre d&rsquo;une technicienne de cette base offshore, mais un homme est port\u00e9 disparu.<\/p>\n<p>Lors de la perquisition de sa cabine, Kirsten tombe sur une s\u00e9rie de photographies intrigantes. Quelques jours plus tard, elle se trouve dans le bureau de Martin Servaz, et elle lui r\u00e9v\u00e8le l&rsquo;identit\u00e9 de l&rsquo;homme disparu : Julian Hirtmann, le tueur rus\u00e9 et insaisissable que le policier traque depuis des ann\u00e9es. De mani\u00e8re \u00e9nigmatique, certaines des photos montrent Martin Servaz. Kirsten lui tend alors une autre photographie, celle d&rsquo;un enfant, avec juste un pr\u00e9nom \u00e9crit au dos : Gustav. Pour Kirsten et Martin, c&rsquo;est le d\u00e9but d&rsquo;un voyage terrifiant, qui les m\u00e8nera jusqu&rsquo;\u00e0 leur adversaire le plus redoutable au bout de cette nuit.<\/p>\n","protected":false},"excerpt":{"rendered":"<p>Inspectrice enqu\u00eate meurtre sur plate-forme p\u00e9troli\u00e8re, d\u00e9couvre liens terrifiants avec tueur insaisissable poursuivi par policier.<\/p>\n","protected":false},"featured_media":13600,"comment_status":"open","ping_status":"closed","template":"","meta":{"inline_featured_image":false},"product_cat":[204,143],"product_tag":[],"class_list":{"0":"post-13599","1":"product","2":"type-product","3":"status-publish","4":"has-post-thumbnail","6":"product_cat-francais","7":"product_cat-roman","8":"pa_auteurs-bernard-minier","10":"first","11":"instock","12":"shipping-taxable","13":"purchasable","14":"product-type-simple"},"_links":{"self":[{"href":"https:\/\/baralivres.ma\/index.php?rest_route=\/wp\/v2\/product\/13599","targetHints":{"allow":["GET"]}}],"collection":[{"href":"https:\/\/baralivres.ma\/index.php?rest_route=\/wp\/v2\/product"}],"about":[{"href":"https:\/\/baralivres.ma\/index.php?rest_route=\/wp\/v2\/types\/product"}],"replies":[{"embeddable":true,"href":"https:\/\/baralivres.ma\/index.php?rest_route=%2Fwp%2Fv2%2Fcomments&post=13599"}],"version-history":[{"count":1,"href":"https:\/\/baralivres.ma\/index.php?rest_route=\/wp\/v2\/product\/13599\/revisions"}],"predecessor-version":[{"id":13601,"href":"https:\/\/baralivres.ma\/index.php?rest_route=\/wp\/v2\/product\/13599\/revisions\/13601"}],"wp:featuredmedia":[{"embeddable":true,"href":"https:\/\/baralivres.ma\/index.php?rest_route=\/wp\/v2\/media\/13600"}],"wp:attachment":[{"href":"https:\/\/baralivres.ma\/index.php?rest_route=%2Fwp%2Fv2%2Fmedia&parent=13599"}],"wp:term":[{"taxonomy":"product_cat","embeddable":true,"href":"https:\/\/baralivres.ma\/index.php?rest_route=%2Fwp%2Fv2%2Fproduct_cat&post=13599"},{"taxonomy":"product_tag","embeddable":true,"href":"https:\/\/baralivres.ma\/index.php?rest_route=%2Fwp%2Fv2%2Fproduct_tag&post=13599"}],"curies":[{"name":"wp","href":"https:\/\/api.w.org\/{rel}","templated":true}]}}