{"id":13598,"date":"2023-10-23T12:51:40","date_gmt":"2023-10-23T11:51:40","guid":{"rendered":"https:\/\/baralivres.ma\/?post_type=product&#038;p=13598"},"modified":"2023-10-23T12:51:40","modified_gmt":"2023-10-23T11:51:40","slug":"en-heritage","status":"publish","type":"product","link":"https:\/\/baralivres.ma\/?product=en-heritage","title":{"rendered":"En h\u00e9ritage"},"content":{"rendered":"<p>\u00c0 Boston, Brigitte Nicholson fait face \u00e0 un hiver difficile, seule et sans emploi en raison de choix malheureux. En qu\u00eate de sens, sa m\u00e8re, passionn\u00e9e de g\u00e9n\u00e9alogie, lui sugg\u00e8re de rechercher leurs anc\u00eatres. Brigitte se lance dans la qu\u00eate de son a\u00efeule Wachiwi, une Sioux devenue la femme d&rsquo;un marquis \u00e0 la cour de Louis XVI, une figure audacieuse porteuse de pr\u00e9cieuses le\u00e7ons.<\/p>\n","protected":false},"excerpt":{"rendered":"<p>Brigitte, en qu\u00eate de sens \u00e0 Boston, explore ses racines et part sur les traces de son anc\u00eatre Sioux, Wachiwi, qui a \u00e9pous\u00e9 un marquis \u00e0 la cour de Louis XVI, apprenant des le\u00e7ons pr\u00e9cieuses en cours de route.<\/p>\n","protected":false},"featured_media":13602,"comment_status":"open","ping_status":"closed","template":"","meta":{"inline_featured_image":false},"product_cat":[204,143],"product_tag":[],"class_list":{"0":"post-13598","1":"product","2":"type-product","3":"status-publish","4":"has-post-thumbnail","6":"product_cat-francais","7":"product_cat-roman","8":"pa_auteurs-danielle-steel","10":"first","11":"instock","12":"shipping-taxable","13":"purchasable","14":"product-type-simple"},"_links":{"self":[{"href":"https:\/\/baralivres.ma\/index.php?rest_route=\/wp\/v2\/product\/13598","targetHints":{"allow":["GET"]}}],"collection":[{"href":"https:\/\/baralivres.ma\/index.php?rest_route=\/wp\/v2\/product"}],"about":[{"href":"https:\/\/baralivres.ma\/index.php?rest_route=\/wp\/v2\/types\/product"}],"replies":[{"embeddable":true,"href":"https:\/\/baralivres.ma\/index.php?rest_route=%2Fwp%2Fv2%2Fcomments&post=13598"}],"version-history":[{"count":1,"href":"https:\/\/baralivres.ma\/index.php?rest_route=\/wp\/v2\/product\/13598\/revisions"}],"predecessor-version":[{"id":13603,"href":"https:\/\/baralivres.ma\/index.php?rest_route=\/wp\/v2\/product\/13598\/revisions\/13603"}],"wp:featuredmedia":[{"embeddable":true,"href":"https:\/\/baralivres.ma\/index.php?rest_route=\/wp\/v2\/media\/13602"}],"wp:attachment":[{"href":"https:\/\/baralivres.ma\/index.php?rest_route=%2Fwp%2Fv2%2Fmedia&parent=13598"}],"wp:term":[{"taxonomy":"product_cat","embeddable":true,"href":"https:\/\/baralivres.ma\/index.php?rest_route=%2Fwp%2Fv2%2Fproduct_cat&post=13598"},{"taxonomy":"product_tag","embeddable":true,"href":"https:\/\/baralivres.ma\/index.php?rest_route=%2Fwp%2Fv2%2Fproduct_tag&post=13598"}],"curies":[{"name":"wp","href":"https:\/\/api.w.org\/{rel}","templated":true}]}}