{"id":13592,"date":"2023-10-23T12:46:08","date_gmt":"2023-10-23T11:46:08","guid":{"rendered":"https:\/\/baralivres.ma\/?post_type=product&#038;p=13592"},"modified":"2023-10-23T12:46:09","modified_gmt":"2023-10-23T11:46:09","slug":"rebelle","status":"publish","type":"product","link":"https:\/\/baralivres.ma\/?product=rebelle","title":{"rendered":"Rebelle"},"content":{"rendered":"<p>Malgr\u00e9 une lign\u00e9e d&rsquo;\u00e9minents avocats de Manhattan, Meredith McKenzie refuse la voie toute trac\u00e9e pour se battre aux c\u00f4t\u00e9s des minorit\u00e9s et des moins fortun\u00e9s, d\u00e9fendant des causes telles que les droits civiques et la lutte contre la guerre du Vietnam. Tandis que son grand-p\u00e8re gravit les \u00e9chelons de la Cour supr\u00eame, Merrie s&rsquo;engage pour des id\u00e9aux qui la s\u00e9parent de sa propre famille. Cependant, lorsque la violence frappe leur cercle, ils doivent tous r\u00e9examiner leurs valeurs et apprendre \u00e0 surmonter une perte d\u00e9vastatrice.<\/p>\n","protected":false},"excerpt":{"rendered":"<p>Meredith McKenzie d\u00e9fie sa lign\u00e9e d&rsquo;avocats de Manhattan pour soutenir les d\u00e9munis et les causes sociales, mais une trag\u00e9die familiale remet en question leurs valeurs.<\/p>\n","protected":false},"featured_media":13596,"comment_status":"open","ping_status":"closed","template":"","meta":{"inline_featured_image":false},"product_cat":[204],"product_tag":[],"class_list":{"0":"post-13592","1":"product","2":"type-product","3":"status-publish","4":"has-post-thumbnail","6":"product_cat-francais","7":"pa_auteurs-danielle-steel","9":"first","10":"instock","11":"shipping-taxable","12":"purchasable","13":"product-type-simple"},"_links":{"self":[{"href":"https:\/\/baralivres.ma\/index.php?rest_route=\/wp\/v2\/product\/13592","targetHints":{"allow":["GET"]}}],"collection":[{"href":"https:\/\/baralivres.ma\/index.php?rest_route=\/wp\/v2\/product"}],"about":[{"href":"https:\/\/baralivres.ma\/index.php?rest_route=\/wp\/v2\/types\/product"}],"replies":[{"embeddable":true,"href":"https:\/\/baralivres.ma\/index.php?rest_route=%2Fwp%2Fv2%2Fcomments&post=13592"}],"version-history":[{"count":1,"href":"https:\/\/baralivres.ma\/index.php?rest_route=\/wp\/v2\/product\/13592\/revisions"}],"predecessor-version":[{"id":13597,"href":"https:\/\/baralivres.ma\/index.php?rest_route=\/wp\/v2\/product\/13592\/revisions\/13597"}],"wp:featuredmedia":[{"embeddable":true,"href":"https:\/\/baralivres.ma\/index.php?rest_route=\/wp\/v2\/media\/13596"}],"wp:attachment":[{"href":"https:\/\/baralivres.ma\/index.php?rest_route=%2Fwp%2Fv2%2Fmedia&parent=13592"}],"wp:term":[{"taxonomy":"product_cat","embeddable":true,"href":"https:\/\/baralivres.ma\/index.php?rest_route=%2Fwp%2Fv2%2Fproduct_cat&post=13592"},{"taxonomy":"product_tag","embeddable":true,"href":"https:\/\/baralivres.ma\/index.php?rest_route=%2Fwp%2Fv2%2Fproduct_tag&post=13592"}],"curies":[{"name":"wp","href":"https:\/\/api.w.org\/{rel}","templated":true}]}}