{"id":13588,"date":"2023-10-23T12:45:08","date_gmt":"2023-10-23T11:45:08","guid":{"rendered":"https:\/\/baralivres.ma\/?post_type=product&#038;p=13588"},"modified":"2023-10-23T12:45:09","modified_gmt":"2023-10-23T11:45:09","slug":"glace","status":"publish","type":"product","link":"https:\/\/baralivres.ma\/?product=glace","title":{"rendered":"Glac\u00e9"},"content":{"rendered":"<p>Au lever du jour, par une matin\u00e9e glacialement froide de d\u00e9cembre, dans une \u00e9troite vall\u00e9e nich\u00e9e au c\u0153ur des Pyr\u00e9n\u00e9es, les travailleurs d&rsquo;une centrale hydro\u00e9lectrique font une d\u00e9couverte macabre : le cadavre d\u00e9capit\u00e9 d&rsquo;un cheval est suspendu sur la falaise.<\/p>\n<p>Simultan\u00e9ment, une jeune psychologue commence son premier jour de travail dans un centre psychiatrique de haute s\u00e9curit\u00e9 qui surplombe cette m\u00eame vall\u00e9e.<\/p>\n<p>Le commandant Servaz, un enqu\u00eateur \u00e0 la fois hypocondriaque et intuitif, se voit confier l&rsquo;enqu\u00eate la plus \u00e9nigmatique de toute sa carri\u00e8re.<\/p>\n","protected":false},"excerpt":{"rendered":"<div class=\"flex-1 overflow-hidden\">\n<div class=\"react-scroll-to-bottom--css-eiajm-79elbk h-full dark:bg-gray-800\">\n<div class=\"react-scroll-to-bottom--css-eiajm-1n7m0yu\">\n<div class=\"flex flex-col text-sm dark:bg-gray-800\">\n<div class=\"group final-completion w-full text-token-text-primary border-b border-black\/10 gizmo:border-0 dark:border-gray-900\/50 gizmo:dark:border-0 bg-gray-50 gizmo:bg-transparent dark:bg-[#444654] gizmo:dark:bg-transparent\" data-testid=\"conversation-turn-5\">\n<div class=\"p-4 justify-center text-base md:gap-6 md:py-6 m-auto\">\n<div class=\"flex flex-1 gap-4 text-base mx-auto md:gap-6 gizmo:gap-3 gizmo:md:px-5 gizmo:lg:px-1 gizmo:xl:px-5 md:max-w-2xl lg:max-w-[38rem] gizmo:md:max-w-3xl gizmo:lg:max-w-[40rem] gizmo:xl:max-w-[48rem] xl:max-w-3xl }\">\n<div class=\"relative flex w-[calc(100%-50px)] flex-col gizmo:w-full lg:w-[calc(100%-115px)] agent-turn\">\n<div class=\"flex-col gap-1 md:gap-3\">\n<div class=\"flex flex-grow flex-col gap-3 max-w-full\">\n<div class=\"min-h-[20px] flex flex-col items-start gap-3 whitespace-pre-wrap break-words overflow-x-auto\">\n<div class=\"markdown prose w-full break-words dark:prose-invert dark\">\n<p>Dans les Pyr\u00e9n\u00e9es, un cheval d\u00e9capit\u00e9 suspendu. Jeune psychologue, flic hypocondriaque enqu\u00eatent sur ce myst\u00e8re sinistre.<\/p>\n<\/div>\n<\/div>\n<\/div>\n<\/div>\n<\/div>\n<\/div>\n<\/div>\n<\/div>\n<\/div>\n<\/div>\n<\/div>\n<\/div>\n","protected":false},"featured_media":13593,"comment_status":"open","ping_status":"closed","template":"","meta":{"inline_featured_image":false},"product_cat":[204,143],"product_tag":[],"class_list":{"0":"post-13588","1":"product","2":"type-product","3":"status-publish","4":"has-post-thumbnail","6":"product_cat-francais","7":"product_cat-roman","8":"pa_auteurs-bernard-minier","10":"first","11":"instock","12":"shipping-taxable","13":"purchasable","14":"product-type-simple"},"_links":{"self":[{"href":"https:\/\/baralivres.ma\/index.php?rest_route=\/wp\/v2\/product\/13588","targetHints":{"allow":["GET"]}}],"collection":[{"href":"https:\/\/baralivres.ma\/index.php?rest_route=\/wp\/v2\/product"}],"about":[{"href":"https:\/\/baralivres.ma\/index.php?rest_route=\/wp\/v2\/types\/product"}],"replies":[{"embeddable":true,"href":"https:\/\/baralivres.ma\/index.php?rest_route=%2Fwp%2Fv2%2Fcomments&post=13588"}],"version-history":[{"count":1,"href":"https:\/\/baralivres.ma\/index.php?rest_route=\/wp\/v2\/product\/13588\/revisions"}],"predecessor-version":[{"id":13594,"href":"https:\/\/baralivres.ma\/index.php?rest_route=\/wp\/v2\/product\/13588\/revisions\/13594"}],"wp:featuredmedia":[{"embeddable":true,"href":"https:\/\/baralivres.ma\/index.php?rest_route=\/wp\/v2\/media\/13593"}],"wp:attachment":[{"href":"https:\/\/baralivres.ma\/index.php?rest_route=%2Fwp%2Fv2%2Fmedia&parent=13588"}],"wp:term":[{"taxonomy":"product_cat","embeddable":true,"href":"https:\/\/baralivres.ma\/index.php?rest_route=%2Fwp%2Fv2%2Fproduct_cat&post=13588"},{"taxonomy":"product_tag","embeddable":true,"href":"https:\/\/baralivres.ma\/index.php?rest_route=%2Fwp%2Fv2%2Fproduct_tag&post=13588"}],"curies":[{"name":"wp","href":"https:\/\/api.w.org\/{rel}","templated":true}]}}