{"id":13587,"date":"2023-10-23T12:41:37","date_gmt":"2023-10-23T11:41:37","guid":{"rendered":"https:\/\/baralivres.ma\/?post_type=product&#038;p=13587"},"modified":"2023-10-23T12:41:37","modified_gmt":"2023-10-23T11:41:37","slug":"un-monde-de-reve","status":"publish","type":"product","link":"https:\/\/baralivres.ma\/?product=un-monde-de-reve","title":{"rendered":"Un monde de r\u00eave"},"content":{"rendered":"<p>Isabella et Amadeo, \u00e0 la t\u00eate d&rsquo;une renomm\u00e9e maison de couture \u00e0 Rome, vivent une vie idyllique jusqu&rsquo;\u00e0 ce qu&rsquo;Amadeo soit enlev\u00e9 et assassin\u00e9. Isabella, contrainte de fuir Rome pour prot\u00e9ger son fils, refait sa vie \u00e0 New York sous une fausse identit\u00e9, o\u00f9 elle devra tout reconstruire.<\/p>\n","protected":false},"excerpt":{"rendered":"<p>Isabella, \u00e0 la t\u00eate d&rsquo;une maison de couture \u00e0 Rome, doit fuir \u00e0 New York avec son fils apr\u00e8s que son mari Amadeo a \u00e9t\u00e9 kidnapp\u00e9 et assassin\u00e9, o\u00f9 elle devra recommencer sa vie sous une fausse identit\u00e9.<\/p>\n","protected":false},"featured_media":13590,"comment_status":"open","ping_status":"closed","template":"","meta":{"inline_featured_image":false},"product_cat":[204,143],"product_tag":[],"class_list":{"0":"post-13587","1":"product","2":"type-product","3":"status-publish","4":"has-post-thumbnail","6":"product_cat-francais","7":"product_cat-roman","8":"pa_auteurs-danielle-steel","10":"first","11":"instock","12":"shipping-taxable","13":"purchasable","14":"product-type-simple"},"_links":{"self":[{"href":"https:\/\/baralivres.ma\/index.php?rest_route=\/wp\/v2\/product\/13587","targetHints":{"allow":["GET"]}}],"collection":[{"href":"https:\/\/baralivres.ma\/index.php?rest_route=\/wp\/v2\/product"}],"about":[{"href":"https:\/\/baralivres.ma\/index.php?rest_route=\/wp\/v2\/types\/product"}],"replies":[{"embeddable":true,"href":"https:\/\/baralivres.ma\/index.php?rest_route=%2Fwp%2Fv2%2Fcomments&post=13587"}],"version-history":[{"count":1,"href":"https:\/\/baralivres.ma\/index.php?rest_route=\/wp\/v2\/product\/13587\/revisions"}],"predecessor-version":[{"id":13591,"href":"https:\/\/baralivres.ma\/index.php?rest_route=\/wp\/v2\/product\/13587\/revisions\/13591"}],"wp:featuredmedia":[{"embeddable":true,"href":"https:\/\/baralivres.ma\/index.php?rest_route=\/wp\/v2\/media\/13590"}],"wp:attachment":[{"href":"https:\/\/baralivres.ma\/index.php?rest_route=%2Fwp%2Fv2%2Fmedia&parent=13587"}],"wp:term":[{"taxonomy":"product_cat","embeddable":true,"href":"https:\/\/baralivres.ma\/index.php?rest_route=%2Fwp%2Fv2%2Fproduct_cat&post=13587"},{"taxonomy":"product_tag","embeddable":true,"href":"https:\/\/baralivres.ma\/index.php?rest_route=%2Fwp%2Fv2%2Fproduct_tag&post=13587"}],"curies":[{"name":"wp","href":"https:\/\/api.w.org\/{rel}","templated":true}]}}