{"id":13582,"date":"2023-10-23T12:37:40","date_gmt":"2023-10-23T11:37:40","guid":{"rendered":"https:\/\/baralivres.ma\/?post_type=product&#038;p=13582"},"modified":"2023-10-23T12:37:40","modified_gmt":"2023-10-23T11:37:40","slug":"vie-secrete","status":"publish","type":"product","link":"https:\/\/baralivres.ma\/?product=vie-secrete","title":{"rendered":"Vie secr\u00e8te"},"content":{"rendered":"<p>Alexandra Winslow, abandonn\u00e9e par sa m\u00e8re, h\u00e9rite de la passion de son p\u00e8re pour les romans policiers, trouvant refuge dans l&rsquo;\u00e9criture. Apr\u00e8s la mort de son p\u00e8re, les religieuses du couvent qui la recueillent l&rsquo;encouragent \u00e0 poursuivre ses r\u00eaves, ce qui la m\u00e8ne \u00e0 achever un thriller \u00e0 seulement 19 ans. Toutefois, pour r\u00e9ussir dans un milieu litt\u00e9raire masculin, elle cache son identit\u00e9 derri\u00e8re un pseudonyme, ce qui lui vaut le succ\u00e8s mais aussi la solitude, la rivalit\u00e9 et la jalousie. Reste \u00e0 savoir si un jour elle trouvera quelqu&rsquo;un \u00e0 qui se confier, car, comme le dit le proverbe, \u00ab\u00a0tout vient \u00e0 point \u00e0 qui sait attendre\u00a0\u00bb.<\/p>\n","protected":false},"excerpt":{"rendered":"<p>Alexandra Winslow, \u00e9lev\u00e9e par son p\u00e8re, trouve refuge dans l&rsquo;\u00e9criture et devient une auteure \u00e0 succ\u00e8s sous un pseudonyme, tout en affrontant la solitude et la rivalit\u00e9.<\/p>\n","protected":false},"featured_media":13584,"comment_status":"open","ping_status":"closed","template":"","meta":{"inline_featured_image":false},"product_cat":[204],"product_tag":[],"class_list":{"0":"post-13582","1":"product","2":"type-product","3":"status-publish","4":"has-post-thumbnail","6":"product_cat-francais","7":"pa_auteurs-danielle-steel","9":"first","10":"instock","11":"shipping-taxable","12":"purchasable","13":"product-type-simple"},"_links":{"self":[{"href":"https:\/\/baralivres.ma\/index.php?rest_route=\/wp\/v2\/product\/13582","targetHints":{"allow":["GET"]}}],"collection":[{"href":"https:\/\/baralivres.ma\/index.php?rest_route=\/wp\/v2\/product"}],"about":[{"href":"https:\/\/baralivres.ma\/index.php?rest_route=\/wp\/v2\/types\/product"}],"replies":[{"embeddable":true,"href":"https:\/\/baralivres.ma\/index.php?rest_route=%2Fwp%2Fv2%2Fcomments&post=13582"}],"version-history":[{"count":1,"href":"https:\/\/baralivres.ma\/index.php?rest_route=\/wp\/v2\/product\/13582\/revisions"}],"predecessor-version":[{"id":13585,"href":"https:\/\/baralivres.ma\/index.php?rest_route=\/wp\/v2\/product\/13582\/revisions\/13585"}],"wp:featuredmedia":[{"embeddable":true,"href":"https:\/\/baralivres.ma\/index.php?rest_route=\/wp\/v2\/media\/13584"}],"wp:attachment":[{"href":"https:\/\/baralivres.ma\/index.php?rest_route=%2Fwp%2Fv2%2Fmedia&parent=13582"}],"wp:term":[{"taxonomy":"product_cat","embeddable":true,"href":"https:\/\/baralivres.ma\/index.php?rest_route=%2Fwp%2Fv2%2Fproduct_cat&post=13582"},{"taxonomy":"product_tag","embeddable":true,"href":"https:\/\/baralivres.ma\/index.php?rest_route=%2Fwp%2Fv2%2Fproduct_tag&post=13582"}],"curies":[{"name":"wp","href":"https:\/\/api.w.org\/{rel}","templated":true}]}}