{"id":13580,"date":"2023-10-23T12:37:58","date_gmt":"2023-10-23T11:37:58","guid":{"rendered":"https:\/\/baralivres.ma\/?post_type=product&#038;p=13580"},"modified":"2023-10-23T12:37:58","modified_gmt":"2023-10-23T11:37:58","slug":"la-chasse","status":"publish","type":"product","link":"https:\/\/baralivres.ma\/?product=la-chasse","title":{"rendered":"LA CHASSE"},"content":{"rendered":"<p>Martin Servaz se lance dans une nouvelle enqu\u00eate alors qu&rsquo;il poursuit un justicier auto-proclam\u00e9 qui s&rsquo;est engag\u00e9 \u00e0 combler les failles d&rsquo;un syst\u00e8me policier et judiciaire imparfait.<\/p>\n<p>Une nuit de pleine lune dans la r\u00e9gion de l&rsquo;Ari\u00e8ge, un automobiliste ne peut \u00e9viter un cerf surgissant des bois sur la route. Cependant, la collision n&rsquo;est pas la principale source de choc. Sur le bitume, g\u00eet non pas un animal, mais un jeune homme arborant une t\u00eate de cerf attach\u00e9e par une fermeture \u00c9clair \u00e0 sa nuque. Appel\u00e9 sur les lieux de ce singulier accident, le commandant Servaz devient rapidement convaincu que la victime fuyait quelque chose, ou quelqu&rsquo;un, tel une proie traqu\u00e9e. Cependant, Martin Servaz ne peut encore percevoir la v\u00e9ritable nature de cette traque, ni anticiper les sentiers de la peur qu&#8217;empruntera cette enqu\u00eate.<\/p>\n","protected":false},"excerpt":{"rendered":"<p>Le commandant Servaz traque un justicier en Ari\u00e8ge qui chasse les failles du syst\u00e8me judiciaire.<\/p>\n","protected":false},"featured_media":13583,"comment_status":"open","ping_status":"closed","template":"","meta":{"inline_featured_image":false},"product_cat":[204,143],"product_tag":[],"class_list":{"0":"post-13580","1":"product","2":"type-product","3":"status-publish","4":"has-post-thumbnail","6":"product_cat-francais","7":"product_cat-roman","8":"pa_auteurs-bernard-minier","10":"first","11":"instock","12":"shipping-taxable","13":"purchasable","14":"product-type-simple"},"_links":{"self":[{"href":"https:\/\/baralivres.ma\/index.php?rest_route=\/wp\/v2\/product\/13580","targetHints":{"allow":["GET"]}}],"collection":[{"href":"https:\/\/baralivres.ma\/index.php?rest_route=\/wp\/v2\/product"}],"about":[{"href":"https:\/\/baralivres.ma\/index.php?rest_route=\/wp\/v2\/types\/product"}],"replies":[{"embeddable":true,"href":"https:\/\/baralivres.ma\/index.php?rest_route=%2Fwp%2Fv2%2Fcomments&post=13580"}],"version-history":[{"count":2,"href":"https:\/\/baralivres.ma\/index.php?rest_route=\/wp\/v2\/product\/13580\/revisions"}],"predecessor-version":[{"id":13589,"href":"https:\/\/baralivres.ma\/index.php?rest_route=\/wp\/v2\/product\/13580\/revisions\/13589"}],"wp:featuredmedia":[{"embeddable":true,"href":"https:\/\/baralivres.ma\/index.php?rest_route=\/wp\/v2\/media\/13583"}],"wp:attachment":[{"href":"https:\/\/baralivres.ma\/index.php?rest_route=%2Fwp%2Fv2%2Fmedia&parent=13580"}],"wp:term":[{"taxonomy":"product_cat","embeddable":true,"href":"https:\/\/baralivres.ma\/index.php?rest_route=%2Fwp%2Fv2%2Fproduct_cat&post=13580"},{"taxonomy":"product_tag","embeddable":true,"href":"https:\/\/baralivres.ma\/index.php?rest_route=%2Fwp%2Fv2%2Fproduct_tag&post=13580"}],"curies":[{"name":"wp","href":"https:\/\/api.w.org\/{rel}","templated":true}]}}