{"id":13576,"date":"2023-10-23T12:32:39","date_gmt":"2023-10-23T11:32:39","guid":{"rendered":"https:\/\/baralivres.ma\/?post_type=product&#038;p=13576"},"modified":"2023-10-23T12:32:40","modified_gmt":"2023-10-23T11:32:40","slug":"lenfant-aux-yeux-bleus","status":"publish","type":"product","link":"https:\/\/baralivres.ma\/?product=lenfant-aux-yeux-bleus","title":{"rendered":"L&rsquo;Enfant aux yeux bleus"},"content":{"rendered":"<p>De retour \u00e0 New York apr\u00e8s une mission humanitaire, Ginny erre dans la ville, en qu\u00eate de sens dans sa vie. Elle se pr\u00e9pare \u00e0 passer No\u00ebl seule, portant le poids de la perte de ses proches. Tout change quand elle croise le regard per\u00e7ant d&rsquo;un jeune gar\u00e7on sans abri, transi de froid. Elle lui offre de l&rsquo;h\u00e9berger temporairement, marquant ainsi le d\u00e9but d&rsquo;une relation sp\u00e9ciale qui redonne un but \u00e0 sa vie et l&rsquo;incite \u00e0 se battre pour la justice.<\/p>\n","protected":false},"excerpt":{"rendered":"<p>Apr\u00e8s une mission humanitaire, Ginny trouve un sens \u00e0 sa vie en aidant un jeune sans-abri, d\u00e9termin\u00e9e \u00e0 obtenir justice pour lui.<\/p>\n","protected":false},"featured_media":13579,"comment_status":"open","ping_status":"closed","template":"","meta":{"inline_featured_image":false},"product_cat":[204,143],"product_tag":[],"class_list":{"0":"post-13576","1":"product","2":"type-product","3":"status-publish","4":"has-post-thumbnail","6":"product_cat-francais","7":"product_cat-roman","8":"pa_auteurs-danielle-steel","10":"first","11":"instock","12":"shipping-taxable","13":"purchasable","14":"product-type-simple"},"_links":{"self":[{"href":"https:\/\/baralivres.ma\/index.php?rest_route=\/wp\/v2\/product\/13576","targetHints":{"allow":["GET"]}}],"collection":[{"href":"https:\/\/baralivres.ma\/index.php?rest_route=\/wp\/v2\/product"}],"about":[{"href":"https:\/\/baralivres.ma\/index.php?rest_route=\/wp\/v2\/types\/product"}],"replies":[{"embeddable":true,"href":"https:\/\/baralivres.ma\/index.php?rest_route=%2Fwp%2Fv2%2Fcomments&post=13576"}],"version-history":[{"count":1,"href":"https:\/\/baralivres.ma\/index.php?rest_route=\/wp\/v2\/product\/13576\/revisions"}],"predecessor-version":[{"id":13581,"href":"https:\/\/baralivres.ma\/index.php?rest_route=\/wp\/v2\/product\/13576\/revisions\/13581"}],"wp:featuredmedia":[{"embeddable":true,"href":"https:\/\/baralivres.ma\/index.php?rest_route=\/wp\/v2\/media\/13579"}],"wp:attachment":[{"href":"https:\/\/baralivres.ma\/index.php?rest_route=%2Fwp%2Fv2%2Fmedia&parent=13576"}],"wp:term":[{"taxonomy":"product_cat","embeddable":true,"href":"https:\/\/baralivres.ma\/index.php?rest_route=%2Fwp%2Fv2%2Fproduct_cat&post=13576"},{"taxonomy":"product_tag","embeddable":true,"href":"https:\/\/baralivres.ma\/index.php?rest_route=%2Fwp%2Fv2%2Fproduct_tag&post=13576"}],"curies":[{"name":"wp","href":"https:\/\/api.w.org\/{rel}","templated":true}]}}