{"id":13570,"date":"2023-10-23T12:30:37","date_gmt":"2023-10-23T11:30:37","guid":{"rendered":"https:\/\/baralivres.ma\/?post_type=product&#038;p=13570"},"modified":"2023-10-23T12:30:37","modified_gmt":"2023-10-23T11:30:37","slug":"malefices","status":"publish","type":"product","link":"https:\/\/baralivres.ma\/?product=malefices","title":{"rendered":"Mal\u00e9fices"},"content":{"rendered":"<p>\u00c0 Portland, Oregon, plus personne n&rsquo;ose s&rsquo;endormir sans d&rsquo;abord inspecter m\u00e9ticuleusement son lit. Depuis quelques semaines, un tueur en s\u00e9rie effrayant p\u00e9n\u00e8tre dans les maisons de ses futures victimes, y introduisant certaines des araign\u00e9es les plus dangereuses au monde. En parall\u00e8le, on d\u00e9couvre des cadavres de femmes momifi\u00e9s, pris au pi\u00e8ge dans d&rsquo;immenses toiles d&rsquo;araign\u00e9e, diss\u00e9min\u00e9es dans les for\u00eats environnantes. Ces victimes sont myst\u00e9rieusement vid\u00e9es de leurs organes, comme si elles avaient \u00e9t\u00e9 aspir\u00e9es. Les rumeurs les plus folles circulent \u00e0 travers la ville.<\/p>\n<p>Pour r\u00e9soudre cette \u00e9nigme, Annabel O&rsquo;Donnell, d\u00e9tective originaire de New York, et Joshua Brolin, un profiler renomm\u00e9, rejoignent les forces du FBI dans leur enqu\u00eate. Qui est ce redoutable individu surnomm\u00e9 Arachn\u00e9, dont les empreintes digitales correspondent \u00e0 celles de personnes port\u00e9es disparues ? Comment parvient-il \u00e0 s&rsquo;introduire chez ses victimes sans laisser de trace, sans d\u00e9clencher d&rsquo;alarme, et \u00e0 enlever ces personnes sous le nez de leurs familles endormies ? Bient\u00f4t, une rumeur inqui\u00e9tante se propage dans toute la ville de Portland : et si Arachn\u00e9 n&rsquo;\u00e9tait pas de ce monde ?<\/p>\n","protected":false},"excerpt":{"rendered":"<p>\u00c0 Portland, des araign\u00e9es mortelles, meurtres atroces. Annabel O&rsquo;Donnell et Joshua Brolin m\u00e8nent l&rsquo;enqu\u00eate surnaturelle d&rsquo;Arachn\u00e9.<\/p>\n","protected":false},"featured_media":13577,"comment_status":"open","ping_status":"closed","template":"","meta":{"inline_featured_image":false},"product_cat":[204,143],"product_tag":[],"class_list":{"0":"post-13570","1":"product","2":"type-product","3":"status-publish","4":"has-post-thumbnail","6":"product_cat-francais","7":"product_cat-roman","8":"pa_auteurs-maxime-chattam","10":"first","11":"instock","12":"shipping-taxable","13":"purchasable","14":"product-type-simple"},"_links":{"self":[{"href":"https:\/\/baralivres.ma\/index.php?rest_route=\/wp\/v2\/product\/13570","targetHints":{"allow":["GET"]}}],"collection":[{"href":"https:\/\/baralivres.ma\/index.php?rest_route=\/wp\/v2\/product"}],"about":[{"href":"https:\/\/baralivres.ma\/index.php?rest_route=\/wp\/v2\/types\/product"}],"replies":[{"embeddable":true,"href":"https:\/\/baralivres.ma\/index.php?rest_route=%2Fwp%2Fv2%2Fcomments&post=13570"}],"version-history":[{"count":1,"href":"https:\/\/baralivres.ma\/index.php?rest_route=\/wp\/v2\/product\/13570\/revisions"}],"predecessor-version":[{"id":13578,"href":"https:\/\/baralivres.ma\/index.php?rest_route=\/wp\/v2\/product\/13570\/revisions\/13578"}],"wp:featuredmedia":[{"embeddable":true,"href":"https:\/\/baralivres.ma\/index.php?rest_route=\/wp\/v2\/media\/13577"}],"wp:attachment":[{"href":"https:\/\/baralivres.ma\/index.php?rest_route=%2Fwp%2Fv2%2Fmedia&parent=13570"}],"wp:term":[{"taxonomy":"product_cat","embeddable":true,"href":"https:\/\/baralivres.ma\/index.php?rest_route=%2Fwp%2Fv2%2Fproduct_cat&post=13570"},{"taxonomy":"product_tag","embeddable":true,"href":"https:\/\/baralivres.ma\/index.php?rest_route=%2Fwp%2Fv2%2Fproduct_tag&post=13570"}],"curies":[{"name":"wp","href":"https:\/\/api.w.org\/{rel}","templated":true}]}}