{"id":13526,"date":"2023-10-23T11:30:07","date_gmt":"2023-10-23T10:30:07","guid":{"rendered":"https:\/\/baralivres.ma\/?post_type=product&#038;p=13526"},"modified":"2023-10-23T11:30:08","modified_gmt":"2023-10-23T10:30:08","slug":"lappel-du-neant","status":"publish","type":"product","link":"https:\/\/baralivres.ma\/?product=lappel-du-neant","title":{"rendered":"L&rsquo;Appel du n\u00e9ant"},"content":{"rendered":"<p>Un tueur en s\u00e9rie \u00e9nigmatique, traqu\u00e9 sans rel\u00e2che, les arcanes de la m\u00e9decine l\u00e9gale, et les secrets bien gard\u00e9s des services secrets : plongez dans ce thriller qui ne vous laissera aucun r\u00e9pit, envahissant vos nuits et hantant vos journ\u00e9es. Un tueur en s\u00e9rie insaisissable&#8230; Une traque implacable. La science m\u00e9dico-l\u00e9gale. Les sombres myst\u00e8res des services secrets. Face \u00e0 cette menace grandissante, peut-on esp\u00e9rer l&rsquo;av\u00e8nement du Bien ? Ludivine Vancker et son \u00e9quipe de la section de recherche de la gendarmerie de Paris se lancent dans une enqu\u00eate sans pr\u00e9c\u00e9dent, o\u00f9 l&rsquo;identit\u00e9 du tueur reste un myst\u00e8re insurmontable. Les enjeux s&rsquo;intensifient encore davantage avec l&rsquo;implication de la DGSI dans cette affaire&#8230; Pr\u00e9parez-vous \u00e0 \u00eatre plong\u00e9s dans un tourbillon de suspense qui vous obs\u00e9dera nuit et jour.<\/p>\n","protected":false},"excerpt":{"rendered":"<p>Un thriller intense m\u00ealant traque de tueur en s\u00e9rie, m\u00e9decine l\u00e9gale et secrets gouvernementaux, terrifiant et captivant.<\/p>\n","protected":false},"featured_media":13527,"comment_status":"open","ping_status":"closed","template":"","meta":{"inline_featured_image":false},"product_cat":[204,143],"product_tag":[],"class_list":{"0":"post-13526","1":"product","2":"type-product","3":"status-publish","4":"has-post-thumbnail","6":"product_cat-francais","7":"product_cat-roman","8":"pa_auteurs-maxime-chattam","10":"first","11":"instock","12":"shipping-taxable","13":"purchasable","14":"product-type-simple"},"_links":{"self":[{"href":"https:\/\/baralivres.ma\/index.php?rest_route=\/wp\/v2\/product\/13526","targetHints":{"allow":["GET"]}}],"collection":[{"href":"https:\/\/baralivres.ma\/index.php?rest_route=\/wp\/v2\/product"}],"about":[{"href":"https:\/\/baralivres.ma\/index.php?rest_route=\/wp\/v2\/types\/product"}],"replies":[{"embeddable":true,"href":"https:\/\/baralivres.ma\/index.php?rest_route=%2Fwp%2Fv2%2Fcomments&post=13526"}],"version-history":[{"count":1,"href":"https:\/\/baralivres.ma\/index.php?rest_route=\/wp\/v2\/product\/13526\/revisions"}],"predecessor-version":[{"id":13528,"href":"https:\/\/baralivres.ma\/index.php?rest_route=\/wp\/v2\/product\/13526\/revisions\/13528"}],"wp:featuredmedia":[{"embeddable":true,"href":"https:\/\/baralivres.ma\/index.php?rest_route=\/wp\/v2\/media\/13527"}],"wp:attachment":[{"href":"https:\/\/baralivres.ma\/index.php?rest_route=%2Fwp%2Fv2%2Fmedia&parent=13526"}],"wp:term":[{"taxonomy":"product_cat","embeddable":true,"href":"https:\/\/baralivres.ma\/index.php?rest_route=%2Fwp%2Fv2%2Fproduct_cat&post=13526"},{"taxonomy":"product_tag","embeddable":true,"href":"https:\/\/baralivres.ma\/index.php?rest_route=%2Fwp%2Fv2%2Fproduct_tag&post=13526"}],"curies":[{"name":"wp","href":"https:\/\/api.w.org\/{rel}","templated":true}]}}