{"id":13522,"date":"2023-10-23T11:20:37","date_gmt":"2023-10-23T10:20:37","guid":{"rendered":"https:\/\/baralivres.ma\/?post_type=product&#038;p=13522"},"modified":"2023-10-23T11:20:37","modified_gmt":"2023-10-23T10:20:37","slug":"13522","status":"publish","type":"product","link":"https:\/\/baralivres.ma\/?product=13522","title":{"rendered":""},"content":{"rendered":"<p>Pierre a d\u00e9cid\u00e9 de tout abandonner &#8211; son partenaire, son emploi, son cercle social &#8211; car il trouvait que sa vie \u00e9tait devenue trop monotone et bien rang\u00e9e.<\/p>\n<p>Il est devenu un homme compl\u00e8tement transform\u00e9, embrassant sa nouvelle libert\u00e9 tout en d\u00e9couvrant son c\u00f4t\u00e9 sauvage en c\u00f4toyant les animaux du zoo de Vincennes au quotidien.<\/p>\n<p>Cependant, son \u00e9cart par rapport \u00e0 sa trajectoire habituelle semble avoir d\u00e9clench\u00e9 une r\u00e9action en cha\u00eene cosmique. Sa nouvelle petite amie et presque toutes les personnes auxquelles il tient sont victimes de terribles \u00e9v\u00e9nements. Est-ce une mal\u00e9diction ? Ou une histoire d&rsquo;assassinat ? Cela marque-t-il un nouveau d\u00e9part ou la fin de tout ? La v\u00e9ritable identit\u00e9 de Pierre et les fondations fragiles de son existence sont remises en question.<\/p>\n","protected":false},"excerpt":{"rendered":"<p>Pierre quitte sa vie ordinaire pour le zoo, d\u00e9clenchant une s\u00e9rie d&rsquo;\u00e9v\u00e9nements tragiques et myst\u00e9rieux.<\/p>\n","protected":false},"featured_media":13524,"comment_status":"open","ping_status":"closed","template":"","meta":{"inline_featured_image":false},"product_cat":[204,143],"product_tag":[],"class_list":{"0":"post-13522","1":"product","2":"type-product","3":"status-publish","4":"has-post-thumbnail","6":"product_cat-francais","7":"product_cat-roman","8":"pa_auteurs-maxime-chattam","10":"first","11":"instock","12":"shipping-taxable","13":"purchasable","14":"product-type-simple"},"_links":{"self":[{"href":"https:\/\/baralivres.ma\/index.php?rest_route=\/wp\/v2\/product\/13522","targetHints":{"allow":["GET"]}}],"collection":[{"href":"https:\/\/baralivres.ma\/index.php?rest_route=\/wp\/v2\/product"}],"about":[{"href":"https:\/\/baralivres.ma\/index.php?rest_route=\/wp\/v2\/types\/product"}],"replies":[{"embeddable":true,"href":"https:\/\/baralivres.ma\/index.php?rest_route=%2Fwp%2Fv2%2Fcomments&post=13522"}],"version-history":[{"count":1,"href":"https:\/\/baralivres.ma\/index.php?rest_route=\/wp\/v2\/product\/13522\/revisions"}],"predecessor-version":[{"id":13525,"href":"https:\/\/baralivres.ma\/index.php?rest_route=\/wp\/v2\/product\/13522\/revisions\/13525"}],"wp:featuredmedia":[{"embeddable":true,"href":"https:\/\/baralivres.ma\/index.php?rest_route=\/wp\/v2\/media\/13524"}],"wp:attachment":[{"href":"https:\/\/baralivres.ma\/index.php?rest_route=%2Fwp%2Fv2%2Fmedia&parent=13522"}],"wp:term":[{"taxonomy":"product_cat","embeddable":true,"href":"https:\/\/baralivres.ma\/index.php?rest_route=%2Fwp%2Fv2%2Fproduct_cat&post=13522"},{"taxonomy":"product_tag","embeddable":true,"href":"https:\/\/baralivres.ma\/index.php?rest_route=%2Fwp%2Fv2%2Fproduct_tag&post=13522"}],"curies":[{"name":"wp","href":"https:\/\/api.w.org\/{rel}","templated":true}]}}