{"id":13512,"date":"2023-10-23T10:51:48","date_gmt":"2023-10-23T09:51:48","guid":{"rendered":"https:\/\/baralivres.ma\/?post_type=product&#038;p=13512"},"modified":"2023-10-23T10:51:48","modified_gmt":"2023-10-23T09:51:48","slug":"heros-dun-jour","status":"publish","type":"product","link":"https:\/\/baralivres.ma\/?product=heros-dun-jour","title":{"rendered":"H\u00e9ros d&rsquo;un jour"},"content":{"rendered":"<p>Au cours d&rsquo;une belle matin\u00e9e de mai, deux avions prennent leur envol depuis New York en direction de San Francisco. Quelques heures plus t\u00f4t, Bernice Adams, une agente de s\u00e9curit\u00e9 \u00e0 l&rsquo;a\u00e9roport JFK, d\u00e9couvre une carte postale du pont du Golden Gate portant un message myst\u00e9rieux. Inqui\u00e8te, elle alerte les autorit\u00e9s de la S\u00e9curit\u00e9 int\u00e9rieure, qui confient l&rsquo;affaire \u00e0 Ben Waterman. Convaincu que l&rsquo;auteur de cette \u00e9nigmatique missive pr\u00e9pare un acte sinistre, Ben s&rsquo;engage \u00e0 tout mettre en \u0153uvre pour identifier la personne en question et d\u00e9terminer sur quel vol elle a embarqu\u00e9. Cependant, le nombre de suspects potentiels est \u00e9lev\u00e9, et le temps joue contre lui.<\/p>\n","protected":false},"excerpt":{"rendered":"<p>Deux avions d\u00e9collent de New York vers San Francisco, suite \u00e0 la d\u00e9couverte d&rsquo;une carte postale \u00e9nigmatique par Bernice, incitant l&rsquo;agent Ben Waterman \u00e0 enqu\u00eater sur l&rsquo;auteur du message avant qu&rsquo;un acte sinistre ne se produise.<\/p>\n","protected":false},"featured_media":13513,"comment_status":"open","ping_status":"closed","template":"","meta":{"inline_featured_image":false},"product_cat":[204],"product_tag":[],"class_list":{"0":"post-13512","1":"product","2":"type-product","3":"status-publish","4":"has-post-thumbnail","6":"product_cat-francais","7":"pa_auteurs-danielle-steel","9":"first","10":"instock","11":"shipping-taxable","12":"purchasable","13":"product-type-simple"},"_links":{"self":[{"href":"https:\/\/baralivres.ma\/index.php?rest_route=\/wp\/v2\/product\/13512","targetHints":{"allow":["GET"]}}],"collection":[{"href":"https:\/\/baralivres.ma\/index.php?rest_route=\/wp\/v2\/product"}],"about":[{"href":"https:\/\/baralivres.ma\/index.php?rest_route=\/wp\/v2\/types\/product"}],"replies":[{"embeddable":true,"href":"https:\/\/baralivres.ma\/index.php?rest_route=%2Fwp%2Fv2%2Fcomments&post=13512"}],"version-history":[{"count":1,"href":"https:\/\/baralivres.ma\/index.php?rest_route=\/wp\/v2\/product\/13512\/revisions"}],"predecessor-version":[{"id":13514,"href":"https:\/\/baralivres.ma\/index.php?rest_route=\/wp\/v2\/product\/13512\/revisions\/13514"}],"wp:featuredmedia":[{"embeddable":true,"href":"https:\/\/baralivres.ma\/index.php?rest_route=\/wp\/v2\/media\/13513"}],"wp:attachment":[{"href":"https:\/\/baralivres.ma\/index.php?rest_route=%2Fwp%2Fv2%2Fmedia&parent=13512"}],"wp:term":[{"taxonomy":"product_cat","embeddable":true,"href":"https:\/\/baralivres.ma\/index.php?rest_route=%2Fwp%2Fv2%2Fproduct_cat&post=13512"},{"taxonomy":"product_tag","embeddable":true,"href":"https:\/\/baralivres.ma\/index.php?rest_route=%2Fwp%2Fv2%2Fproduct_tag&post=13512"}],"curies":[{"name":"wp","href":"https:\/\/api.w.org\/{rel}","templated":true}]}}