{"id":13509,"date":"2023-10-23T10:44:59","date_gmt":"2023-10-23T09:44:59","guid":{"rendered":"https:\/\/baralivres.ma\/?post_type=product&#038;p=13509"},"modified":"2023-10-23T10:44:59","modified_gmt":"2023-10-23T09:44:59","slug":"conte-de-fees","status":"publish","type":"product","link":"https:\/\/baralivres.ma\/?product=conte-de-fees","title":{"rendered":"Conte de f\u00e9es"},"content":{"rendered":"<p>Camille Lammenais a grandi paisiblement au sein du domaine viticole familial en Californie, un domaine o\u00f9 ses parents, Joy et Christophe, ont \u00e9rig\u00e9 un ch\u00e2teau et cr\u00e9\u00e9 des vins de renom. Apr\u00e8s avoir r\u00e9ussi brillamment ses \u00e9tudes, Camille retourne chez elle pour r\u00e9aliser son r\u00eave de toujours, mais la tragique perte de sa m\u00e8re met fin \u00e0 cette p\u00e9riode enchant\u00e9e. Peu de temps apr\u00e8s, le p\u00e8re de Camille rencontre une myst\u00e9rieuse Fran\u00e7aise et d\u00e9cide de se remarier, suscitant le d\u00e9saccord de sa fille. Apr\u00e8s la mort de son p\u00e8re, Camille se retrouve \u00e0 la merci de sa belle-m\u00e8re, dont la v\u00e9ritable nature s&rsquo;av\u00e8re bien diff\u00e9rente de ce qu&rsquo;elle laissait para\u00eetre.<\/p>\n","protected":false},"excerpt":{"rendered":"<p>Camille grandit paisiblement dans le domaine viticole familial en Californie, mais sa vie prend un tournant inattendu avec la mort de sa m\u00e8re, le remariage de son p\u00e8re, et la d\u00e9couverte de la v\u00e9ritable nature de sa belle-m\u00e8re.<\/p>\n","protected":false},"featured_media":13510,"comment_status":"open","ping_status":"closed","template":"","meta":{"inline_featured_image":false},"product_cat":[143,178],"product_tag":[],"class_list":{"0":"post-13509","1":"product","2":"type-product","3":"status-publish","4":"has-post-thumbnail","6":"product_cat-roman","7":"product_cat-contemporain","8":"pa_auteurs-danielle-steel","10":"first","11":"instock","12":"shipping-taxable","13":"purchasable","14":"product-type-simple"},"_links":{"self":[{"href":"https:\/\/baralivres.ma\/index.php?rest_route=\/wp\/v2\/product\/13509","targetHints":{"allow":["GET"]}}],"collection":[{"href":"https:\/\/baralivres.ma\/index.php?rest_route=\/wp\/v2\/product"}],"about":[{"href":"https:\/\/baralivres.ma\/index.php?rest_route=\/wp\/v2\/types\/product"}],"replies":[{"embeddable":true,"href":"https:\/\/baralivres.ma\/index.php?rest_route=%2Fwp%2Fv2%2Fcomments&post=13509"}],"version-history":[{"count":1,"href":"https:\/\/baralivres.ma\/index.php?rest_route=\/wp\/v2\/product\/13509\/revisions"}],"predecessor-version":[{"id":13511,"href":"https:\/\/baralivres.ma\/index.php?rest_route=\/wp\/v2\/product\/13509\/revisions\/13511"}],"wp:featuredmedia":[{"embeddable":true,"href":"https:\/\/baralivres.ma\/index.php?rest_route=\/wp\/v2\/media\/13510"}],"wp:attachment":[{"href":"https:\/\/baralivres.ma\/index.php?rest_route=%2Fwp%2Fv2%2Fmedia&parent=13509"}],"wp:term":[{"taxonomy":"product_cat","embeddable":true,"href":"https:\/\/baralivres.ma\/index.php?rest_route=%2Fwp%2Fv2%2Fproduct_cat&post=13509"},{"taxonomy":"product_tag","embeddable":true,"href":"https:\/\/baralivres.ma\/index.php?rest_route=%2Fwp%2Fv2%2Fproduct_tag&post=13509"}],"curies":[{"name":"wp","href":"https:\/\/api.w.org\/{rel}","templated":true}]}}