{"id":13506,"date":"2023-10-23T10:59:56","date_gmt":"2023-10-23T09:59:56","guid":{"rendered":"https:\/\/baralivres.ma\/?post_type=product&#038;p=13506"},"modified":"2023-10-23T10:59:57","modified_gmt":"2023-10-23T09:59:57","slug":"la-conjuration-primitive","status":"publish","type":"product","link":"https:\/\/baralivres.ma\/?product=la-conjuration-primitive","title":{"rendered":"La Conjuration primitive"},"content":{"rendered":"<p>Et si la lutte contre le Mal ne pouvait \u00eatre men\u00e9e que par le Mal lui-m\u00eame ? Les enqu\u00eateurs ont baptis\u00e9 ces individus La B\u00eate et Le Fant\u00f4me&#8230; Bien que leurs modes op\u00e9ratoires diff\u00e8rent d&rsquo;un meurtre \u00e0 l&rsquo;autre, la sauvagerie de leurs actes demeure inqui\u00e9tante. De plus, une signature myst\u00e9rieuse, symbolis\u00e9e par la lettre \u00ab\u00a0e\u00a0\u00bb, les lie et \u00e9carte l&rsquo;hypoth\u00e8se de tueurs en s\u00e9rie isol\u00e9s. Est-ce que ces criminels se connaissent ?<\/p>\n<p>Cependant, La B\u00eate et Le Fant\u00f4me ne tardent pas \u00e0 avoir de la compagnie. Les crimes atroces se multiplient, initialement en France, puis \u00e0 travers toute l&rsquo;Europe. C&rsquo;est une comp\u00e9tition dans l&rsquo;horreur, une pr\u00e9dation \u00e0 l&rsquo;\u00e9tat pur.<\/p>\n<p>Afin d&rsquo;endiguer cette \u00e9pid\u00e9mie macabre et tenter de comprendre ce qui se passe, une unit\u00e9 d&rsquo;enqu\u00eate pas tout \u00e0 fait ordinaire fait \u00e9quipe avec un profiler de renom.<\/p>\n","protected":false},"excerpt":{"rendered":"<p>Lutte contre le Mal par le Mal, enqu\u00eateurs traquent tueurs sauvages, \u00e9nigmatique signature commune, Europe en danger.<\/p>\n","protected":false},"featured_media":13517,"comment_status":"open","ping_status":"closed","template":"","meta":{"inline_featured_image":false},"product_cat":[204,143],"product_tag":[],"class_list":{"0":"post-13506","1":"product","2":"type-product","3":"status-publish","4":"has-post-thumbnail","6":"product_cat-francais","7":"product_cat-roman","8":"pa_auteurs-maxime-chattam","10":"first","11":"instock","12":"shipping-taxable","13":"purchasable","14":"product-type-simple"},"_links":{"self":[{"href":"https:\/\/baralivres.ma\/index.php?rest_route=\/wp\/v2\/product\/13506","targetHints":{"allow":["GET"]}}],"collection":[{"href":"https:\/\/baralivres.ma\/index.php?rest_route=\/wp\/v2\/product"}],"about":[{"href":"https:\/\/baralivres.ma\/index.php?rest_route=\/wp\/v2\/types\/product"}],"replies":[{"embeddable":true,"href":"https:\/\/baralivres.ma\/index.php?rest_route=%2Fwp%2Fv2%2Fcomments&post=13506"}],"version-history":[{"count":1,"href":"https:\/\/baralivres.ma\/index.php?rest_route=\/wp\/v2\/product\/13506\/revisions"}],"predecessor-version":[{"id":13519,"href":"https:\/\/baralivres.ma\/index.php?rest_route=\/wp\/v2\/product\/13506\/revisions\/13519"}],"wp:featuredmedia":[{"embeddable":true,"href":"https:\/\/baralivres.ma\/index.php?rest_route=\/wp\/v2\/media\/13517"}],"wp:attachment":[{"href":"https:\/\/baralivres.ma\/index.php?rest_route=%2Fwp%2Fv2%2Fmedia&parent=13506"}],"wp:term":[{"taxonomy":"product_cat","embeddable":true,"href":"https:\/\/baralivres.ma\/index.php?rest_route=%2Fwp%2Fv2%2Fproduct_cat&post=13506"},{"taxonomy":"product_tag","embeddable":true,"href":"https:\/\/baralivres.ma\/index.php?rest_route=%2Fwp%2Fv2%2Fproduct_tag&post=13506"}],"curies":[{"name":"wp","href":"https:\/\/api.w.org\/{rel}","templated":true}]}}