{"id":13491,"date":"2023-10-23T10:25:58","date_gmt":"2023-10-23T09:25:58","guid":{"rendered":"https:\/\/baralivres.ma\/?post_type=product&#038;p=13491"},"modified":"2023-10-23T10:25:59","modified_gmt":"2023-10-23T09:25:59","slug":"la-fille-du-train","status":"publish","type":"product","link":"https:\/\/baralivres.ma\/?product=la-fille-du-train","title":{"rendered":"La Fille du train"},"content":{"rendered":"<p>Chaque jour, Rachel effectue deux trajets en train entre la banlieue o\u00f9 elle r\u00e9side et Londres, empruntant le train de 8 h 04 le matin et celui de 17 h 56 le soir. Au cours de ces voyages r\u00e9guliers, elle a l&rsquo;habitude d&rsquo;observer une charmante maison situ\u00e9e en contrebas de la voie ferr\u00e9e lors d&rsquo;un arr\u00eat. Cette demeure est si famili\u00e8re pour elle qu&rsquo;elle a m\u00eame attribu\u00e9 des noms \u00e0 ses suppos\u00e9s habitants, Jason et Jess, un couple qu&rsquo;elle imagine id\u00e9al, refl\u00e9tant la f\u00e9licit\u00e9 qu&rsquo;elle avait jadis partag\u00e9e avec son mari, avant qu&rsquo;il ne la trompe et la quitte.<\/p>\n<p>Cependant, un matin, le monde de Rachel bascule lorsque, durant l&rsquo;un de ses arr\u00eats, elle aper\u00e7oit Jess dans le jardin de la maison en compagnie d&rsquo;un homme qui n&rsquo;est pas Jason. Cette d\u00e9couverte l&rsquo;\u00e9branle profond\u00e9ment, l&rsquo;amenant \u00e0 se demander si Jess pourrait entretenir une liaison. Perturb\u00e9e par la perspective que ce couple mod\u00e8le puisse conna\u00eetre les m\u00eames tourments que le sien, Rachel d\u00e9cide de mener une enqu\u00eate pour en savoir davantage. Quelques jours plus tard, son trouble s&rsquo;accentue lorsqu&rsquo;elle d\u00e9couvre la photographie d&rsquo;un visage familier \u00e0 la une des journaux : Jess a myst\u00e9rieusement disparu&#8230;<\/p>\n","protected":false},"excerpt":{"rendered":"<div class=\"flex-1 overflow-hidden\">\n<div class=\"react-scroll-to-bottom--css-eiajm-79elbk h-full dark:bg-gray-800\">\n<div class=\"react-scroll-to-bottom--css-eiajm-1n7m0yu\">\n<div class=\"flex flex-col text-sm dark:bg-gray-800\">Rachel, train quotidien, couple id\u00e9alis\u00e9 Jess et Jason, infid\u00e9lit\u00e9 r\u00e9v\u00e9l\u00e9e, enqu\u00eate myst\u00e9rieuse de disparition.<\/div>\n<\/div>\n<\/div>\n<\/div>\n<div class=\"w-full pt-2 md:pt-0 border-t md:border-t-0 dark:border-white\/20 md:border-transparent md:dark:border-transparent md:pl-2 md:w-[calc(100%-.5rem)] absolute bottom-0 left-0 md:bg-vert-light-gradient bg-white dark:bg-gray-800 md:!bg-transparent dark:md:bg-vert-dark-gradient\">\n<div class=\"relative flex h-full flex-1 items-stretch md:flex-col\">\n<div>\n<div class=\"h-full flex ml-1 md:w-full md:m-auto md:mb-4 gap-0 md:gap-2 justify-center\"><\/div>\n<\/div>\n<\/div>\n<\/div>\n","protected":false},"featured_media":13492,"comment_status":"open","ping_status":"closed","template":"","meta":{"inline_featured_image":false},"product_cat":[204,143],"product_tag":[],"class_list":{"0":"post-13491","1":"product","2":"type-product","3":"status-publish","4":"has-post-thumbnail","6":"product_cat-francais","7":"product_cat-roman","8":"pa_auteurs-paula-hawkins","10":"first","11":"instock","12":"shipping-taxable","13":"purchasable","14":"product-type-simple"},"_links":{"self":[{"href":"https:\/\/baralivres.ma\/index.php?rest_route=\/wp\/v2\/product\/13491","targetHints":{"allow":["GET"]}}],"collection":[{"href":"https:\/\/baralivres.ma\/index.php?rest_route=\/wp\/v2\/product"}],"about":[{"href":"https:\/\/baralivres.ma\/index.php?rest_route=\/wp\/v2\/types\/product"}],"replies":[{"embeddable":true,"href":"https:\/\/baralivres.ma\/index.php?rest_route=%2Fwp%2Fv2%2Fcomments&post=13491"}],"version-history":[{"count":1,"href":"https:\/\/baralivres.ma\/index.php?rest_route=\/wp\/v2\/product\/13491\/revisions"}],"predecessor-version":[{"id":13493,"href":"https:\/\/baralivres.ma\/index.php?rest_route=\/wp\/v2\/product\/13491\/revisions\/13493"}],"wp:featuredmedia":[{"embeddable":true,"href":"https:\/\/baralivres.ma\/index.php?rest_route=\/wp\/v2\/media\/13492"}],"wp:attachment":[{"href":"https:\/\/baralivres.ma\/index.php?rest_route=%2Fwp%2Fv2%2Fmedia&parent=13491"}],"wp:term":[{"taxonomy":"product_cat","embeddable":true,"href":"https:\/\/baralivres.ma\/index.php?rest_route=%2Fwp%2Fv2%2Fproduct_cat&post=13491"},{"taxonomy":"product_tag","embeddable":true,"href":"https:\/\/baralivres.ma\/index.php?rest_route=%2Fwp%2Fv2%2Fproduct_tag&post=13491"}],"curies":[{"name":"wp","href":"https:\/\/api.w.org\/{rel}","templated":true}]}}