{"id":13490,"date":"2023-10-23T10:31:52","date_gmt":"2023-10-23T09:31:52","guid":{"rendered":"https:\/\/baralivres.ma\/?post_type=product&#038;p=13490"},"modified":"2023-10-23T10:31:53","modified_gmt":"2023-10-23T09:31:53","slug":"lappartement","status":"publish","type":"product","link":"https:\/\/baralivres.ma\/?product=lappartement","title":{"rendered":"L&rsquo;Appartement"},"content":{"rendered":"<p>Depuis neuf ans, Claire, Abby, Morgan et Sasha partagent un spacieux loft \u00e0 New York, transformant leur colocation de copines en une v\u00e9ritable famille de c\u0153ur. Elles partagent ouvertement leurs pr\u00e9occupations, de Claire qui \u00e9touffe dans un travail loin de ses r\u00eaves, au rythme effr\u00e9n\u00e9 de Sasha se sp\u00e9cialisant en obst\u00e9trique, la relation toxique d&rsquo;Abby avec Ivan qui entrave sa carri\u00e8re d&rsquo;\u00e9crivain, et les questionnements de Morgan sur son patron qu&rsquo;elle admire. Alors qu&rsquo;elles atteignent la trentaine, la vie les \u00e9loignant, pourront-elles toujours compter les unes sur les autres ?<\/p>\n","protected":false},"excerpt":{"rendered":"<p>Quatre amies partageant un loft \u00e0 New York depuis neuf ans voient leurs vies \u00e9voluer \u00e0 l&rsquo;or\u00e9e de la trentaine, mettant \u00e0 l&rsquo;\u00e9preuve leur lien ind\u00e9fectible.<\/p>\n","protected":false},"featured_media":13499,"comment_status":"open","ping_status":"closed","template":"","meta":{"inline_featured_image":false},"product_cat":[204,143],"product_tag":[],"class_list":{"0":"post-13490","1":"product","2":"type-product","3":"status-publish","4":"has-post-thumbnail","6":"product_cat-francais","7":"product_cat-roman","8":"pa_auteurs-danielle-steel","10":"first","11":"instock","12":"shipping-taxable","13":"purchasable","14":"product-type-simple"},"_links":{"self":[{"href":"https:\/\/baralivres.ma\/index.php?rest_route=\/wp\/v2\/product\/13490","targetHints":{"allow":["GET"]}}],"collection":[{"href":"https:\/\/baralivres.ma\/index.php?rest_route=\/wp\/v2\/product"}],"about":[{"href":"https:\/\/baralivres.ma\/index.php?rest_route=\/wp\/v2\/types\/product"}],"replies":[{"embeddable":true,"href":"https:\/\/baralivres.ma\/index.php?rest_route=%2Fwp%2Fv2%2Fcomments&post=13490"}],"version-history":[{"count":1,"href":"https:\/\/baralivres.ma\/index.php?rest_route=\/wp\/v2\/product\/13490\/revisions"}],"predecessor-version":[{"id":13500,"href":"https:\/\/baralivres.ma\/index.php?rest_route=\/wp\/v2\/product\/13490\/revisions\/13500"}],"wp:featuredmedia":[{"embeddable":true,"href":"https:\/\/baralivres.ma\/index.php?rest_route=\/wp\/v2\/media\/13499"}],"wp:attachment":[{"href":"https:\/\/baralivres.ma\/index.php?rest_route=%2Fwp%2Fv2%2Fmedia&parent=13490"}],"wp:term":[{"taxonomy":"product_cat","embeddable":true,"href":"https:\/\/baralivres.ma\/index.php?rest_route=%2Fwp%2Fv2%2Fproduct_cat&post=13490"},{"taxonomy":"product_tag","embeddable":true,"href":"https:\/\/baralivres.ma\/index.php?rest_route=%2Fwp%2Fv2%2Fproduct_tag&post=13490"}],"curies":[{"name":"wp","href":"https:\/\/api.w.org\/{rel}","templated":true}]}}