{"id":13486,"date":"2023-10-23T10:21:34","date_gmt":"2023-10-23T09:21:34","guid":{"rendered":"https:\/\/baralivres.ma\/?post_type=product&#038;p=13486"},"modified":"2023-10-23T10:22:06","modified_gmt":"2023-10-23T09:22:06","slug":"celle-qui-brule","status":"publish","type":"product","link":"https:\/\/baralivres.ma\/?product=celle-qui-brule","title":{"rendered":"Celle qui br\u00fble"},"content":{"rendered":"<p>Trois femmes, \u00e9trang\u00e8res les unes aux autres, mais li\u00e9es par une exp\u00e9rience commune d&rsquo;injustice. Jusqu&rsquo;o\u00f9 iront-elles pour obtenir r\u00e9paration ?<\/p>\n<p>Souvent, il suffit d&rsquo;une \u00e9tincelle pour raviver un feu longtemps couv\u00e9&#8230;<\/p>\n<p>Dans cette nuit myst\u00e9rieuse, qui a p\u00e9n\u00e9tr\u00e9 dans la p\u00e9niche de fa\u00e7on furtive ? Qui a pris la vie de Daniel Sutherland, ce jeune homme, et pour quel motif ? Est-ce Miriam, la voisine qui a fait la macabre d\u00e9couverte ? Laura, la derni\u00e8re personne \u00e0 l&rsquo;avoir vu vivant ? Ou bien sa tante Carla, entretenant des relations complexes avec lui ? Elles sont des \u00e9trang\u00e8res les unes aux autres, mais partagent un point commun : elles ont toutes \u00e9t\u00e9 victimes d&rsquo;injustices qui ont marqu\u00e9 leur existence. Chacune d&rsquo;elles abrite une col\u00e8re qui ne demande qu&rsquo;\u00e0 exploser, mais seule l&rsquo;une d&rsquo;entre elles a \u00e9t\u00e9 consum\u00e9e au point de tout d\u00e9vaster.<\/p>\n","protected":false},"excerpt":{"rendered":"<p>Trois femmes li\u00e9es par l&rsquo;injustice, une mort myst\u00e9rieuse. Leur col\u00e8re les m\u00e8ne vers une r\u00e9paration implacable.<\/p>\n","protected":false},"featured_media":13487,"comment_status":"open","ping_status":"closed","template":"","meta":{"inline_featured_image":false},"product_cat":[204,143],"product_tag":[],"class_list":{"0":"post-13486","1":"product","2":"type-product","3":"status-publish","4":"has-post-thumbnail","6":"product_cat-francais","7":"product_cat-roman","8":"pa_auteurs-paula-hawkins","10":"first","11":"instock","12":"shipping-taxable","13":"purchasable","14":"product-type-simple"},"_links":{"self":[{"href":"https:\/\/baralivres.ma\/index.php?rest_route=\/wp\/v2\/product\/13486","targetHints":{"allow":["GET"]}}],"collection":[{"href":"https:\/\/baralivres.ma\/index.php?rest_route=\/wp\/v2\/product"}],"about":[{"href":"https:\/\/baralivres.ma\/index.php?rest_route=\/wp\/v2\/types\/product"}],"replies":[{"embeddable":true,"href":"https:\/\/baralivres.ma\/index.php?rest_route=%2Fwp%2Fv2%2Fcomments&post=13486"}],"version-history":[{"count":2,"href":"https:\/\/baralivres.ma\/index.php?rest_route=\/wp\/v2\/product\/13486\/revisions"}],"predecessor-version":[{"id":13489,"href":"https:\/\/baralivres.ma\/index.php?rest_route=\/wp\/v2\/product\/13486\/revisions\/13489"}],"wp:featuredmedia":[{"embeddable":true,"href":"https:\/\/baralivres.ma\/index.php?rest_route=\/wp\/v2\/media\/13487"}],"wp:attachment":[{"href":"https:\/\/baralivres.ma\/index.php?rest_route=%2Fwp%2Fv2%2Fmedia&parent=13486"}],"wp:term":[{"taxonomy":"product_cat","embeddable":true,"href":"https:\/\/baralivres.ma\/index.php?rest_route=%2Fwp%2Fv2%2Fproduct_cat&post=13486"},{"taxonomy":"product_tag","embeddable":true,"href":"https:\/\/baralivres.ma\/index.php?rest_route=%2Fwp%2Fv2%2Fproduct_tag&post=13486"}],"curies":[{"name":"wp","href":"https:\/\/api.w.org\/{rel}","templated":true}]}}