{"id":13478,"date":"2023-10-23T10:18:54","date_gmt":"2023-10-23T09:18:54","guid":{"rendered":"https:\/\/baralivres.ma\/?post_type=product&#038;p=13478"},"modified":"2023-10-23T10:18:55","modified_gmt":"2023-10-23T09:18:55","slug":"une-femme-libre","status":"publish","type":"product","link":"https:\/\/baralivres.ma\/?product=une-femme-libre","title":{"rendered":"Une femme libre"},"content":{"rendered":"<p>En avril 1912, le naufrage du Titanic emporte le p\u00e8re et le fr\u00e8re d&rsquo;Annabelle. Pour trouver la f\u00e9licit\u00e9, elle \u00e9pouse son ami Josiah, mais leur amour se r\u00e9v\u00e8le impossible, la poussant \u00e0 s&rsquo;engager dans l&rsquo;effort de guerre en France pendant la Premi\u00e8re Guerre mondiale, scellant ainsi son destin.<\/p>\n","protected":false},"excerpt":{"rendered":"<p>Apr\u00e8s le naufrage du Titanic, Annabelle se marie \u00e0 Josiah, mais leur amour devient impossible, la menant \u00e0 s&rsquo;engager en France pendant la Premi\u00e8re Guerre mondiale.<\/p>\n","protected":false},"featured_media":13484,"comment_status":"open","ping_status":"closed","template":"","meta":{"inline_featured_image":false},"product_cat":[204,143],"product_tag":[],"class_list":{"0":"post-13478","1":"product","2":"type-product","3":"status-publish","4":"has-post-thumbnail","6":"product_cat-francais","7":"product_cat-roman","8":"pa_auteurs-danielle-steel","10":"first","11":"instock","12":"shipping-taxable","13":"purchasable","14":"product-type-simple"},"_links":{"self":[{"href":"https:\/\/baralivres.ma\/index.php?rest_route=\/wp\/v2\/product\/13478","targetHints":{"allow":["GET"]}}],"collection":[{"href":"https:\/\/baralivres.ma\/index.php?rest_route=\/wp\/v2\/product"}],"about":[{"href":"https:\/\/baralivres.ma\/index.php?rest_route=\/wp\/v2\/types\/product"}],"replies":[{"embeddable":true,"href":"https:\/\/baralivres.ma\/index.php?rest_route=%2Fwp%2Fv2%2Fcomments&post=13478"}],"version-history":[{"count":1,"href":"https:\/\/baralivres.ma\/index.php?rest_route=\/wp\/v2\/product\/13478\/revisions"}],"predecessor-version":[{"id":13485,"href":"https:\/\/baralivres.ma\/index.php?rest_route=\/wp\/v2\/product\/13478\/revisions\/13485"}],"wp:featuredmedia":[{"embeddable":true,"href":"https:\/\/baralivres.ma\/index.php?rest_route=\/wp\/v2\/media\/13484"}],"wp:attachment":[{"href":"https:\/\/baralivres.ma\/index.php?rest_route=%2Fwp%2Fv2%2Fmedia&parent=13478"}],"wp:term":[{"taxonomy":"product_cat","embeddable":true,"href":"https:\/\/baralivres.ma\/index.php?rest_route=%2Fwp%2Fv2%2Fproduct_cat&post=13478"},{"taxonomy":"product_tag","embeddable":true,"href":"https:\/\/baralivres.ma\/index.php?rest_route=%2Fwp%2Fv2%2Fproduct_tag&post=13478"}],"curies":[{"name":"wp","href":"https:\/\/api.w.org\/{rel}","templated":true}]}}