{"id":13470,"date":"2023-10-23T10:13:27","date_gmt":"2023-10-23T09:13:27","guid":{"rendered":"https:\/\/baralivres.ma\/?post_type=product&#038;p=13470"},"modified":"2023-10-23T10:13:28","modified_gmt":"2023-10-23T09:13:28","slug":"un-pur-bonheur","status":"publish","type":"product","link":"https:\/\/baralivres.ma\/?product=un-pur-bonheur","title":{"rendered":"Un pur bonheur"},"content":{"rendered":"<p>La vie de Danielle Steel ressemble \u00e0 une histoire d&rsquo;amour inattendue avec un petit chihuahua nomm\u00e9 Minnie, un r\u00e9cit empreint d&rsquo;humour et de tendresse o\u00f9 l&rsquo;auteure partage avec nous les pr\u00e9cieux compagnons \u00e0 quatre pattes qui ont marqu\u00e9 sa vie.<\/p>\n","protected":false},"excerpt":{"rendered":"<p>Dans ce livre, Danielle Steel partage sa relation pleine d&rsquo;humour et de tendresse avec son chihuahua Minnie et ses autres compagnons \u00e0 quatre pattes.<\/p>\n","protected":false},"featured_media":13476,"comment_status":"open","ping_status":"closed","template":"","meta":{"inline_featured_image":false},"product_cat":[204,143],"product_tag":[],"class_list":{"0":"post-13470","1":"product","2":"type-product","3":"status-publish","4":"has-post-thumbnail","6":"product_cat-francais","7":"product_cat-roman","8":"pa_auteurs-danielle-steel","10":"first","11":"instock","12":"shipping-taxable","13":"purchasable","14":"product-type-simple"},"_links":{"self":[{"href":"https:\/\/baralivres.ma\/index.php?rest_route=\/wp\/v2\/product\/13470","targetHints":{"allow":["GET"]}}],"collection":[{"href":"https:\/\/baralivres.ma\/index.php?rest_route=\/wp\/v2\/product"}],"about":[{"href":"https:\/\/baralivres.ma\/index.php?rest_route=\/wp\/v2\/types\/product"}],"replies":[{"embeddable":true,"href":"https:\/\/baralivres.ma\/index.php?rest_route=%2Fwp%2Fv2%2Fcomments&post=13470"}],"version-history":[{"count":1,"href":"https:\/\/baralivres.ma\/index.php?rest_route=\/wp\/v2\/product\/13470\/revisions"}],"predecessor-version":[{"id":13477,"href":"https:\/\/baralivres.ma\/index.php?rest_route=\/wp\/v2\/product\/13470\/revisions\/13477"}],"wp:featuredmedia":[{"embeddable":true,"href":"https:\/\/baralivres.ma\/index.php?rest_route=\/wp\/v2\/media\/13476"}],"wp:attachment":[{"href":"https:\/\/baralivres.ma\/index.php?rest_route=%2Fwp%2Fv2%2Fmedia&parent=13470"}],"wp:term":[{"taxonomy":"product_cat","embeddable":true,"href":"https:\/\/baralivres.ma\/index.php?rest_route=%2Fwp%2Fv2%2Fproduct_cat&post=13470"},{"taxonomy":"product_tag","embeddable":true,"href":"https:\/\/baralivres.ma\/index.php?rest_route=%2Fwp%2Fv2%2Fproduct_tag&post=13470"}],"curies":[{"name":"wp","href":"https:\/\/api.w.org\/{rel}","templated":true}]}}