{"id":13465,"date":"2023-10-23T10:05:17","date_gmt":"2023-10-23T09:05:17","guid":{"rendered":"https:\/\/baralivres.ma\/?post_type=product&#038;p=13465"},"modified":"2023-10-23T10:05:18","modified_gmt":"2023-10-23T09:05:18","slug":"lange-gardien","status":"publish","type":"product","link":"https:\/\/baralivres.ma\/?product=lange-gardien","title":{"rendered":"L&rsquo;ange gardien"},"content":{"rendered":"<p>Apr\u00e8s avoir perdu la vie dans un tragique accident de voiture, Johnny revient sur terre pour apporter son aide \u00e0 sa famille en deuil, principalement \u00e0 sa m\u00e8re, Alice, qui se trouve plong\u00e9e dans une profonde d\u00e9tresse \u00e0 la suite de sa disparition.<\/p>\n","protected":false},"excerpt":{"rendered":"<p>Johnny, d\u00e9c\u00e9d\u00e9 dans un accident de voiture, revient en esprit pour soutenir sa famille, en particulier sa m\u00e8re, Alice, qui lutte contre la douleur de sa perte.<\/p>\n","protected":false},"featured_media":13468,"comment_status":"open","ping_status":"closed","template":"","meta":{"inline_featured_image":false},"product_cat":[204,143],"product_tag":[],"class_list":{"0":"post-13465","1":"product","2":"type-product","3":"status-publish","4":"has-post-thumbnail","6":"product_cat-francais","7":"product_cat-roman","8":"pa_auteurs-danielle-steel","10":"first","11":"instock","12":"shipping-taxable","13":"purchasable","14":"product-type-simple"},"_links":{"self":[{"href":"https:\/\/baralivres.ma\/index.php?rest_route=\/wp\/v2\/product\/13465","targetHints":{"allow":["GET"]}}],"collection":[{"href":"https:\/\/baralivres.ma\/index.php?rest_route=\/wp\/v2\/product"}],"about":[{"href":"https:\/\/baralivres.ma\/index.php?rest_route=\/wp\/v2\/types\/product"}],"replies":[{"embeddable":true,"href":"https:\/\/baralivres.ma\/index.php?rest_route=%2Fwp%2Fv2%2Fcomments&post=13465"}],"version-history":[{"count":1,"href":"https:\/\/baralivres.ma\/index.php?rest_route=\/wp\/v2\/product\/13465\/revisions"}],"predecessor-version":[{"id":13469,"href":"https:\/\/baralivres.ma\/index.php?rest_route=\/wp\/v2\/product\/13465\/revisions\/13469"}],"wp:featuredmedia":[{"embeddable":true,"href":"https:\/\/baralivres.ma\/index.php?rest_route=\/wp\/v2\/media\/13468"}],"wp:attachment":[{"href":"https:\/\/baralivres.ma\/index.php?rest_route=%2Fwp%2Fv2%2Fmedia&parent=13465"}],"wp:term":[{"taxonomy":"product_cat","embeddable":true,"href":"https:\/\/baralivres.ma\/index.php?rest_route=%2Fwp%2Fv2%2Fproduct_cat&post=13465"},{"taxonomy":"product_tag","embeddable":true,"href":"https:\/\/baralivres.ma\/index.php?rest_route=%2Fwp%2Fv2%2Fproduct_tag&post=13465"}],"curies":[{"name":"wp","href":"https:\/\/api.w.org\/{rel}","templated":true}]}}