{"id":13459,"date":"2023-10-23T09:57:24","date_gmt":"2023-10-23T08:57:24","guid":{"rendered":"https:\/\/baralivres.ma\/?post_type=product&#038;p=13459"},"modified":"2023-10-23T09:57:24","modified_gmt":"2023-10-23T08:57:24","slug":"ouragan","status":"publish","type":"product","link":"https:\/\/baralivres.ma\/?product=ouragan","title":{"rendered":"Ouragan"},"content":{"rendered":"<p>Un ouragan nomm\u00e9 Ophelia se profile mena\u00e7ant au-dessus de New York, tandis que ses habitants se pr\u00e9parent \u00e0 affronter la temp\u00eate. Ellen essaie de persuader sa m\u00e8re de quitter son appartement, tandis que les \u00e9tudiants Peter et Ben sont impatients de vivre le spectacle. Cependant, la ville est submerg\u00e9e par des pluies torrentielles qui emportent tout sur leur passage. \u00c0 l&rsquo;h\u00f4pital, priv\u00e9 d&rsquo;\u00e9lectricit\u00e9, Juliette ne peut plus prodiguer des soins \u00e0 ses patients, et Charles ne parvient pas \u00e0 retrouver ses deux filles et son ex-femme. Avec la mont\u00e9e des eaux, une longue nuit s&rsquo;annonce.<\/p>\n","protected":false},"excerpt":{"rendered":"<p>Un ouragan d\u00e9vastateur frappe New York, mettant en danger la vie de plusieurs personnages alors que la ville est submerg\u00e9e par les inondations.<\/p>\n","protected":false},"featured_media":13462,"comment_status":"open","ping_status":"closed","template":"","meta":{"inline_featured_image":false},"product_cat":[204,143],"product_tag":[],"class_list":{"0":"post-13459","1":"product","2":"type-product","3":"status-publish","4":"has-post-thumbnail","6":"product_cat-francais","7":"product_cat-roman","8":"pa_auteurs-danielle-steel","10":"first","11":"instock","12":"shipping-taxable","13":"purchasable","14":"product-type-simple"},"_links":{"self":[{"href":"https:\/\/baralivres.ma\/index.php?rest_route=\/wp\/v2\/product\/13459","targetHints":{"allow":["GET"]}}],"collection":[{"href":"https:\/\/baralivres.ma\/index.php?rest_route=\/wp\/v2\/product"}],"about":[{"href":"https:\/\/baralivres.ma\/index.php?rest_route=\/wp\/v2\/types\/product"}],"replies":[{"embeddable":true,"href":"https:\/\/baralivres.ma\/index.php?rest_route=%2Fwp%2Fv2%2Fcomments&post=13459"}],"version-history":[{"count":1,"href":"https:\/\/baralivres.ma\/index.php?rest_route=\/wp\/v2\/product\/13459\/revisions"}],"predecessor-version":[{"id":13464,"href":"https:\/\/baralivres.ma\/index.php?rest_route=\/wp\/v2\/product\/13459\/revisions\/13464"}],"wp:featuredmedia":[{"embeddable":true,"href":"https:\/\/baralivres.ma\/index.php?rest_route=\/wp\/v2\/media\/13462"}],"wp:attachment":[{"href":"https:\/\/baralivres.ma\/index.php?rest_route=%2Fwp%2Fv2%2Fmedia&parent=13459"}],"wp:term":[{"taxonomy":"product_cat","embeddable":true,"href":"https:\/\/baralivres.ma\/index.php?rest_route=%2Fwp%2Fv2%2Fproduct_cat&post=13459"},{"taxonomy":"product_tag","embeddable":true,"href":"https:\/\/baralivres.ma\/index.php?rest_route=%2Fwp%2Fv2%2Fproduct_tag&post=13459"}],"curies":[{"name":"wp","href":"https:\/\/api.w.org\/{rel}","templated":true}]}}