{"id":13453,"date":"2023-10-23T09:52:18","date_gmt":"2023-10-23T08:52:18","guid":{"rendered":"https:\/\/baralivres.ma\/?post_type=product&#038;p=13453"},"modified":"2023-10-23T09:52:19","modified_gmt":"2023-10-23T08:52:19","slug":"noublier-jamais","status":"publish","type":"product","link":"https:\/\/baralivres.ma\/?product=noublier-jamais","title":{"rendered":"N&rsquo;oublier jamais"},"content":{"rendered":"<p>\u00c0 Yport, Jamal s&rsquo;est lanc\u00e9 dans une course sur la falaise la plus haute d&rsquo;Europe. Sa premi\u00e8re observation fut l&rsquo;\u00e9charpe rouge accroch\u00e9e \u00e0 une cl\u00f4ture. Ensuite, il remarqua une femme d&rsquo;une beaut\u00e9 incroyable, v\u00eatue d&rsquo;une robe d\u00e9chir\u00e9e, debout dos au vide, ses yeux fix\u00e9s sur les siens. Sans h\u00e9sitation, Jamal lui tendit l&rsquo;\u00e9charpe, tel un sauvetage.<\/p>\n<p>Quelques instants plus tard, sur la plage glac\u00e9e et d\u00e9serte, gisait le corps inerte de l&rsquo;inconnue, l&rsquo;\u00e9charpe rouge autour de son cou. Tout le monde soup\u00e7onnait Jamal de l&rsquo;avoir pouss\u00e9e, mais il avait simplement cherch\u00e9 \u00e0 la sauver. C&rsquo;est du moins la version de Jamal. Y croyez-vous ?<\/p>\n","protected":false},"excerpt":{"rendered":"<p>\u00c0 Yport, Jamal sauve une belle femme de la falaise, mais elle meurt, et il est accus\u00e9.<\/p>\n","protected":false},"featured_media":13457,"comment_status":"open","ping_status":"closed","template":"","meta":{"inline_featured_image":false},"product_cat":[204,143],"product_tag":[],"class_list":{"0":"post-13453","1":"product","2":"type-product","3":"status-publish","4":"has-post-thumbnail","6":"product_cat-francais","7":"product_cat-roman","8":"pa_auteurs-michel-bussi","10":"first","11":"instock","12":"shipping-taxable","13":"purchasable","14":"product-type-simple"},"_links":{"self":[{"href":"https:\/\/baralivres.ma\/index.php?rest_route=\/wp\/v2\/product\/13453","targetHints":{"allow":["GET"]}}],"collection":[{"href":"https:\/\/baralivres.ma\/index.php?rest_route=\/wp\/v2\/product"}],"about":[{"href":"https:\/\/baralivres.ma\/index.php?rest_route=\/wp\/v2\/types\/product"}],"replies":[{"embeddable":true,"href":"https:\/\/baralivres.ma\/index.php?rest_route=%2Fwp%2Fv2%2Fcomments&post=13453"}],"version-history":[{"count":1,"href":"https:\/\/baralivres.ma\/index.php?rest_route=\/wp\/v2\/product\/13453\/revisions"}],"predecessor-version":[{"id":13458,"href":"https:\/\/baralivres.ma\/index.php?rest_route=\/wp\/v2\/product\/13453\/revisions\/13458"}],"wp:featuredmedia":[{"embeddable":true,"href":"https:\/\/baralivres.ma\/index.php?rest_route=\/wp\/v2\/media\/13457"}],"wp:attachment":[{"href":"https:\/\/baralivres.ma\/index.php?rest_route=%2Fwp%2Fv2%2Fmedia&parent=13453"}],"wp:term":[{"taxonomy":"product_cat","embeddable":true,"href":"https:\/\/baralivres.ma\/index.php?rest_route=%2Fwp%2Fv2%2Fproduct_cat&post=13453"},{"taxonomy":"product_tag","embeddable":true,"href":"https:\/\/baralivres.ma\/index.php?rest_route=%2Fwp%2Fv2%2Fproduct_tag&post=13453"}],"curies":[{"name":"wp","href":"https:\/\/api.w.org\/{rel}","templated":true}]}}