{"id":13450,"date":"2023-10-23T09:51:26","date_gmt":"2023-10-23T08:51:26","guid":{"rendered":"https:\/\/baralivres.ma\/?post_type=product&#038;p=13450"},"modified":"2023-10-23T09:51:27","modified_gmt":"2023-10-23T08:51:27","slug":"prisonniere","status":"publish","type":"product","link":"https:\/\/baralivres.ma\/?product=prisonniere","title":{"rendered":"Prisonni\u00e8re"},"content":{"rendered":"<p>\u00c0 l&rsquo;\u00e2ge de 19 ans, Natasha est secourue des rues de Moscou par un milliardaire nomm\u00e9 Vladimir. Cependant, en \u00e9change de son sauvetage, elle se voit contrainte de r\u00e9pondre \u00e0 ses moindres d\u00e9sirs. Des ann\u00e9es plus tard, \u00e0 Saint-Paul-de-Vence, Vladimir se trouve irr\u00e9sistiblement attir\u00e9 par une \u0153uvre du peintre Lorenzo Luca. Malheureusement, la veuve de l&rsquo;artiste refuse cat\u00e9goriquement de la lui vendre. Lorsque le fils de Lorenzo, Th\u00e9o, lui-m\u00eame artiste, fait la connaissance de la ravissante Natasha pour la premi\u00e8re fois, il est submerg\u00e9 par le d\u00e9sir pour cette femme qui lui semble inatteignable. Au milieu de cette intrigue complexe impliquant Vladimir, Th\u00e9o et Natasha, cette derni\u00e8re commence \u00e0 nourrir des r\u00eaves d&rsquo;\u00e9mancipation qui lui paraissent impossibles \u00e0 r\u00e9aliser.<\/p>\n","protected":false},"excerpt":{"rendered":"<p>Natasha, sauv\u00e9e des rues de Moscou par un milliardaire, se retrouve au c\u0153ur d&rsquo;un triangle amoureux \u00e0 Saint-Paul-de-Vence, o\u00f9 sa qu\u00eate de libert\u00e9 devient un r\u00eave impossible.<\/p>\n","protected":false},"featured_media":13455,"comment_status":"open","ping_status":"closed","template":"","meta":{"inline_featured_image":false},"product_cat":[204,143],"product_tag":[],"class_list":{"0":"post-13450","1":"product","2":"type-product","3":"status-publish","4":"has-post-thumbnail","6":"product_cat-francais","7":"product_cat-roman","8":"pa_auteurs-danielle-steel","10":"first","11":"instock","12":"shipping-taxable","13":"purchasable","14":"product-type-simple"},"_links":{"self":[{"href":"https:\/\/baralivres.ma\/index.php?rest_route=\/wp\/v2\/product\/13450","targetHints":{"allow":["GET"]}}],"collection":[{"href":"https:\/\/baralivres.ma\/index.php?rest_route=\/wp\/v2\/product"}],"about":[{"href":"https:\/\/baralivres.ma\/index.php?rest_route=\/wp\/v2\/types\/product"}],"replies":[{"embeddable":true,"href":"https:\/\/baralivres.ma\/index.php?rest_route=%2Fwp%2Fv2%2Fcomments&post=13450"}],"version-history":[{"count":1,"href":"https:\/\/baralivres.ma\/index.php?rest_route=\/wp\/v2\/product\/13450\/revisions"}],"predecessor-version":[{"id":13456,"href":"https:\/\/baralivres.ma\/index.php?rest_route=\/wp\/v2\/product\/13450\/revisions\/13456"}],"wp:featuredmedia":[{"embeddable":true,"href":"https:\/\/baralivres.ma\/index.php?rest_route=\/wp\/v2\/media\/13455"}],"wp:attachment":[{"href":"https:\/\/baralivres.ma\/index.php?rest_route=%2Fwp%2Fv2%2Fmedia&parent=13450"}],"wp:term":[{"taxonomy":"product_cat","embeddable":true,"href":"https:\/\/baralivres.ma\/index.php?rest_route=%2Fwp%2Fv2%2Fproduct_cat&post=13450"},{"taxonomy":"product_tag","embeddable":true,"href":"https:\/\/baralivres.ma\/index.php?rest_route=%2Fwp%2Fv2%2Fproduct_tag&post=13450"}],"curies":[{"name":"wp","href":"https:\/\/api.w.org\/{rel}","templated":true}]}}