{"id":13445,"date":"2023-10-23T09:42:27","date_gmt":"2023-10-23T08:42:27","guid":{"rendered":"https:\/\/baralivres.ma\/?post_type=product&#038;p=13445"},"modified":"2023-10-23T09:42:28","modified_gmt":"2023-10-23T08:42:28","slug":"maman-a-tort","status":"publish","type":"product","link":"https:\/\/baralivres.ma\/?product=maman-a-tort","title":{"rendered":"Maman a tort"},"content":{"rendered":"<p>La m\u00e9moire d&rsquo;un enfant est d&rsquo;une fugacit\u00e9 in\u00e9gal\u00e9e. Lorsque Malone, \u00e2g\u00e9 de trois ans et demi, d\u00e9clare que sa m\u00e8re n&rsquo;est pas sa v\u00e9ritable m\u00e8re, une affirmation en apparence improbable, Vasile, psychologue scolaire, est le seul \u00e0 lui accorder foi.<\/p>\n<p>Il doit agir rapidement pour d\u00e9couvrir la v\u00e9rit\u00e9 dissimul\u00e9e et solliciter de l&rsquo;aide, peut-\u00eatre m\u00eame celle de la commandante Marianne Augresse.<\/p>\n<p>En effet, les souvenirs de Malone s&rsquo;\u00e9vanouissent d\u00e9j\u00e0, ne tenant plus qu&rsquo;\u00e0 un fil. Le compte \u00e0 rebours est enclench\u00e9. Qui est r\u00e9ellement Malone ?<\/p>\n","protected":false},"excerpt":{"rendered":"<p>Vasile, psychologue, doit percer le myst\u00e8re de Malone, un enfant dont la m\u00e9moire s&rsquo;efface rapidement.<\/p>\n<p>&nbsp;<\/p>\n","protected":false},"featured_media":13447,"comment_status":"open","ping_status":"closed","template":"","meta":{"inline_featured_image":false},"product_cat":[204,143],"product_tag":[],"class_list":{"0":"post-13445","1":"product","2":"type-product","3":"status-publish","4":"has-post-thumbnail","6":"product_cat-francais","7":"product_cat-roman","8":"pa_auteurs-michel-bussi","10":"first","11":"instock","12":"shipping-taxable","13":"purchasable","14":"product-type-simple"},"_links":{"self":[{"href":"https:\/\/baralivres.ma\/index.php?rest_route=\/wp\/v2\/product\/13445","targetHints":{"allow":["GET"]}}],"collection":[{"href":"https:\/\/baralivres.ma\/index.php?rest_route=\/wp\/v2\/product"}],"about":[{"href":"https:\/\/baralivres.ma\/index.php?rest_route=\/wp\/v2\/types\/product"}],"replies":[{"embeddable":true,"href":"https:\/\/baralivres.ma\/index.php?rest_route=%2Fwp%2Fv2%2Fcomments&post=13445"}],"version-history":[{"count":1,"href":"https:\/\/baralivres.ma\/index.php?rest_route=\/wp\/v2\/product\/13445\/revisions"}],"predecessor-version":[{"id":13448,"href":"https:\/\/baralivres.ma\/index.php?rest_route=\/wp\/v2\/product\/13445\/revisions\/13448"}],"wp:featuredmedia":[{"embeddable":true,"href":"https:\/\/baralivres.ma\/index.php?rest_route=\/wp\/v2\/media\/13447"}],"wp:attachment":[{"href":"https:\/\/baralivres.ma\/index.php?rest_route=%2Fwp%2Fv2%2Fmedia&parent=13445"}],"wp:term":[{"taxonomy":"product_cat","embeddable":true,"href":"https:\/\/baralivres.ma\/index.php?rest_route=%2Fwp%2Fv2%2Fproduct_cat&post=13445"},{"taxonomy":"product_tag","embeddable":true,"href":"https:\/\/baralivres.ma\/index.php?rest_route=%2Fwp%2Fv2%2Fproduct_tag&post=13445"}],"curies":[{"name":"wp","href":"https:\/\/api.w.org\/{rel}","templated":true}]}}