{"id":13441,"date":"2023-10-21T02:15:55","date_gmt":"2023-10-21T01:15:55","guid":{"rendered":"https:\/\/baralivres.ma\/?post_type=product&#038;p=13441"},"modified":"2023-10-21T02:16:19","modified_gmt":"2023-10-21T01:16:19","slug":"13441","status":"publish","type":"product","link":"https:\/\/baralivres.ma\/?product=13441","title":{"rendered":"On la trouvait plut\u00f4t jolie"},"content":{"rendered":"<p>\u00ab\u00a0Qu&rsquo;est-ce qui ne va pas, Leyli ? Vous \u00eates une belle personne. Vous avez trois adorables enfants, Bamby, Alpha, Tidiane. Vous avez r\u00e9ussi \u00e0 les \u00e9lever correctement.\u00a0\u00bb<\/p>\n<p>Leyli r\u00e9pondit, son regard fix\u00e9 ailleurs : \u00ab\u00a0Cela ne refl\u00e8te que les apparences, tout cela. C&rsquo;est vide. Nous manquons de l&rsquo;essentiel. Je me consid\u00e8re comme une m\u00e8re d\u00e9faillante. Mes trois enfants sont confront\u00e9s \u00e0 un destin sombre. Mon seul espoir r\u00e9side dans le fait que peut-\u00eatre l&rsquo;un d&rsquo;entre eux, un seul, puisse \u00e9chapper \u00e0 cette mal\u00e9diction.\u00a0\u00bb<\/p>\n<p>Elle ferma les yeux, laissant place \u00e0 un moment de silence, puis il insista : \u00ab\u00a0Qui est responsable de cette mal\u00e9diction ?\u00a0\u00bb<\/p>\n<p>Leyli r\u00e9pondit avec amertume : \u00ab\u00a0Nous le sommes tous, vous, moi, le monde entier. Personne n&rsquo;est innocent dans cette affaire.\u00a0\u00bb<\/p>\n<p>\u00ab\u00a0Du d\u00e9sert sah\u00e9lien \u00e0 l&rsquo;effervescence de la jungle urbaine marseillaise, une enqu\u00eate d\u00e9chirante s&rsquo;\u00e9talant sur quatre jours et trois nuits&#8230;\u00a0\u00bb<\/p>\n","protected":false},"excerpt":{"rendered":"<p>Leyli se sent inaccomplie malgr\u00e9 ses trois enfants, craignant une mal\u00e9diction, dans une enqu\u00eate bouleversante.<\/p>\n","protected":false},"featured_media":13442,"comment_status":"open","ping_status":"closed","template":"","meta":{"inline_featured_image":false},"product_cat":[204,143],"product_tag":[],"class_list":{"0":"post-13441","1":"product","2":"type-product","3":"status-publish","4":"has-post-thumbnail","6":"product_cat-francais","7":"product_cat-roman","8":"pa_auteurs-michel-bussi","10":"first","11":"instock","12":"shipping-taxable","13":"purchasable","14":"product-type-simple"},"_links":{"self":[{"href":"https:\/\/baralivres.ma\/index.php?rest_route=\/wp\/v2\/product\/13441","targetHints":{"allow":["GET"]}}],"collection":[{"href":"https:\/\/baralivres.ma\/index.php?rest_route=\/wp\/v2\/product"}],"about":[{"href":"https:\/\/baralivres.ma\/index.php?rest_route=\/wp\/v2\/types\/product"}],"replies":[{"embeddable":true,"href":"https:\/\/baralivres.ma\/index.php?rest_route=%2Fwp%2Fv2%2Fcomments&post=13441"}],"version-history":[{"count":2,"href":"https:\/\/baralivres.ma\/index.php?rest_route=\/wp\/v2\/product\/13441\/revisions"}],"predecessor-version":[{"id":13444,"href":"https:\/\/baralivres.ma\/index.php?rest_route=\/wp\/v2\/product\/13441\/revisions\/13444"}],"wp:featuredmedia":[{"embeddable":true,"href":"https:\/\/baralivres.ma\/index.php?rest_route=\/wp\/v2\/media\/13442"}],"wp:attachment":[{"href":"https:\/\/baralivres.ma\/index.php?rest_route=%2Fwp%2Fv2%2Fmedia&parent=13441"}],"wp:term":[{"taxonomy":"product_cat","embeddable":true,"href":"https:\/\/baralivres.ma\/index.php?rest_route=%2Fwp%2Fv2%2Fproduct_cat&post=13441"},{"taxonomy":"product_tag","embeddable":true,"href":"https:\/\/baralivres.ma\/index.php?rest_route=%2Fwp%2Fv2%2Fproduct_tag&post=13441"}],"curies":[{"name":"wp","href":"https:\/\/api.w.org\/{rel}","templated":true}]}}