{"id":13438,"date":"2023-10-21T01:57:07","date_gmt":"2023-10-21T00:57:07","guid":{"rendered":"https:\/\/baralivres.ma\/?post_type=product&#038;p=13438"},"modified":"2023-10-21T01:57:07","modified_gmt":"2023-10-21T00:57:07","slug":"tout-ce-qui-est-sur-terre-doit-perir","status":"publish","type":"product","link":"https:\/\/baralivres.ma\/?product=tout-ce-qui-est-sur-terre-doit-perir","title":{"rendered":"Tout ce qui est sur Terre doit p\u00e9rir"},"content":{"rendered":"<p>Une \u00e9nigmatique obscurit\u00e9 enferm\u00e9e dans les glaciers mill\u00e9naires du Mont Ararat&#8230; Un livre interdit, soigneusement verrouill\u00e9 dans les profondeurs du Vatican&#8230; Une myst\u00e9rieuse cr\u00e9ature en bois, arborant une corne singuli\u00e8re sur son front&#8230; Les indices, diss\u00e9min\u00e9s ici et l\u00e0, forment un gigantesque casse-t\u00eate \u00e0 reconstituer, r\u00e9v\u00e9lant ainsi les origines de toutes les religions mondiales. De Bordeaux \u00e0 Hong-Kong, en passant par l&rsquo;Arm\u00e9nie, Zak Ikabi est obs\u00e9d\u00e9 par une seule id\u00e9e : rassembler toutes les pi\u00e8ces pour enfin d\u00e9couvrir l&rsquo;arche de No\u00e9. Entra\u00een\u00e9e malgr\u00e9 elle dans cette qu\u00eate, la glaciologue C\u00e9cile Serval, aussi \u00e9rudite que passionn\u00e9e, se voit rapidement submerg\u00e9e par un d\u00e9luge de questions. Et une pluie de balles de kalachnikov, car certains sont pr\u00eats \u00e0 tout pour prot\u00e9ger ce secret&#8230;<\/p>\n","protected":false},"excerpt":{"rendered":"<p>Recherche d&rsquo;arche de No\u00e9, myst\u00e8res et dangers. Zak Ikabi et C\u00e9cile Serval d\u00e9couvrent origines religieuses mondiales.<\/p>\n","protected":false},"featured_media":13439,"comment_status":"open","ping_status":"closed","template":"","meta":{"inline_featured_image":false},"product_cat":[204,143],"product_tag":[],"class_list":{"0":"post-13438","1":"product","2":"type-product","3":"status-publish","4":"has-post-thumbnail","6":"product_cat-francais","7":"product_cat-roman","8":"pa_auteurs-michel-bussi","10":"first","11":"instock","12":"shipping-taxable","13":"purchasable","14":"product-type-simple"},"_links":{"self":[{"href":"https:\/\/baralivres.ma\/index.php?rest_route=\/wp\/v2\/product\/13438","targetHints":{"allow":["GET"]}}],"collection":[{"href":"https:\/\/baralivres.ma\/index.php?rest_route=\/wp\/v2\/product"}],"about":[{"href":"https:\/\/baralivres.ma\/index.php?rest_route=\/wp\/v2\/types\/product"}],"replies":[{"embeddable":true,"href":"https:\/\/baralivres.ma\/index.php?rest_route=%2Fwp%2Fv2%2Fcomments&post=13438"}],"version-history":[{"count":1,"href":"https:\/\/baralivres.ma\/index.php?rest_route=\/wp\/v2\/product\/13438\/revisions"}],"predecessor-version":[{"id":13440,"href":"https:\/\/baralivres.ma\/index.php?rest_route=\/wp\/v2\/product\/13438\/revisions\/13440"}],"wp:featuredmedia":[{"embeddable":true,"href":"https:\/\/baralivres.ma\/index.php?rest_route=\/wp\/v2\/media\/13439"}],"wp:attachment":[{"href":"https:\/\/baralivres.ma\/index.php?rest_route=%2Fwp%2Fv2%2Fmedia&parent=13438"}],"wp:term":[{"taxonomy":"product_cat","embeddable":true,"href":"https:\/\/baralivres.ma\/index.php?rest_route=%2Fwp%2Fv2%2Fproduct_cat&post=13438"},{"taxonomy":"product_tag","embeddable":true,"href":"https:\/\/baralivres.ma\/index.php?rest_route=%2Fwp%2Fv2%2Fproduct_tag&post=13438"}],"curies":[{"name":"wp","href":"https:\/\/api.w.org\/{rel}","templated":true}]}}