{"id":13435,"date":"2023-10-20T22:35:37","date_gmt":"2023-10-20T21:35:37","guid":{"rendered":"https:\/\/baralivres.ma\/?post_type=product&#038;p=13435"},"modified":"2023-10-20T22:35:37","modified_gmt":"2023-10-20T21:35:37","slug":"grave-dans-le-sable","status":"publish","type":"product","link":"https:\/\/baralivres.ma\/?product=grave-dans-le-sable","title":{"rendered":"Grav\u00e9 dans le sable"},"content":{"rendered":"<p>Quelle est la valeur d&rsquo;une existence ? Si l&rsquo;on r\u00e9pond au nom de Lucky, qu&rsquo;on est b\u00e9ni par la chance, la mort pourrait bien n&rsquo;\u00eatre qu&rsquo;un d\u00e9fi, un jeu.<\/p>\n<p>Le jour de juin 1944 o\u00f9 cent quatre-vingt-huit soldats se trouvaient \u00e0 bord de la p\u00e9niche, Lucky a mis\u00e9 sa vie pour une fortune hypoth\u00e9tique. Vingt ans plus tard, lorsque Alice, sa fianc\u00e9e, d\u00e9couvre l&rsquo;incroyable pacte conclu par Lucky, elle n&rsquo;a rien \u00e0 perdre. De la Normandie aux \u00c9tats-Unis, elle entreprend un voyage \u00e0 la recherche de la v\u00e9rit\u00e9 et des t\u00e9moins de cette \u00e9poque, prenant le risque de r\u00e9veiller les fant\u00f4mes du pass\u00e9.<\/p>\n","protected":false},"excerpt":{"rendered":"<p>Un homme nomm\u00e9 Lucky d\u00e9fie la mort en pariant sa vie en 1944, conduisant \u00e0 une qu\u00eate de v\u00e9rit\u00e9.<\/p>\n","protected":false},"featured_media":13436,"comment_status":"open","ping_status":"closed","template":"","meta":{"inline_featured_image":false},"product_cat":[204,143],"product_tag":[],"class_list":{"0":"post-13435","1":"product","2":"type-product","3":"status-publish","4":"has-post-thumbnail","6":"product_cat-francais","7":"product_cat-roman","8":"pa_auteurs-michel-bussi","10":"first","11":"instock","12":"shipping-taxable","13":"purchasable","14":"product-type-simple"},"_links":{"self":[{"href":"https:\/\/baralivres.ma\/index.php?rest_route=\/wp\/v2\/product\/13435","targetHints":{"allow":["GET"]}}],"collection":[{"href":"https:\/\/baralivres.ma\/index.php?rest_route=\/wp\/v2\/product"}],"about":[{"href":"https:\/\/baralivres.ma\/index.php?rest_route=\/wp\/v2\/types\/product"}],"replies":[{"embeddable":true,"href":"https:\/\/baralivres.ma\/index.php?rest_route=%2Fwp%2Fv2%2Fcomments&post=13435"}],"version-history":[{"count":1,"href":"https:\/\/baralivres.ma\/index.php?rest_route=\/wp\/v2\/product\/13435\/revisions"}],"predecessor-version":[{"id":13437,"href":"https:\/\/baralivres.ma\/index.php?rest_route=\/wp\/v2\/product\/13435\/revisions\/13437"}],"wp:featuredmedia":[{"embeddable":true,"href":"https:\/\/baralivres.ma\/index.php?rest_route=\/wp\/v2\/media\/13436"}],"wp:attachment":[{"href":"https:\/\/baralivres.ma\/index.php?rest_route=%2Fwp%2Fv2%2Fmedia&parent=13435"}],"wp:term":[{"taxonomy":"product_cat","embeddable":true,"href":"https:\/\/baralivres.ma\/index.php?rest_route=%2Fwp%2Fv2%2Fproduct_cat&post=13435"},{"taxonomy":"product_tag","embeddable":true,"href":"https:\/\/baralivres.ma\/index.php?rest_route=%2Fwp%2Fv2%2Fproduct_tag&post=13435"}],"curies":[{"name":"wp","href":"https:\/\/api.w.org\/{rel}","templated":true}]}}