{"id":13429,"date":"2023-10-20T18:53:45","date_gmt":"2023-10-20T17:53:45","guid":{"rendered":"https:\/\/baralivres.ma\/?post_type=product&#038;p=13429"},"modified":"2023-10-20T18:53:45","modified_gmt":"2023-10-20T17:53:45","slug":"beauchamp-hall","status":"publish","type":"product","link":"https:\/\/baralivres.ma\/?product=beauchamp-hall","title":{"rendered":"Beauchamp Hall"},"content":{"rendered":"<p>Winona Farmington, une r\u00eaveuse, prend enfin les r\u00eanes de sa vie. Apr\u00e8s des ann\u00e9es pass\u00e9es \u00e0 s&rsquo;occuper de sa m\u00e8re malade, elle quitte une relation d\u00e9cevante pour partir en Angleterre, \u00e0 Haversham. L\u00e0, elle se lie d&rsquo;amiti\u00e9 avec les propri\u00e9taires du ch\u00e2teau de sa s\u00e9rie pr\u00e9f\u00e9r\u00e9e, Beauchamp Hall, et d\u00e9cide de devenir l&rsquo;h\u00e9ro\u00efne de sa propre histoire.<\/p>\n","protected":false},"excerpt":{"rendered":"<p>Winona Farmington quitte une vie m\u00e9diocre pour r\u00e9aliser son r\u00eave en Angleterre, devenant l&rsquo;h\u00e9ro\u00efne de sa propre histoire.<\/p>\n","protected":false},"featured_media":13430,"comment_status":"open","ping_status":"closed","template":"","meta":{"inline_featured_image":false},"product_cat":[204,143],"product_tag":[],"class_list":{"0":"post-13429","1":"product","2":"type-product","3":"status-publish","4":"has-post-thumbnail","6":"product_cat-francais","7":"product_cat-roman","8":"pa_auteurs-danielle-steel","10":"first","11":"instock","12":"shipping-taxable","13":"purchasable","14":"product-type-simple"},"_links":{"self":[{"href":"https:\/\/baralivres.ma\/index.php?rest_route=\/wp\/v2\/product\/13429","targetHints":{"allow":["GET"]}}],"collection":[{"href":"https:\/\/baralivres.ma\/index.php?rest_route=\/wp\/v2\/product"}],"about":[{"href":"https:\/\/baralivres.ma\/index.php?rest_route=\/wp\/v2\/types\/product"}],"replies":[{"embeddable":true,"href":"https:\/\/baralivres.ma\/index.php?rest_route=%2Fwp%2Fv2%2Fcomments&post=13429"}],"version-history":[{"count":1,"href":"https:\/\/baralivres.ma\/index.php?rest_route=\/wp\/v2\/product\/13429\/revisions"}],"predecessor-version":[{"id":13431,"href":"https:\/\/baralivres.ma\/index.php?rest_route=\/wp\/v2\/product\/13429\/revisions\/13431"}],"wp:featuredmedia":[{"embeddable":true,"href":"https:\/\/baralivres.ma\/index.php?rest_route=\/wp\/v2\/media\/13430"}],"wp:attachment":[{"href":"https:\/\/baralivres.ma\/index.php?rest_route=%2Fwp%2Fv2%2Fmedia&parent=13429"}],"wp:term":[{"taxonomy":"product_cat","embeddable":true,"href":"https:\/\/baralivres.ma\/index.php?rest_route=%2Fwp%2Fv2%2Fproduct_cat&post=13429"},{"taxonomy":"product_tag","embeddable":true,"href":"https:\/\/baralivres.ma\/index.php?rest_route=%2Fwp%2Fv2%2Fproduct_tag&post=13429"}],"curies":[{"name":"wp","href":"https:\/\/api.w.org\/{rel}","templated":true}]}}