{"id":13423,"date":"2023-10-20T18:41:27","date_gmt":"2023-10-20T17:41:27","guid":{"rendered":"https:\/\/baralivres.ma\/?post_type=product&#038;p=13423"},"modified":"2023-10-20T18:41:27","modified_gmt":"2023-10-20T17:41:27","slug":"coup-de-grace","status":"publish","type":"product","link":"https:\/\/baralivres.ma\/?product=coup-de-grace","title":{"rendered":"Coup de gr\u00e2ce"},"content":{"rendered":"<p>La vie de Sydney Wells bascule avec la mort de son mari dans un accident tragique. \u00c9cart\u00e9e de l&rsquo;h\u00e9ritage par ses belles-filles, elle est chass\u00e9e de la propri\u00e9t\u00e9 familiale. \u00c0 49 ans, elle aspire \u00e0 devenir styliste mais doit affronter un milieu impitoyable. Malgr\u00e9 humiliations et revers financiers, la d\u00e9termin\u00e9e veuve se reconstruit entre New York et Hong Kong, b\u00e2tissant un avenir prometteur dont elle pourra \u00eatre fi\u00e8re.<\/p>\n","protected":false},"excerpt":{"rendered":"<p>Apr\u00e8s la mort de son mari, Sydney est exclue de l&rsquo;h\u00e9ritage et chass\u00e9e de chez elle par ses belles-filles. \u00c0 49 ans, elle r\u00eave de devenir styliste malgr\u00e9 les d\u00e9fis. Gr\u00e2ce \u00e0 sa d\u00e9termination, elle se reconstruit entre New York et Hong Kong, forgeant un avenir prometteur.<\/p>\n","protected":false},"featured_media":13424,"comment_status":"open","ping_status":"closed","template":"","meta":{"inline_featured_image":false},"product_cat":[204,143],"product_tag":[],"class_list":{"0":"post-13423","1":"product","2":"type-product","3":"status-publish","4":"has-post-thumbnail","6":"product_cat-francais","7":"product_cat-roman","8":"pa_auteurs-danielle-steel","10":"first","11":"instock","12":"shipping-taxable","13":"purchasable","14":"product-type-simple"},"_links":{"self":[{"href":"https:\/\/baralivres.ma\/index.php?rest_route=\/wp\/v2\/product\/13423","targetHints":{"allow":["GET"]}}],"collection":[{"href":"https:\/\/baralivres.ma\/index.php?rest_route=\/wp\/v2\/product"}],"about":[{"href":"https:\/\/baralivres.ma\/index.php?rest_route=\/wp\/v2\/types\/product"}],"replies":[{"embeddable":true,"href":"https:\/\/baralivres.ma\/index.php?rest_route=%2Fwp%2Fv2%2Fcomments&post=13423"}],"version-history":[{"count":1,"href":"https:\/\/baralivres.ma\/index.php?rest_route=\/wp\/v2\/product\/13423\/revisions"}],"predecessor-version":[{"id":13425,"href":"https:\/\/baralivres.ma\/index.php?rest_route=\/wp\/v2\/product\/13423\/revisions\/13425"}],"wp:featuredmedia":[{"embeddable":true,"href":"https:\/\/baralivres.ma\/index.php?rest_route=\/wp\/v2\/media\/13424"}],"wp:attachment":[{"href":"https:\/\/baralivres.ma\/index.php?rest_route=%2Fwp%2Fv2%2Fmedia&parent=13423"}],"wp:term":[{"taxonomy":"product_cat","embeddable":true,"href":"https:\/\/baralivres.ma\/index.php?rest_route=%2Fwp%2Fv2%2Fproduct_cat&post=13423"},{"taxonomy":"product_tag","embeddable":true,"href":"https:\/\/baralivres.ma\/index.php?rest_route=%2Fwp%2Fv2%2Fproduct_tag&post=13423"}],"curies":[{"name":"wp","href":"https:\/\/api.w.org\/{rel}","templated":true}]}}