{"id":13410,"date":"2023-10-20T10:59:46","date_gmt":"2023-10-20T09:59:46","guid":{"rendered":"https:\/\/baralivres.ma\/?post_type=product&#038;p=13410"},"modified":"2023-10-23T12:02:33","modified_gmt":"2023-10-23T11:02:33","slug":"ten-souviens-tu-mon-anais-et-autres-nouvelles","status":"publish","type":"product","link":"https:\/\/baralivres.ma\/?product=ten-souviens-tu-mon-anais-et-autres-nouvelles","title":{"rendered":"T&rsquo;en souviens-tu, mon Ana\u00efs? Et autres nouvelles"},"content":{"rendered":"<p>Il y a maintenant treize jours que Ariane et sa fille de trois ans ont emm\u00e9nag\u00e9 dans cette villa sur la C\u00f4te d&rsquo;Alb\u00e2tre, marquant ainsi le d\u00e9but d&rsquo;une nouvelle vie. Cependant, cette relocalisation, de Paris \u00e0 Veules-les-Roses, \u00e9voque un autre \u00e9pisode de fuite, datant de plus d&rsquo;un si\u00e8cle, lorsque qu&rsquo;une c\u00e9l\u00e8bre actrice de la Com\u00e9die-Fran\u00e7aise se r\u00e9fugiait ici pour cacher un lourd secret. Au fur et \u00e0 mesure qu&rsquo;Ariane commence \u00e0 se sentir observ\u00e9e chez elle, elle perd progressivement le contr\u00f4le de sa propre raison.<\/p>\n<p>Bienvenue dans le pays de Caux, un territoire de silence, de pommiers et de myst\u00e8res cach\u00e9s. Dans les romans de Michel Bussi, les surprises ne cessent que lorsque vous atteignez la derni\u00e8re page. Dans ses nouvelles, l&rsquo;intrigue persiste jusqu&rsquo;\u00e0 la derni\u00e8re ligne. H\u00e9l\u00e8ne Babu, Pauline Jambet, et Daniel Kenigsberg vous guideront \u00e0 travers quatre arr\u00eats fascinants dans l&rsquo;univers de Michel Bussi<\/p>\n","protected":false},"excerpt":{"rendered":"<p>Ariane emm\u00e9nage dans une villa, mais un secret ancien perturbe sa nouvelle vie, cr\u00e9ant myst\u00e8re et intrigue.<\/p>\n","protected":false},"featured_media":13559,"comment_status":"open","ping_status":"closed","template":"","meta":{"inline_featured_image":false},"product_cat":[204,143],"product_tag":[],"class_list":{"0":"post-13410","1":"product","2":"type-product","3":"status-publish","4":"has-post-thumbnail","6":"product_cat-francais","7":"product_cat-roman","8":"pa_auteurs-michel-bussi","10":"first","11":"instock","12":"shipping-taxable","13":"purchasable","14":"product-type-simple"},"_links":{"self":[{"href":"https:\/\/baralivres.ma\/index.php?rest_route=\/wp\/v2\/product\/13410","targetHints":{"allow":["GET"]}}],"collection":[{"href":"https:\/\/baralivres.ma\/index.php?rest_route=\/wp\/v2\/product"}],"about":[{"href":"https:\/\/baralivres.ma\/index.php?rest_route=\/wp\/v2\/types\/product"}],"replies":[{"embeddable":true,"href":"https:\/\/baralivres.ma\/index.php?rest_route=%2Fwp%2Fv2%2Fcomments&post=13410"}],"version-history":[{"count":3,"href":"https:\/\/baralivres.ma\/index.php?rest_route=\/wp\/v2\/product\/13410\/revisions"}],"predecessor-version":[{"id":13561,"href":"https:\/\/baralivres.ma\/index.php?rest_route=\/wp\/v2\/product\/13410\/revisions\/13561"}],"wp:featuredmedia":[{"embeddable":true,"href":"https:\/\/baralivres.ma\/index.php?rest_route=\/wp\/v2\/media\/13559"}],"wp:attachment":[{"href":"https:\/\/baralivres.ma\/index.php?rest_route=%2Fwp%2Fv2%2Fmedia&parent=13410"}],"wp:term":[{"taxonomy":"product_cat","embeddable":true,"href":"https:\/\/baralivres.ma\/index.php?rest_route=%2Fwp%2Fv2%2Fproduct_cat&post=13410"},{"taxonomy":"product_tag","embeddable":true,"href":"https:\/\/baralivres.ma\/index.php?rest_route=%2Fwp%2Fv2%2Fproduct_tag&post=13410"}],"curies":[{"name":"wp","href":"https:\/\/api.w.org\/{rel}","templated":true}]}}