{"id":13407,"date":"2023-10-20T10:45:51","date_gmt":"2023-10-20T09:45:51","guid":{"rendered":"https:\/\/baralivres.ma\/?post_type=product&#038;p=13407"},"modified":"2023-10-20T10:45:51","modified_gmt":"2023-10-20T09:45:51","slug":"nouvelle-babel","status":"publish","type":"product","link":"https:\/\/baralivres.ma\/?product=nouvelle-babel","title":{"rendered":"Nouvelle Babel"},"content":{"rendered":"<p>En explorant les \u00e9l\u00e9ments du suspense, de la manipulation, et de la science-fiction, Michel Bussi vous emm\u00e8ne dans un voyage captivant comme jamais auparavant.<\/p>\n<p>Le tueur op\u00e9rait avec une m\u00e9thode calme et m\u00e9thodique, plongeant les trois enqu\u00eateurs dans la terreur. Qui \u00e9tait ce meurtrier avan\u00e7ant \u00e0 d\u00e9couvert ? En un instant, leurs tablettes se connect\u00e8rent aux bases de donn\u00e9es mondiales de reconnaissance faciale, rendant impossible l&rsquo;anonymat dans ce monde contemporain. En quelques instants, l&rsquo;identit\u00e9 de ce criminel allait \u00eatre r\u00e9v\u00e9l\u00e9e. Ce qui s&rsquo;est pass\u00e9 ensuite dans ce r\u00e9cit fut encore plus \u00e9tonnant.<\/p>\n<p>Nous sommes en 2097, sur une \u00eele paradisiaque priv\u00e9e et inaccessible, o\u00f9 des retrait\u00e9s paisibles sont assassin\u00e9s. Trois policiers, un journaliste ambitieux, et une institutrice nostalgique s&rsquo;engagent dans une course contre la montre pour pr\u00e9server l&rsquo;\u00e9quilibre d&rsquo;un monde sans fronti\u00e8res, o\u00f9 la technologie permet aux \u00eatres humains d&rsquo;\u00eatre pr\u00e9sents \u00e0 la fois ici et ailleurs.<\/p>\n","protected":false},"excerpt":{"rendered":"<p>Michel Bussi m\u00eale suspense, manipulation, et anticipation dans un voyage captivant vers un futur technologique.<\/p>\n","protected":false},"featured_media":13408,"comment_status":"open","ping_status":"closed","template":"","meta":{"inline_featured_image":false},"product_cat":[204,143],"product_tag":[],"class_list":{"0":"post-13407","1":"product","2":"type-product","3":"status-publish","4":"has-post-thumbnail","6":"product_cat-francais","7":"product_cat-roman","8":"pa_auteurs-michel-bussi","10":"first","11":"instock","12":"shipping-taxable","13":"purchasable","14":"product-type-simple"},"_links":{"self":[{"href":"https:\/\/baralivres.ma\/index.php?rest_route=\/wp\/v2\/product\/13407","targetHints":{"allow":["GET"]}}],"collection":[{"href":"https:\/\/baralivres.ma\/index.php?rest_route=\/wp\/v2\/product"}],"about":[{"href":"https:\/\/baralivres.ma\/index.php?rest_route=\/wp\/v2\/types\/product"}],"replies":[{"embeddable":true,"href":"https:\/\/baralivres.ma\/index.php?rest_route=%2Fwp%2Fv2%2Fcomments&post=13407"}],"version-history":[{"count":1,"href":"https:\/\/baralivres.ma\/index.php?rest_route=\/wp\/v2\/product\/13407\/revisions"}],"predecessor-version":[{"id":13409,"href":"https:\/\/baralivres.ma\/index.php?rest_route=\/wp\/v2\/product\/13407\/revisions\/13409"}],"wp:featuredmedia":[{"embeddable":true,"href":"https:\/\/baralivres.ma\/index.php?rest_route=\/wp\/v2\/media\/13408"}],"wp:attachment":[{"href":"https:\/\/baralivres.ma\/index.php?rest_route=%2Fwp%2Fv2%2Fmedia&parent=13407"}],"wp:term":[{"taxonomy":"product_cat","embeddable":true,"href":"https:\/\/baralivres.ma\/index.php?rest_route=%2Fwp%2Fv2%2Fproduct_cat&post=13407"},{"taxonomy":"product_tag","embeddable":true,"href":"https:\/\/baralivres.ma\/index.php?rest_route=%2Fwp%2Fv2%2Fproduct_tag&post=13407"}],"curies":[{"name":"wp","href":"https:\/\/api.w.org\/{rel}","templated":true}]}}