{"id":13403,"date":"2023-10-20T10:38:36","date_gmt":"2023-10-20T09:38:36","guid":{"rendered":"https:\/\/baralivres.ma\/?post_type=product&#038;p=13403"},"modified":"2023-10-20T10:38:36","modified_gmt":"2023-10-20T09:38:36","slug":"un-avion-sans-elle","status":"publish","type":"product","link":"https:\/\/baralivres.ma\/?product=un-avion-sans-elle","title":{"rendered":"Un avion sans elle"},"content":{"rendered":"<p>Lyse-Rose ou \u00c9milie ? Quelle est l&rsquo;identit\u00e9 de la seule survivante d&rsquo;un accident d&rsquo;avion, une petite fille de trois mois ? Deux familles, l&rsquo;une ais\u00e9e et l&rsquo;autre modeste, se disputent la reconnaissance de la paternit\u00e9 de celle que les m\u00e9dias ont surnomm\u00e9e \u00ab Libellule \u00bb. Dix-huit ans plus tard, un d\u00e9tective priv\u00e9 pr\u00e9tend avoir perc\u00e9 le myst\u00e8re, mais il est assassin\u00e9, laissant derri\u00e8re lui un journal contenant tous les d\u00e9tails de son enqu\u00eate. De la Butte-aux-Cailles \u00e0 Paris jusqu&rsquo;\u00e0 Dieppe, du Val-de-Marne aux montagnes du mont Terrible dans le Jura, la jeune femme va d\u00e9m\u00ealer les fils de son propre pass\u00e9 jusqu&rsquo;\u00e0 ce que les masques tombent. Les rencontres fortuites et les co\u00efncidences ne sont-elles que des manifestations du destin, ou bien quelqu&rsquo;un manigance-t-il depuis le d\u00e9but, manipulant tous les acteurs de ce drame ?<\/p>\n","protected":false},"excerpt":{"rendered":"<p>Survivante d&rsquo;un crash d&rsquo;avion, une fille recherche sa vraie identit\u00e9, d\u00e9voilant complots et secrets familiaux.<\/p>\n","protected":false},"featured_media":13404,"comment_status":"open","ping_status":"closed","template":"","meta":{"inline_featured_image":false},"product_cat":[204,143],"product_tag":[],"class_list":{"0":"post-13403","1":"product","2":"type-product","3":"status-publish","4":"has-post-thumbnail","6":"product_cat-francais","7":"product_cat-roman","8":"pa_auteurs-michel-bussi","10":"first","11":"instock","12":"shipping-taxable","13":"purchasable","14":"product-type-simple"},"_links":{"self":[{"href":"https:\/\/baralivres.ma\/index.php?rest_route=\/wp\/v2\/product\/13403","targetHints":{"allow":["GET"]}}],"collection":[{"href":"https:\/\/baralivres.ma\/index.php?rest_route=\/wp\/v2\/product"}],"about":[{"href":"https:\/\/baralivres.ma\/index.php?rest_route=\/wp\/v2\/types\/product"}],"replies":[{"embeddable":true,"href":"https:\/\/baralivres.ma\/index.php?rest_route=%2Fwp%2Fv2%2Fcomments&post=13403"}],"version-history":[{"count":2,"href":"https:\/\/baralivres.ma\/index.php?rest_route=\/wp\/v2\/product\/13403\/revisions"}],"predecessor-version":[{"id":13406,"href":"https:\/\/baralivres.ma\/index.php?rest_route=\/wp\/v2\/product\/13403\/revisions\/13406"}],"wp:featuredmedia":[{"embeddable":true,"href":"https:\/\/baralivres.ma\/index.php?rest_route=\/wp\/v2\/media\/13404"}],"wp:attachment":[{"href":"https:\/\/baralivres.ma\/index.php?rest_route=%2Fwp%2Fv2%2Fmedia&parent=13403"}],"wp:term":[{"taxonomy":"product_cat","embeddable":true,"href":"https:\/\/baralivres.ma\/index.php?rest_route=%2Fwp%2Fv2%2Fproduct_cat&post=13403"},{"taxonomy":"product_tag","embeddable":true,"href":"https:\/\/baralivres.ma\/index.php?rest_route=%2Fwp%2Fv2%2Fproduct_tag&post=13403"}],"curies":[{"name":"wp","href":"https:\/\/api.w.org\/{rel}","templated":true}]}}