{"id":13394,"date":"2023-10-20T03:27:55","date_gmt":"2023-10-20T02:27:55","guid":{"rendered":"https:\/\/baralivres.ma\/?post_type=product&#038;p=13394"},"modified":"2023-10-20T03:27:55","modified_gmt":"2023-10-20T02:27:55","slug":"ames-animales","status":"publish","type":"product","link":"https:\/\/baralivres.ma\/?product=ames-animales","title":{"rendered":"\u00c2mes animales"},"content":{"rendered":"<p>La derni\u00e8re enqu\u00eate de Tom\u00e1s Noronha nous plonge dans l&rsquo;univers fascinant de l&rsquo;intelligence animale. \u00c0 Lisbonne, un scientifique est retrouv\u00e9 mort, flottant dans le bassin des orques de l&rsquo;Ocean\u00e1rio. Tous les indices semblent accuser Maria Flor, l&rsquo;\u00e9pouse de Tom\u00e1s Noronha, qui travaillait secr\u00e8tement avec le renomm\u00e9 expert de l&rsquo;intelligence animale.<\/p>\n<p>Pour prouver l&rsquo;innocence de sa femme, le c\u00e9l\u00e8bre cryptologue doit d\u00e9masquer le v\u00e9ritable coupable. Au cours de cette enqu\u00eate, il se retrouve face \u00e0 une ancienne confr\u00e9rie surgie du pass\u00e9, tout en explorant l&rsquo;un des myst\u00e8res les plus profonds de la nature : l&rsquo;intelligence, les \u00e9motions et la conscience des animaux.<\/p>\n<p>Quels secrets tentent-ils de dissimuler \u00e0 tout prix ? Quel lien existe entre ce meurtre et le g\u00e9nocide commis par les \u00eatres humains contre la vie sur Terre ? Qui sont les v\u00e9ritables \u00ab\u00a0b\u00eates\u00a0\u00bb : les animaux ou les hommes ?\u00a0\u00bb<\/p>\n","protected":false},"excerpt":{"rendered":"<p>\u00c0 Lisbonne, Tom\u00e1s Noronha doit prouver l&rsquo;innocence de sa femme en enqu\u00eatant sur la mort d&rsquo;un scientifique.<\/p>\n","protected":false},"featured_media":13397,"comment_status":"open","ping_status":"closed","template":"","meta":{"inline_featured_image":false},"product_cat":[204,143],"product_tag":[],"class_list":{"0":"post-13394","1":"product","2":"type-product","3":"status-publish","4":"has-post-thumbnail","6":"product_cat-francais","7":"product_cat-roman","8":"pa_auteurs-j-r-dos-santons","10":"first","11":"instock","12":"shipping-taxable","13":"purchasable","14":"product-type-simple"},"_links":{"self":[{"href":"https:\/\/baralivres.ma\/index.php?rest_route=\/wp\/v2\/product\/13394","targetHints":{"allow":["GET"]}}],"collection":[{"href":"https:\/\/baralivres.ma\/index.php?rest_route=\/wp\/v2\/product"}],"about":[{"href":"https:\/\/baralivres.ma\/index.php?rest_route=\/wp\/v2\/types\/product"}],"replies":[{"embeddable":true,"href":"https:\/\/baralivres.ma\/index.php?rest_route=%2Fwp%2Fv2%2Fcomments&post=13394"}],"version-history":[{"count":1,"href":"https:\/\/baralivres.ma\/index.php?rest_route=\/wp\/v2\/product\/13394\/revisions"}],"predecessor-version":[{"id":13398,"href":"https:\/\/baralivres.ma\/index.php?rest_route=\/wp\/v2\/product\/13394\/revisions\/13398"}],"wp:featuredmedia":[{"embeddable":true,"href":"https:\/\/baralivres.ma\/index.php?rest_route=\/wp\/v2\/media\/13397"}],"wp:attachment":[{"href":"https:\/\/baralivres.ma\/index.php?rest_route=%2Fwp%2Fv2%2Fmedia&parent=13394"}],"wp:term":[{"taxonomy":"product_cat","embeddable":true,"href":"https:\/\/baralivres.ma\/index.php?rest_route=%2Fwp%2Fv2%2Fproduct_cat&post=13394"},{"taxonomy":"product_tag","embeddable":true,"href":"https:\/\/baralivres.ma\/index.php?rest_route=%2Fwp%2Fv2%2Fproduct_tag&post=13394"}],"curies":[{"name":"wp","href":"https:\/\/api.w.org\/{rel}","templated":true}]}}