{"id":13391,"date":"2023-10-20T03:24:47","date_gmt":"2023-10-20T02:24:47","guid":{"rendered":"https:\/\/baralivres.ma\/?post_type=product&#038;p=13391"},"modified":"2023-10-23T12:06:18","modified_gmt":"2023-10-23T11:06:18","slug":"mise-en-scene","status":"publish","type":"product","link":"https:\/\/baralivres.ma\/?product=mise-en-scene","title":{"rendered":"Mise en sc\u00e8ne"},"content":{"rendered":"<p>Apr\u00e8s deux mariages rat\u00e9s et le d\u00e9part de ses enfants, Kait, malgr\u00e9 une carri\u00e8re brillante, d\u00e9cide de prendre un nouveau d\u00e9part. Elle rencontre Zack Winter, un producteur de t\u00e9l\u00e9vision, et s&rsquo;engage dans l&rsquo;\u00e9criture d&rsquo;une s\u00e9rie inspir\u00e9e de l&rsquo;histoire de sa grand-m\u00e8re, une pionni\u00e8re de l&rsquo;\u00e9mancipation des femmes.<\/p>\n<p>Kait s&rsquo;installe \u00e0 Los Angeles avec une \u00e9quipe de tournage excentrique, formant ainsi une seconde famille. Cependant, le destin lui r\u00e9serve une trag\u00e9die inattendue qui mettra sa r\u00e9silience \u00e0 l&rsquo;\u00e9preuve en tant que m\u00e8re.<\/p>\n","protected":false},"excerpt":{"rendered":"<p>Kait, apr\u00e8s deux mariages, red\u00e9marre sa vie en travaillant sur une s\u00e9rie \u00e0 Los Angeles avec le producteur Zack Winter. Malgr\u00e9 une \u00e9preuve inattendue en tant que m\u00e8re, elle trouve une seconde famille parmi l&rsquo;\u00e9quipe de tournage.<\/p>\n","protected":false},"featured_media":13563,"comment_status":"open","ping_status":"closed","template":"","meta":{"inline_featured_image":false},"product_cat":[204,143],"product_tag":[],"class_list":{"0":"post-13391","1":"product","2":"type-product","3":"status-publish","4":"has-post-thumbnail","6":"product_cat-francais","7":"product_cat-roman","8":"pa_auteurs-danielle-steel","10":"first","11":"instock","12":"shipping-taxable","13":"purchasable","14":"product-type-simple"},"_links":{"self":[{"href":"https:\/\/baralivres.ma\/index.php?rest_route=\/wp\/v2\/product\/13391","targetHints":{"allow":["GET"]}}],"collection":[{"href":"https:\/\/baralivres.ma\/index.php?rest_route=\/wp\/v2\/product"}],"about":[{"href":"https:\/\/baralivres.ma\/index.php?rest_route=\/wp\/v2\/types\/product"}],"replies":[{"embeddable":true,"href":"https:\/\/baralivres.ma\/index.php?rest_route=%2Fwp%2Fv2%2Fcomments&post=13391"}],"version-history":[{"count":1,"href":"https:\/\/baralivres.ma\/index.php?rest_route=\/wp\/v2\/product\/13391\/revisions"}],"predecessor-version":[{"id":13396,"href":"https:\/\/baralivres.ma\/index.php?rest_route=\/wp\/v2\/product\/13391\/revisions\/13396"}],"wp:featuredmedia":[{"embeddable":true,"href":"https:\/\/baralivres.ma\/index.php?rest_route=\/wp\/v2\/media\/13563"}],"wp:attachment":[{"href":"https:\/\/baralivres.ma\/index.php?rest_route=%2Fwp%2Fv2%2Fmedia&parent=13391"}],"wp:term":[{"taxonomy":"product_cat","embeddable":true,"href":"https:\/\/baralivres.ma\/index.php?rest_route=%2Fwp%2Fv2%2Fproduct_cat&post=13391"},{"taxonomy":"product_tag","embeddable":true,"href":"https:\/\/baralivres.ma\/index.php?rest_route=%2Fwp%2Fv2%2Fproduct_tag&post=13391"}],"curies":[{"name":"wp","href":"https:\/\/api.w.org\/{rel}","templated":true}]}}