{"id":13382,"date":"2023-10-20T03:08:13","date_gmt":"2023-10-20T02:08:13","guid":{"rendered":"https:\/\/baralivres.ma\/?post_type=product&#038;p=13382"},"modified":"2023-10-23T12:15:44","modified_gmt":"2023-10-23T11:15:44","slug":"immortel","status":"publish","type":"product","link":"https:\/\/baralivres.ma\/?product=immortel","title":{"rendered":"IMMORTEL"},"content":{"rendered":"<div class=\"flex-1 overflow-hidden\">\n<div class=\"react-scroll-to-bottom--css-blmop-79elbk h-full dark:bg-gray-800\">\n<div class=\"react-scroll-to-bottom--css-blmop-1n7m0yu\">\n<div class=\"flex flex-col text-sm dark:bg-gray-800\">\n<div class=\"group final-completion w-full text-token-text-primary border-b border-black\/10 gizmo:border-0 dark:border-gray-900\/50 gizmo:dark:border-0 bg-gray-50 gizmo:bg-transparent dark:bg-[#444654] gizmo:dark:bg-transparent\" data-testid=\"conversation-turn-3\">\n<div class=\"p-4 justify-center text-base md:gap-6 md:py-6 m-auto\">\n<div class=\"flex flex-1 gap-4 text-base mx-auto md:gap-6 gizmo:gap-3 gizmo:md:px-5 gizmo:lg:px-1 gizmo:xl:px-5 md:max-w-2xl lg:max-w-[38rem] gizmo:md:max-w-3xl gizmo:lg:max-w-[40rem] gizmo:xl:max-w-[48rem] xl:max-w-3xl }\">\n<div class=\"relative flex w-[calc(100%-50px)] flex-col gizmo:w-full lg:w-[calc(100%-115px)] agent-turn\">\n<div class=\"flex-col gap-1 md:gap-3\">\n<div class=\"flex flex-grow flex-col gap-3 max-w-full\">\n<div class=\"min-h-[20px] flex flex-col items-start gap-3 whitespace-pre-wrap break-words overflow-x-auto\">\n<div class=\"markdown prose w-full break-words dark:prose-invert dark\">\n<p><strong>Le premier \u00eatre humain immortel est d\u00e9j\u00e0 n\u00e9.<\/strong><\/p>\n<p>Apr\u00e8s avoir annonc\u00e9 la naissance de deux b\u00e9b\u00e9s g\u00e9n\u00e9tiquement modifi\u00e9s, un scientifique chinois dispara\u00eet, d\u00e9clenchant une s\u00e9rie de questions au sein de la presse internationale. Les agences de renseignement tentent de r\u00e9soudre ce myst\u00e8re, tandis qu&rsquo;un individu contacte Tom\u00e1s Noronha \u00e0 Lisbonne. Se pr\u00e9sentant comme un scientifique affili\u00e9 \u00e0 la DARPA, l&rsquo;agence am\u00e9ricaine pour les projets de recherche avanc\u00e9e de la D\u00e9fense, cet homme est \u00e0 la recherche du chercheur disparu. Tom\u00e1s d\u00e9couvre alors les v\u00e9ritables enjeux du projet secret chinois.<\/p>\n<p>Pour le grand retour de Tom\u00e1s Noronha, le protagoniste de \u00ab\u00a0La Formule de Dieu\u00a0\u00bb, J. R. dos Santos a choisi comme th\u00e8me central la question br\u00fblante de l&rsquo;intelligence artificielle. Se pose la question de savoir si l&rsquo;humanit\u00e9 est en train de toucher \u00e0 sa fin ou si elle est \u00e0 l&rsquo;aube d&rsquo;un nouveau commencement. En s&rsquo;appuyant sur les avanc\u00e9es les plus r\u00e9centes, J. R. dos Santos nous embarque dans une aventure palpitante, d\u00e9voilant le destin extraordinaire de l&rsquo;humanit\u00e9. Avec un s\u00e9rieux ind\u00e9fectible, il affirme que la science est sur le point d&rsquo;accomplir son plus grand exploit : la fin de la mort. Bient\u00f4t, il sera possible de vivre sans jamais conna\u00eetre la mort. Nous serons&#8230; immortels.<\/p>\n<\/div>\n<\/div>\n<\/div>\n<\/div>\n<\/div>\n<\/div>\n<\/div>\n<\/div>\n<\/div>\n<\/div>\n<\/div>\n<\/div>\n","protected":false},"excerpt":{"rendered":"<p>Un scientifique chinois disparu apr\u00e8s la naissance de b\u00e9b\u00e9s g\u00e9n\u00e9tiquement modifi\u00e9s intrigue le monde, r\u00e9v\u00e9lant des secrets scientifiques fascinants.<\/p>\n","protected":false},"featured_media":13566,"comment_status":"open","ping_status":"closed","template":"","meta":{"inline_featured_image":false},"product_cat":[204,143],"product_tag":[],"class_list":{"0":"post-13382","1":"product","2":"type-product","3":"status-publish","4":"has-post-thumbnail","6":"product_cat-francais","7":"product_cat-roman","8":"pa_auteurs-j-r-dos-santons","10":"first","11":"instock","12":"shipping-taxable","13":"purchasable","14":"product-type-simple"},"_links":{"self":[{"href":"https:\/\/baralivres.ma\/index.php?rest_route=\/wp\/v2\/product\/13382","targetHints":{"allow":["GET"]}}],"collection":[{"href":"https:\/\/baralivres.ma\/index.php?rest_route=\/wp\/v2\/product"}],"about":[{"href":"https:\/\/baralivres.ma\/index.php?rest_route=\/wp\/v2\/types\/product"}],"replies":[{"embeddable":true,"href":"https:\/\/baralivres.ma\/index.php?rest_route=%2Fwp%2Fv2%2Fcomments&post=13382"}],"version-history":[{"count":3,"href":"https:\/\/baralivres.ma\/index.php?rest_route=\/wp\/v2\/product\/13382\/revisions"}],"predecessor-version":[{"id":13568,"href":"https:\/\/baralivres.ma\/index.php?rest_route=\/wp\/v2\/product\/13382\/revisions\/13568"}],"wp:featuredmedia":[{"embeddable":true,"href":"https:\/\/baralivres.ma\/index.php?rest_route=\/wp\/v2\/media\/13566"}],"wp:attachment":[{"href":"https:\/\/baralivres.ma\/index.php?rest_route=%2Fwp%2Fv2%2Fmedia&parent=13382"}],"wp:term":[{"taxonomy":"product_cat","embeddable":true,"href":"https:\/\/baralivres.ma\/index.php?rest_route=%2Fwp%2Fv2%2Fproduct_cat&post=13382"},{"taxonomy":"product_tag","embeddable":true,"href":"https:\/\/baralivres.ma\/index.php?rest_route=%2Fwp%2Fv2%2Fproduct_tag&post=13382"}],"curies":[{"name":"wp","href":"https:\/\/api.w.org\/{rel}","templated":true}]}}