{"id":13379,"date":"2023-10-20T03:03:10","date_gmt":"2023-10-20T02:03:10","guid":{"rendered":"https:\/\/baralivres.ma\/?post_type=product&#038;p=13379"},"modified":"2023-10-23T12:17:36","modified_gmt":"2023-10-23T11:17:36","slug":"signe-de-vie","status":"publish","type":"product","link":"https:\/\/baralivres.ma\/?product=signe-de-vie","title":{"rendered":"SIGNE DE VIE"},"content":{"rendered":"<p>Cela fait d\u00e9j\u00e0 quarante ans que les antennes de l&rsquo;institut SETI, situ\u00e9 en Californie, scrutent silencieusement l&rsquo;infini de l&rsquo;espace. Puis, de mani\u00e8re inattendue, un signal parvient \u00e0 leurs r\u00e9cepteurs depuis les \u00e9toiles, via une fr\u00e9quence radio. S&rsquo;agit-il d&rsquo;une erreur de calcul ? D&rsquo;un simple satellite ? La NASA, l&rsquo;Agence spatiale europ\u00e9enne, la CNSA chinoise, et m\u00eame le pape en personne sont contraints de reconna\u00eetre que nous ne sommes pas seuls.<\/p>\n<p>Mais que contient ce message d&rsquo;origine extraterrestre ? Pour le d\u00e9couvrir, personne n&rsquo;est mieux qualifi\u00e9 que le cryptanalyste Tom\u00e1s Noronha. Les vastes objectifs de cette mission internationale conduiront Tom\u00e1s bien au-del\u00e0 de la simple d\u00e9cryption, l&#8217;emmenant \u00e0 bord d&rsquo;une navette pour faire face \u00e0 l&rsquo;inconnu&#8230;<\/p>\n","protected":false},"excerpt":{"rendered":"<p>Apr\u00e8s 40 ans d&rsquo;\u00e9coute silencieuse de l&rsquo;espace, l&rsquo;institut SETI re\u00e7oit un signal extraterrestre, menant Tom\u00e1s Noronha vers l&rsquo;inconnu.<\/p>\n","protected":false},"featured_media":13571,"comment_status":"open","ping_status":"closed","template":"","meta":{"inline_featured_image":false},"product_cat":[204,143],"product_tag":[],"class_list":{"0":"post-13379","1":"product","2":"type-product","3":"status-publish","4":"has-post-thumbnail","6":"product_cat-francais","7":"product_cat-roman","8":"pa_auteurs-j-r-dos-santons","10":"first","11":"instock","12":"shipping-taxable","13":"purchasable","14":"product-type-simple"},"_links":{"self":[{"href":"https:\/\/baralivres.ma\/index.php?rest_route=\/wp\/v2\/product\/13379","targetHints":{"allow":["GET"]}}],"collection":[{"href":"https:\/\/baralivres.ma\/index.php?rest_route=\/wp\/v2\/product"}],"about":[{"href":"https:\/\/baralivres.ma\/index.php?rest_route=\/wp\/v2\/types\/product"}],"replies":[{"embeddable":true,"href":"https:\/\/baralivres.ma\/index.php?rest_route=%2Fwp%2Fv2%2Fcomments&post=13379"}],"version-history":[{"count":3,"href":"https:\/\/baralivres.ma\/index.php?rest_route=\/wp\/v2\/product\/13379\/revisions"}],"predecessor-version":[{"id":13573,"href":"https:\/\/baralivres.ma\/index.php?rest_route=\/wp\/v2\/product\/13379\/revisions\/13573"}],"wp:featuredmedia":[{"embeddable":true,"href":"https:\/\/baralivres.ma\/index.php?rest_route=\/wp\/v2\/media\/13571"}],"wp:attachment":[{"href":"https:\/\/baralivres.ma\/index.php?rest_route=%2Fwp%2Fv2%2Fmedia&parent=13379"}],"wp:term":[{"taxonomy":"product_cat","embeddable":true,"href":"https:\/\/baralivres.ma\/index.php?rest_route=%2Fwp%2Fv2%2Fproduct_cat&post=13379"},{"taxonomy":"product_tag","embeddable":true,"href":"https:\/\/baralivres.ma\/index.php?rest_route=%2Fwp%2Fv2%2Fproduct_tag&post=13379"}],"curies":[{"name":"wp","href":"https:\/\/api.w.org\/{rel}","templated":true}]}}