{"id":13375,"date":"2023-10-20T02:41:16","date_gmt":"2023-10-20T01:41:16","guid":{"rendered":"https:\/\/baralivres.ma\/?post_type=product&#038;p=13375"},"modified":"2023-10-20T02:41:17","modified_gmt":"2023-10-20T01:41:17","slug":"lhomme-de-constantinople","status":"publish","type":"product","link":"https:\/\/baralivres.ma\/?product=lhomme-de-constantinople","title":{"rendered":"L&rsquo;Homme de Constantinople"},"content":{"rendered":"<p>Il a domin\u00e9 les domaines p\u00e9troliers sans aucun concurrent, puis s&rsquo;est impos\u00e9 sur le march\u00e9 de l&rsquo;art. Qu&rsquo;est-ce qui a motiv\u00e9 Calouste Gulbenkian ? Comment ce jeune Arm\u00e9nien, n\u00e9 sans ressources dans un Empire ottoman en d\u00e9clin, est-il devenu l&rsquo;homme le plus fortun\u00e9 du monde, influen\u00e7ant les destins des puissants et devenant le plus grand collectionneur de son \u00e9poque ?<\/p>\n<p>La cl\u00e9 de sa fulgurante ascension, il l&rsquo;a partag\u00e9e avec son fils sur son lit de mort. La question qui l&rsquo;a obs\u00e9d\u00e9 toute sa vie, qu&rsquo;il a pos\u00e9e une derni\u00e8re fois : \u00ab\u00a0Quelle est la v\u00e9ritable nature de la beaut\u00e9 ?\u00a0\u00bb.<\/p>\n","protected":false},"excerpt":{"rendered":"<p>Calouste Gulbenkian, de l&rsquo;Empire ottoman \u00e0 la richesse mondiale gr\u00e2ce au p\u00e9trole et \u00e0 l&rsquo;art, questionne la beaut\u00e9 tout au long de sa vie.<\/p>\n","protected":false},"featured_media":13376,"comment_status":"open","ping_status":"closed","template":"","meta":{"inline_featured_image":false},"product_cat":[204,143],"product_tag":[],"class_list":{"0":"post-13375","1":"product","2":"type-product","3":"status-publish","4":"has-post-thumbnail","6":"product_cat-francais","7":"product_cat-roman","8":"pa_auteurs-j-r-dos-santons","10":"first","11":"instock","12":"shipping-taxable","13":"purchasable","14":"product-type-simple"},"_links":{"self":[{"href":"https:\/\/baralivres.ma\/index.php?rest_route=\/wp\/v2\/product\/13375","targetHints":{"allow":["GET"]}}],"collection":[{"href":"https:\/\/baralivres.ma\/index.php?rest_route=\/wp\/v2\/product"}],"about":[{"href":"https:\/\/baralivres.ma\/index.php?rest_route=\/wp\/v2\/types\/product"}],"replies":[{"embeddable":true,"href":"https:\/\/baralivres.ma\/index.php?rest_route=%2Fwp%2Fv2%2Fcomments&post=13375"}],"version-history":[{"count":2,"href":"https:\/\/baralivres.ma\/index.php?rest_route=\/wp\/v2\/product\/13375\/revisions"}],"predecessor-version":[{"id":13378,"href":"https:\/\/baralivres.ma\/index.php?rest_route=\/wp\/v2\/product\/13375\/revisions\/13378"}],"wp:featuredmedia":[{"embeddable":true,"href":"https:\/\/baralivres.ma\/index.php?rest_route=\/wp\/v2\/media\/13376"}],"wp:attachment":[{"href":"https:\/\/baralivres.ma\/index.php?rest_route=%2Fwp%2Fv2%2Fmedia&parent=13375"}],"wp:term":[{"taxonomy":"product_cat","embeddable":true,"href":"https:\/\/baralivres.ma\/index.php?rest_route=%2Fwp%2Fv2%2Fproduct_cat&post=13375"},{"taxonomy":"product_tag","embeddable":true,"href":"https:\/\/baralivres.ma\/index.php?rest_route=%2Fwp%2Fv2%2Fproduct_tag&post=13375"}],"curies":[{"name":"wp","href":"https:\/\/api.w.org\/{rel}","templated":true}]}}