{"id":13361,"date":"2023-10-20T01:53:47","date_gmt":"2023-10-20T00:53:47","guid":{"rendered":"https:\/\/baralivres.ma\/?post_type=product&#038;p=13361"},"modified":"2023-10-20T01:53:47","modified_gmt":"2023-10-20T00:53:47","slug":"voeux-secrets","status":"publish","type":"product","link":"https:\/\/baralivres.ma\/?product=voeux-secrets","title":{"rendered":"V\u0153ux secrets"},"content":{"rendered":"<p>Avec ses deux filles parties et son mari tr\u00e8s occup\u00e9, Faith se sent subitement d\u00e9s\u0153uvr\u00e9e. Elle prend alors la d\u00e9cision de reprendre des \u00e9tudes, enfin d\u00e9termin\u00e9e \u00e0 poursuivre ses r\u00eaves.<\/p>\n","protected":false},"excerpt":{"rendered":"<p>Faith, ses filles parties et son mari d\u00e9bord\u00e9, d\u00e9cide enfin de reprendre des \u00e9tudes pour suivre ses r\u00eaves.<\/p>\n","protected":false},"featured_media":13363,"comment_status":"open","ping_status":"closed","template":"","meta":{"inline_featured_image":false},"product_cat":[204,143],"product_tag":[],"class_list":{"0":"post-13361","1":"product","2":"type-product","3":"status-publish","4":"has-post-thumbnail","6":"product_cat-francais","7":"product_cat-roman","8":"pa_auteurs-danielle-steel","10":"first","11":"instock","12":"shipping-taxable","13":"purchasable","14":"product-type-simple"},"_links":{"self":[{"href":"https:\/\/baralivres.ma\/index.php?rest_route=\/wp\/v2\/product\/13361","targetHints":{"allow":["GET"]}}],"collection":[{"href":"https:\/\/baralivres.ma\/index.php?rest_route=\/wp\/v2\/product"}],"about":[{"href":"https:\/\/baralivres.ma\/index.php?rest_route=\/wp\/v2\/types\/product"}],"replies":[{"embeddable":true,"href":"https:\/\/baralivres.ma\/index.php?rest_route=%2Fwp%2Fv2%2Fcomments&post=13361"}],"version-history":[{"count":1,"href":"https:\/\/baralivres.ma\/index.php?rest_route=\/wp\/v2\/product\/13361\/revisions"}],"predecessor-version":[{"id":13364,"href":"https:\/\/baralivres.ma\/index.php?rest_route=\/wp\/v2\/product\/13361\/revisions\/13364"}],"wp:featuredmedia":[{"embeddable":true,"href":"https:\/\/baralivres.ma\/index.php?rest_route=\/wp\/v2\/media\/13363"}],"wp:attachment":[{"href":"https:\/\/baralivres.ma\/index.php?rest_route=%2Fwp%2Fv2%2Fmedia&parent=13361"}],"wp:term":[{"taxonomy":"product_cat","embeddable":true,"href":"https:\/\/baralivres.ma\/index.php?rest_route=%2Fwp%2Fv2%2Fproduct_cat&post=13361"},{"taxonomy":"product_tag","embeddable":true,"href":"https:\/\/baralivres.ma\/index.php?rest_route=%2Fwp%2Fv2%2Fproduct_tag&post=13361"}],"curies":[{"name":"wp","href":"https:\/\/api.w.org\/{rel}","templated":true}]}}