{"id":13351,"date":"2023-10-20T00:55:47","date_gmt":"2023-10-19T23:55:47","guid":{"rendered":"https:\/\/baralivres.ma\/?post_type=product&#038;p=13351"},"modified":"2023-10-23T11:46:16","modified_gmt":"2023-10-23T10:46:16","slug":"star","status":"publish","type":"product","link":"https:\/\/baralivres.ma\/?product=star","title":{"rendered":"Star"},"content":{"rendered":"<p>Crystal Wyatt, adolescente r\u00eaveuse d&rsquo;un ranch en Californie du Nord, aspire \u00e0 Hollywood. Sa rencontre avec le s\u00e9duisant officier Spencer Hill les bouleverse tous les deux. Cependant, un drame les s\u00e9pare et Crystal doit fuir vers San Francisco, o\u00f9 elle entame une carri\u00e8re hollywoodienne fulgurante. Pendant ce temps, Spencer s&rsquo;\u00e9l\u00e8ve dans le monde politique \u00e0 Washington, mais ne parvient pas \u00e0 oublier Crystal malgr\u00e9 son mariage. Leur chemin se croisera \u00e0 plusieurs reprises, mais pourront-ils enfin vivre leur amour malgr\u00e9 les obstacles qui les s\u00e9parent ?<\/p>\n","protected":false},"excerpt":{"rendered":"<p>Crystal, jeune r\u00eaveuse de Californie devenue star d&rsquo;Hollywood, et Spencer, officier prometteur de Washington, voient leur amour perdurer malgr\u00e9 les circonstances et les mariages, se retrouvant \u00e0 plusieurs reprises.<\/p>\n","protected":false},"featured_media":13541,"comment_status":"open","ping_status":"closed","template":"","meta":{"inline_featured_image":false},"product_cat":[204,143],"product_tag":[],"class_list":{"0":"post-13351","1":"product","2":"type-product","3":"status-publish","4":"has-post-thumbnail","6":"product_cat-francais","7":"product_cat-roman","8":"pa_auteurs-danielle-steel","10":"first","11":"instock","12":"shipping-taxable","13":"purchasable","14":"product-type-simple"},"_links":{"self":[{"href":"https:\/\/baralivres.ma\/index.php?rest_route=\/wp\/v2\/product\/13351","targetHints":{"allow":["GET"]}}],"collection":[{"href":"https:\/\/baralivres.ma\/index.php?rest_route=\/wp\/v2\/product"}],"about":[{"href":"https:\/\/baralivres.ma\/index.php?rest_route=\/wp\/v2\/types\/product"}],"replies":[{"embeddable":true,"href":"https:\/\/baralivres.ma\/index.php?rest_route=%2Fwp%2Fv2%2Fcomments&post=13351"}],"version-history":[{"count":1,"href":"https:\/\/baralivres.ma\/index.php?rest_route=\/wp\/v2\/product\/13351\/revisions"}],"predecessor-version":[{"id":13353,"href":"https:\/\/baralivres.ma\/index.php?rest_route=\/wp\/v2\/product\/13351\/revisions\/13353"}],"wp:featuredmedia":[{"embeddable":true,"href":"https:\/\/baralivres.ma\/index.php?rest_route=\/wp\/v2\/media\/13541"}],"wp:attachment":[{"href":"https:\/\/baralivres.ma\/index.php?rest_route=%2Fwp%2Fv2%2Fmedia&parent=13351"}],"wp:term":[{"taxonomy":"product_cat","embeddable":true,"href":"https:\/\/baralivres.ma\/index.php?rest_route=%2Fwp%2Fv2%2Fproduct_cat&post=13351"},{"taxonomy":"product_tag","embeddable":true,"href":"https:\/\/baralivres.ma\/index.php?rest_route=%2Fwp%2Fv2%2Fproduct_tag&post=13351"}],"curies":[{"name":"wp","href":"https:\/\/api.w.org\/{rel}","templated":true}]}}