{"id":13329,"date":"2023-10-19T23:09:46","date_gmt":"2023-10-19T22:09:46","guid":{"rendered":"https:\/\/baralivres.ma\/?post_type=product&#038;p=13329"},"modified":"2023-10-19T23:09:46","modified_gmt":"2023-10-19T22:09:46","slug":"ghost-in-love","status":"publish","type":"product","link":"https:\/\/baralivres.ma\/?product=ghost-in-love","title":{"rendered":"Ghost in Love"},"content":{"rendered":"<p>Imaginez-vous face \u00e0 un dilemme extraordinaire : si un spectre myst\u00e9rieux venait \u00e0 surgir dans votre existence et sollicitait votre aide pour concr\u00e9tiser son v\u0153u le plus profond, seriez-vous dispos\u00e9 \u00e0 vous embarquer avec lui vers une destination lointaine, au risque de para\u00eetre excentrique aux yeux du monde ? Et que se passerait-il si ce spectre s&rsquo;av\u00e9rait \u00eatre votre propre p\u00e8re ?<\/p>\n<p>Thomas, un virtuose du piano, se voit entra\u00een\u00e9 dans une aventure extraordinaire : une promesse, un p\u00e9riple pour rattraper le temps perdu, et une rencontre totalement inattendue&#8230; Dans le sillage des plus belles \u0153uvres de Frank Capra et Billy Wilder, \u00ab\u00a0Ghost in Love\u00a0\u00bb suscite en nous l&rsquo;envie de croire aux miracles.<\/p>\n","protected":false},"excerpt":{"rendered":"<p>Thomas, pianiste, aide son p\u00e8re fant\u00f4me \u00e0 r\u00e9aliser son v\u0153u. \u00ab\u00a0Ghost in Love\u00a0\u00bb \u00e9voque la magie des rencontres inattendues.<\/p>\n","protected":false},"featured_media":13330,"comment_status":"open","ping_status":"closed","template":"","meta":{"inline_featured_image":false},"product_cat":[204,143],"product_tag":[],"class_list":{"0":"post-13329","1":"product","2":"type-product","3":"status-publish","4":"has-post-thumbnail","6":"product_cat-francais","7":"product_cat-roman","8":"pa_auteurs-marc-levy","10":"first","11":"instock","12":"shipping-taxable","13":"purchasable","14":"product-type-simple"},"_links":{"self":[{"href":"https:\/\/baralivres.ma\/index.php?rest_route=\/wp\/v2\/product\/13329","targetHints":{"allow":["GET"]}}],"collection":[{"href":"https:\/\/baralivres.ma\/index.php?rest_route=\/wp\/v2\/product"}],"about":[{"href":"https:\/\/baralivres.ma\/index.php?rest_route=\/wp\/v2\/types\/product"}],"replies":[{"embeddable":true,"href":"https:\/\/baralivres.ma\/index.php?rest_route=%2Fwp%2Fv2%2Fcomments&post=13329"}],"version-history":[{"count":1,"href":"https:\/\/baralivres.ma\/index.php?rest_route=\/wp\/v2\/product\/13329\/revisions"}],"predecessor-version":[{"id":13331,"href":"https:\/\/baralivres.ma\/index.php?rest_route=\/wp\/v2\/product\/13329\/revisions\/13331"}],"wp:featuredmedia":[{"embeddable":true,"href":"https:\/\/baralivres.ma\/index.php?rest_route=\/wp\/v2\/media\/13330"}],"wp:attachment":[{"href":"https:\/\/baralivres.ma\/index.php?rest_route=%2Fwp%2Fv2%2Fmedia&parent=13329"}],"wp:term":[{"taxonomy":"product_cat","embeddable":true,"href":"https:\/\/baralivres.ma\/index.php?rest_route=%2Fwp%2Fv2%2Fproduct_cat&post=13329"},{"taxonomy":"product_tag","embeddable":true,"href":"https:\/\/baralivres.ma\/index.php?rest_route=%2Fwp%2Fv2%2Fproduct_tag&post=13329"}],"curies":[{"name":"wp","href":"https:\/\/api.w.org\/{rel}","templated":true}]}}