{"id":13326,"date":"2023-10-19T22:52:59","date_gmt":"2023-10-19T21:52:59","guid":{"rendered":"https:\/\/baralivres.ma\/?post_type=product&#038;p=13326"},"modified":"2023-10-19T22:53:00","modified_gmt":"2023-10-19T21:53:00","slug":"le-voleur-dombres","status":"publish","type":"product","link":"https:\/\/baralivres.ma\/?product=le-voleur-dombres","title":{"rendered":"Le Voleur d&rsquo;ombres"},"content":{"rendered":"<p>Et si l&rsquo;adulte que vous \u00eates aujourd&rsquo;hui rencontrait l&rsquo;enfant que vous \u00e9tiez autrefois ?<\/p>\n<p>Lorsqu&rsquo;il \u00e9tait enfant, il avait le don de capter les ombres des personnes qu&rsquo;il croisait, et chaque ombre lui r\u00e9v\u00e9lait un secret. Malgr\u00e9 lui, il \u00e9tait t\u00e9moin des r\u00eaves, des espoirs et des peines de ceux qu&rsquo;il ch\u00e9rissait. Comment devait-il utiliser ce pouvoir \u00e9trange ?<\/p>\n<p>Quelques ann\u00e9es plus tard, ce \u00ab\u00a0voleur d&rsquo;ombres\u00a0\u00bb a poursuivi des \u00e9tudes de m\u00e9decine. \u00c9tait-il toujours capable de percevoir ce qui pourrait rendre ses proches heureux, notamment Sophie, sa camarade d&rsquo;\u00e9tudes en m\u00e9decine, et Luc, son meilleur ami, qui aspirait \u00e0 un changement de vie ? Et lui-m\u00eame, \u00e9tait-il conscient de l&rsquo;endroit o\u00f9 le bonheur l&rsquo;attendait ?<\/p>\n<p>C&rsquo;est une histoire d&rsquo;amour multiple, qui explore l&rsquo;amour maternel, le premier amour inoubliable, les amours qui se terminent, ainsi qu&rsquo;une amiti\u00e9 qui perdure \u00e0 travers les ann\u00e9es. Le \u00ab\u00a0Voleur d&rsquo;ombres\u00a0\u00bb raconte une histoire d&rsquo;amour sous toutes ses formes.<\/p>\n","protected":false},"excerpt":{"rendered":"<div class=\"group w-full text-token-text-primary border-b border-black\/10 gizmo:border-0 dark:border-gray-900\/50 gizmo:dark:border-0 bg-gray-50 gizmo:bg-transparent dark:bg-[#444654] gizmo:dark:bg-transparent\" data-testid=\"conversation-turn-11\">\n<div class=\"p-4 justify-center text-base md:gap-6 md:py-6 m-auto\">\n<div class=\"flex flex-1 gap-4 text-base mx-auto md:gap-6 gizmo:gap-3 gizmo:md:px-5 gizmo:lg:px-1 gizmo:xl:px-5 md:max-w-2xl lg:max-w-[38rem] gizmo:md:max-w-3xl gizmo:lg:max-w-[40rem] gizmo:xl:max-w-[48rem] xl:max-w-3xl }\">\n<div class=\"relative flex w-[calc(100%-50px)] flex-col gizmo:w-full lg:w-[calc(100%-115px)] agent-turn\">\n<div class=\"flex-col gap-1 md:gap-3\">\n<div class=\"flex flex-grow flex-col gap-3 max-w-full\">\n<div class=\"min-h-[20px] flex flex-col items-start gap-3 whitespace-pre-wrap break-words overflow-x-auto\">\n<div class=\"markdown prose w-full break-words dark:prose-invert dark\">\n<p>Un adulte capable de lire les secrets des autres \u00e0 travers leurs ombres poursuit ses \u00e9tudes de m\u00e9decine tout en cherchant le bonheur et vivant diff\u00e9rentes histoires d&rsquo;amour et d&rsquo;amiti\u00e9.<\/p>\n<\/div>\n<\/div>\n<\/div>\n<\/div>\n<\/div>\n<\/div>\n<\/div>\n<\/div>\n","protected":false},"featured_media":13327,"comment_status":"open","ping_status":"closed","template":"","meta":{"inline_featured_image":false},"product_cat":[204,143],"product_tag":[],"class_list":{"0":"post-13326","1":"product","2":"type-product","3":"status-publish","4":"has-post-thumbnail","6":"product_cat-francais","7":"product_cat-roman","8":"pa_auteurs-marc-levy","10":"first","11":"instock","12":"shipping-taxable","13":"purchasable","14":"product-type-simple"},"_links":{"self":[{"href":"https:\/\/baralivres.ma\/index.php?rest_route=\/wp\/v2\/product\/13326","targetHints":{"allow":["GET"]}}],"collection":[{"href":"https:\/\/baralivres.ma\/index.php?rest_route=\/wp\/v2\/product"}],"about":[{"href":"https:\/\/baralivres.ma\/index.php?rest_route=\/wp\/v2\/types\/product"}],"replies":[{"embeddable":true,"href":"https:\/\/baralivres.ma\/index.php?rest_route=%2Fwp%2Fv2%2Fcomments&post=13326"}],"version-history":[{"count":1,"href":"https:\/\/baralivres.ma\/index.php?rest_route=\/wp\/v2\/product\/13326\/revisions"}],"predecessor-version":[{"id":13328,"href":"https:\/\/baralivres.ma\/index.php?rest_route=\/wp\/v2\/product\/13326\/revisions\/13328"}],"wp:featuredmedia":[{"embeddable":true,"href":"https:\/\/baralivres.ma\/index.php?rest_route=\/wp\/v2\/media\/13327"}],"wp:attachment":[{"href":"https:\/\/baralivres.ma\/index.php?rest_route=%2Fwp%2Fv2%2Fmedia&parent=13326"}],"wp:term":[{"taxonomy":"product_cat","embeddable":true,"href":"https:\/\/baralivres.ma\/index.php?rest_route=%2Fwp%2Fv2%2Fproduct_cat&post=13326"},{"taxonomy":"product_tag","embeddable":true,"href":"https:\/\/baralivres.ma\/index.php?rest_route=%2Fwp%2Fv2%2Fproduct_tag&post=13326"}],"curies":[{"name":"wp","href":"https:\/\/api.w.org\/{rel}","templated":true}]}}