{"id":13323,"date":"2023-10-19T22:38:44","date_gmt":"2023-10-19T21:38:44","guid":{"rendered":"https:\/\/baralivres.ma\/?post_type=product&#038;p=13323"},"modified":"2023-10-19T22:38:45","modified_gmt":"2023-10-19T21:38:45","slug":"vous-revoir","status":"publish","type":"product","link":"https:\/\/baralivres.ma\/?product=vous-revoir","title":{"rendered":"Vous revoir"},"content":{"rendered":"<p>Si une nouvelle opportunit\u00e9 se pr\u00e9sentait dans leur vie, seraient-ils pr\u00eats \u00e0 prendre tous les risques pour la saisir ? Quatre ans apr\u00e8s leur premi\u00e8re rencontre, le destin r\u00e9unit \u00e0 nouveau Arthur et Lauren, les deux protagonistes inoubliables d&rsquo;Et si c&rsquo;\u00e9tait vrai&#8230;<\/p>\n<p>Marc Levy revisite les personnages de son premier livre et nous plonge dans une toute nouvelle aventure, m\u00ealant humour et rebondissements impr\u00e9vus.<\/p>\n","protected":false},"excerpt":{"rendered":"<p>Arthur et Lauren se r\u00e9unissent pour une nouvelle aventure pleine d&rsquo;humour et de surprises, dans le livre de Marc Levy.<\/p>\n","protected":false},"featured_media":13324,"comment_status":"open","ping_status":"closed","template":"","meta":{"inline_featured_image":false},"product_cat":[204,143],"product_tag":[],"class_list":{"0":"post-13323","1":"product","2":"type-product","3":"status-publish","4":"has-post-thumbnail","6":"product_cat-francais","7":"product_cat-roman","8":"pa_auteurs-marc-levy","10":"first","11":"instock","12":"shipping-taxable","13":"purchasable","14":"product-type-simple"},"_links":{"self":[{"href":"https:\/\/baralivres.ma\/index.php?rest_route=\/wp\/v2\/product\/13323","targetHints":{"allow":["GET"]}}],"collection":[{"href":"https:\/\/baralivres.ma\/index.php?rest_route=\/wp\/v2\/product"}],"about":[{"href":"https:\/\/baralivres.ma\/index.php?rest_route=\/wp\/v2\/types\/product"}],"replies":[{"embeddable":true,"href":"https:\/\/baralivres.ma\/index.php?rest_route=%2Fwp%2Fv2%2Fcomments&post=13323"}],"version-history":[{"count":1,"href":"https:\/\/baralivres.ma\/index.php?rest_route=\/wp\/v2\/product\/13323\/revisions"}],"predecessor-version":[{"id":13325,"href":"https:\/\/baralivres.ma\/index.php?rest_route=\/wp\/v2\/product\/13323\/revisions\/13325"}],"wp:featuredmedia":[{"embeddable":true,"href":"https:\/\/baralivres.ma\/index.php?rest_route=\/wp\/v2\/media\/13324"}],"wp:attachment":[{"href":"https:\/\/baralivres.ma\/index.php?rest_route=%2Fwp%2Fv2%2Fmedia&parent=13323"}],"wp:term":[{"taxonomy":"product_cat","embeddable":true,"href":"https:\/\/baralivres.ma\/index.php?rest_route=%2Fwp%2Fv2%2Fproduct_cat&post=13323"},{"taxonomy":"product_tag","embeddable":true,"href":"https:\/\/baralivres.ma\/index.php?rest_route=%2Fwp%2Fv2%2Fproduct_tag&post=13323"}],"curies":[{"name":"wp","href":"https:\/\/api.w.org\/{rel}","templated":true}]}}